{"id":656,"date":"2025-09-01T18:04:12","date_gmt":"2025-09-01T16:04:12","guid":{"rendered":"https:\/\/ercartomattoshop.com\/?post_type=product&#038;p=656"},"modified":"2026-04-14T08:41:12","modified_gmt":"2026-04-14T06:41:12","slug":"evidenziatore-stabilo-boss-dolce-gabbana","status":"publish","type":"product","link":"https:\/\/ercartomattoshop.com\/index.php\/prodotto\/evidenziatore-stabilo-boss-dolce-gabbana\/","title":{"rendered":"Evidenziatore Stabilo BOSS Original Dolce &#038; Gabbana \u2013 Edizione Speciale Design Premium"},"content":{"rendered":"","protected":false},"excerpt":{"rendered":"<h3 data-section-id=\"11rakf5\" data-start=\"3671\" data-end=\"3719\">Evidenziatore Stabilo Boss Dolce &amp; Gabbana<\/h3>\n<p data-start=\"3720\" data-end=\"4156\"><strong data-start=\"3720\" data-end=\"3786\">Design esclusivo e prestazioni professionali per ogni esigenza<\/strong><br data-start=\"3786\" data-end=\"3789\" \/>L\u2019evidenziatore Stabilo Boss Original Dolce &amp; Gabbana \u00e8 perfetto per chi cerca qualit\u00e0 e stile. Infatti, offre una scrittura fluida e colori intensi. Inoltre, \u00e8 ideale per studio, lavoro e organizzazione. Per questo motivo, rappresenta una soluzione completa. Di conseguenza, migliora l\u2019esperienza quotidiana. Inoltre, grazie al design unico, si distingue facilmente.<\/p>\n<p data-start=\"4158\" data-end=\"4178\"><strong data-start=\"4158\" data-end=\"4178\">Caratteristiche:<\/strong><\/p>\n<ul data-start=\"4179\" data-end=\"4525\">\n<li data-section-id=\"1auh05y\" data-start=\"4179\" data-end=\"4234\">Evidenziatore Stabilo Boss Original Dolce &amp; Gabbana<\/li>\n<li data-section-id=\"ju47dj\" data-start=\"4235\" data-end=\"4266\">Punta a scalpello versatile<\/li>\n<li data-section-id=\"uudtw0\" data-start=\"4267\" data-end=\"4296\">Colori intensi e visibili<\/li>\n<li data-section-id=\"1b55kso\" data-start=\"4297\" data-end=\"4322\">Inchiostro resistente<\/li>\n<li data-section-id=\"bi9qwv\" data-start=\"4323\" data-end=\"4357\">Design firmato Dolce &amp; Gabbana<\/li>\n<li data-section-id=\"iojfd7\" data-start=\"4358\" data-end=\"4398\">Ideale per studenti e professionisti<\/li>\n<li data-section-id=\"1wq1zht\" data-start=\"4399\" data-end=\"4437\">Utilizzo prolungato senza seccarsi<\/li>\n<li data-section-id=\"1goc4rt\" data-start=\"4438\" data-end=\"4462\">Ergonomico e pratico<\/li>\n<li data-section-id=\"1wxahev\" data-start=\"4463\" data-end=\"4494\">Adatto a ogni tipo di carta<\/li>\n<li data-section-id=\"3xc49g\" data-start=\"4495\" data-end=\"4525\">Perfetto anche come regalo<\/li>\n<\/ul>\n","protected":false},"featured_media":717,"template":"","meta":{"_acf_changed":false,"jetpack_publicize_message":"Evidenziatore Stabilo Boss Dolce & Gabbana: qualit\u00e0 professionale, colori brillanti e design esclusivo per studio, lavoro e creativit\u00e0.","jetpack_publicize_feature_enabled":true,"jetpack_social_post_already_shared":false,"jetpack_social_options":{"image_generator_settings":{"template":"highway","default_image_id":0,"font":"","enabled":false},"version":2}},"product_brand":[],"product_cat":[61,87,84,88],"product_tag":[456,455,457,453,447,454,458],"class_list":{"0":"post-656","1":"product","2":"type-product","3":"status-publish","4":"has-post-thumbnail","6":"product_cat-cartoleria","7":"product_cat-evidenziatore","8":"product_cat-idea-regalo","9":"product_cat-stabilo","10":"product_tag-cancelleria-premium","11":"product_tag-evidenziatore-design","12":"product_tag-evidenziatore-professionale","13":"product_tag-evidenziatore-stabilo","14":"product_tag-evidenziatori-scuola","15":"product_tag-stabilo-boss-dolce-gabbana","16":"product_tag-stabilo-boss-originale","18":"first","19":"instock","20":"sale","21":"purchasable","22":"product-type-simple"},"acf":[],"yoast_head":"<!-- This site is optimized with the Yoast SEO Premium plugin v27.4 (Yoast SEO v27.4) - https:\/\/yoast.com\/product\/yoast-seo-premium-wordpress\/ -->\n<title>Evidenziatore Stabilo Boss Dolce &amp; Gabbana | Design Esclusivo - Er Cartomatto Shop<\/title>\n<meta name=\"description\" content=\"Scopri l\u2019evidenziatore Stabilo Boss Dolce &amp; Gabbana: design esclusivo, colori brillanti e qualit\u00e0 professionale per studio e lavoro.\" \/>\n<meta name=\"robots\" content=\"index, follow, max-snippet:-1, max-image-preview:large, max-video-preview:-1\" \/>\n<link rel=\"canonical\" href=\"https:\/\/ercartomattoshop.com\/index.php\/prodotto\/evidenziatore-stabilo-boss-dolce-gabbana\/\" \/>\n<meta property=\"og:locale\" content=\"it_IT\" \/>\n<meta property=\"og:type\" content=\"article\" \/>\n<meta property=\"og:title\" content=\"Evidenziatore Stabilo Boss Dolce &amp; Gabbana\" \/>\n<meta property=\"og:description\" content=\"Un evidenziatore unico che unisce stile e qualit\u00e0. Scopri la versione esclusiva firmata Dolce &amp; Gabbana.\" \/>\n<meta property=\"og:url\" content=\"https:\/\/ercartomattoshop.com\/index.php\/prodotto\/evidenziatore-stabilo-boss-dolce-gabbana\/\" \/>\n<meta property=\"og:site_name\" content=\"Er Cartomatto Shop\" \/>\n<meta property=\"article:modified_time\" content=\"2026-04-14T06:41:12+00:00\" \/>\n<meta property=\"og:image\" content=\"https:\/\/ercartomattoshop.com\/wp-content\/uploads\/2024\/10\/ERCARTOMATTO-STABILO-BOSS-DOLCEEGABBANA.jpg\" \/>\n\t<meta property=\"og:image:width\" content=\"1200\" \/>\n\t<meta property=\"og:image:height\" content=\"630\" \/>\n\t<meta property=\"og:image:type\" content=\"image\/jpeg\" \/>\n<meta name=\"twitter:card\" content=\"summary_large_image\" \/>\n<meta name=\"twitter:title\" content=\"Evidenziatore Stabilo BOSS Original Dolce &amp; Gabbana \u2013 Edizione Speciale Design Premium\" \/>\n<meta name=\"twitter:label1\" content=\"Prezzo\" \/>\n\t<meta name=\"twitter:data1\" content=\"25,00&nbsp;&euro;\" \/>\n\t<meta name=\"twitter:label2\" content=\"Disponibilit\u00e0\" \/>\n\t<meta name=\"twitter:data2\" content=\"In stock\" \/>\n<script type=\"application\/ld+json\" class=\"yoast-schema-graph\">{\"@context\":\"https:\\\/\\\/schema.org\",\"@graph\":[{\"@type\":\"WebPage\",\"@id\":\"https:\\\/\\\/ercartomattoshop.com\\\/index.php\\\/prodotto\\\/evidenziatore-stabilo-boss-dolce-gabbana\\\/\",\"url\":\"https:\\\/\\\/ercartomattoshop.com\\\/index.php\\\/prodotto\\\/evidenziatore-stabilo-boss-dolce-gabbana\\\/\",\"name\":\"Evidenziatore Stabilo Boss Dolce & Gabbana | Design Esclusivo - Er Cartomatto Shop\",\"isPartOf\":{\"@id\":\"https:\\\/\\\/ercartomattoshop.com\\\/#website\"},\"primaryImageOfPage\":{\"@id\":\"https:\\\/\\\/ercartomattoshop.com\\\/index.php\\\/prodotto\\\/evidenziatore-stabilo-boss-dolce-gabbana\\\/#primaryimage\"},\"image\":{\"@id\":\"https:\\\/\\\/ercartomattoshop.com\\\/index.php\\\/prodotto\\\/evidenziatore-stabilo-boss-dolce-gabbana\\\/#primaryimage\"},\"thumbnailUrl\":\"https:\\\/\\\/ercartomattoshop.com\\\/wp-content\\\/uploads\\\/2024\\\/10\\\/ERCARTOMATTO-STABILO-BOSS-DOLCEEGABBANA.jpg\",\"datePublished\":\"2025-09-01T16:04:12+00:00\",\"dateModified\":\"2026-04-14T06:41:12+00:00\",\"description\":\"Scopri l\u2019evidenziatore Stabilo Boss Dolce & Gabbana: design esclusivo, colori brillanti e qualit\u00e0 professionale per studio e lavoro.\",\"breadcrumb\":{\"@id\":\"https:\\\/\\\/ercartomattoshop.com\\\/index.php\\\/prodotto\\\/evidenziatore-stabilo-boss-dolce-gabbana\\\/#breadcrumb\"},\"inLanguage\":\"it-IT\",\"potentialAction\":[{\"@type\":\"ReadAction\",\"target\":[\"https:\\\/\\\/ercartomattoshop.com\\\/index.php\\\/prodotto\\\/evidenziatore-stabilo-boss-dolce-gabbana\\\/\"]}]},{\"@type\":\"ImageObject\",\"inLanguage\":\"it-IT\",\"@id\":\"https:\\\/\\\/ercartomattoshop.com\\\/index.php\\\/prodotto\\\/evidenziatore-stabilo-boss-dolce-gabbana\\\/#primaryimage\",\"url\":\"https:\\\/\\\/ercartomattoshop.com\\\/wp-content\\\/uploads\\\/2024\\\/10\\\/ERCARTOMATTO-STABILO-BOSS-DOLCEEGABBANA.jpg\",\"contentUrl\":\"https:\\\/\\\/ercartomattoshop.com\\\/wp-content\\\/uploads\\\/2024\\\/10\\\/ERCARTOMATTO-STABILO-BOSS-DOLCEEGABBANA.jpg\",\"width\":1200,\"height\":630,\"caption\":\"Evidenziatore Dolce e Gabbana: Set Esclusivo Limited Edition\"},{\"@type\":\"BreadcrumbList\",\"@id\":\"https:\\\/\\\/ercartomattoshop.com\\\/index.php\\\/prodotto\\\/evidenziatore-stabilo-boss-dolce-gabbana\\\/#breadcrumb\",\"itemListElement\":[{\"@type\":\"ListItem\",\"position\":1,\"name\":\"Home\",\"item\":\"https:\\\/\\\/ercartomattoshop.com\\\/\"},{\"@type\":\"ListItem\",\"position\":2,\"name\":\"Er Cartomatto Shop: VETRINA PRODOTTI\",\"item\":\"https:\\\/\\\/ercartomattoshop.com\\\/index.php\\\/vetrina-prodotti-completa\\\/\"},{\"@type\":\"ListItem\",\"position\":3,\"name\":\"Evidenziatore Stabilo BOSS Original Dolce &#038; Gabbana \u2013 Edizione Speciale Design Premium\"}]},{\"@type\":\"WebSite\",\"@id\":\"https:\\\/\\\/ercartomattoshop.com\\\/#website\",\"url\":\"https:\\\/\\\/ercartomattoshop.com\\\/\",\"name\":\"Er Cartomatto Shop\",\"description\":\"\",\"publisher\":{\"@id\":\"https:\\\/\\\/ercartomattoshop.com\\\/#organization\"},\"potentialAction\":[{\"@type\":\"SearchAction\",\"target\":{\"@type\":\"EntryPoint\",\"urlTemplate\":\"https:\\\/\\\/ercartomattoshop.com\\\/?s={search_term_string}\"},\"query-input\":{\"@type\":\"PropertyValueSpecification\",\"valueRequired\":true,\"valueName\":\"search_term_string\"}}],\"inLanguage\":\"it-IT\"},{\"@type\":\"Organization\",\"@id\":\"https:\\\/\\\/ercartomattoshop.com\\\/#organization\",\"name\":\"Er Cartomatto Shop\",\"url\":\"https:\\\/\\\/ercartomattoshop.com\\\/\",\"logo\":{\"@type\":\"ImageObject\",\"inLanguage\":\"it-IT\",\"@id\":\"https:\\\/\\\/ercartomattoshop.com\\\/#\\\/schema\\\/logo\\\/image\\\/\",\"url\":\"https:\\\/\\\/ercartomattoshop.com\\\/wp-content\\\/uploads\\\/2024\\\/03\\\/cropped-cropped-ERCARTOMATTO-LOGOTRASPARENTE-1.png\",\"contentUrl\":\"https:\\\/\\\/ercartomattoshop.com\\\/wp-content\\\/uploads\\\/2024\\\/03\\\/cropped-cropped-ERCARTOMATTO-LOGOTRASPARENTE-1.png\",\"width\":381,\"height\":354,\"caption\":\"Er Cartomatto Shop\"},\"image\":{\"@id\":\"https:\\\/\\\/ercartomattoshop.com\\\/#\\\/schema\\\/logo\\\/image\\\/\"}}]}<\/script>\n<meta property=\"product:brand\" content=\"idea regalo\" \/>\n<meta property=\"product:price:amount\" content=\"25.00\" \/>\n<meta property=\"product:price:currency\" content=\"EUR\" \/>\n<meta property=\"og:availability\" content=\"instock\" \/>\n<meta property=\"product:availability\" content=\"instock\" \/>\n<meta property=\"product:retailer_item_id\" content=\"stabilo-evidenziatore-boss-original-x-dolcegabbana-edizione-limitata\" \/>\n<meta property=\"product:condition\" content=\"new\" \/>\n<!-- \/ Yoast SEO Premium plugin. -->","yoast_head_json":{"title":"Evidenziatore Stabilo Boss Dolce & Gabbana | Design Esclusivo - Er Cartomatto Shop","description":"Scopri l\u2019evidenziatore Stabilo Boss Dolce & Gabbana: design esclusivo, colori brillanti e qualit\u00e0 professionale per studio e lavoro.","robots":{"index":"index","follow":"follow","max-snippet":"max-snippet:-1","max-image-preview":"max-image-preview:large","max-video-preview":"max-video-preview:-1"},"canonical":"https:\/\/ercartomattoshop.com\/index.php\/prodotto\/evidenziatore-stabilo-boss-dolce-gabbana\/","og_locale":"it_IT","og_type":"article","og_title":"Evidenziatore Stabilo Boss Dolce & Gabbana","og_description":"Un evidenziatore unico che unisce stile e qualit\u00e0. Scopri la versione esclusiva firmata Dolce & Gabbana.","og_url":"https:\/\/ercartomattoshop.com\/index.php\/prodotto\/evidenziatore-stabilo-boss-dolce-gabbana\/","og_site_name":"Er Cartomatto Shop","article_modified_time":"2026-04-14T06:41:12+00:00","og_image":[{"width":1200,"height":630,"url":"https:\/\/ercartomattoshop.com\/wp-content\/uploads\/2024\/10\/ERCARTOMATTO-STABILO-BOSS-DOLCEEGABBANA.jpg","type":"image\/jpeg"}],"twitter_card":"summary_large_image","twitter_title":"Evidenziatore Stabilo BOSS Original Dolce & Gabbana \u2013 Edizione Speciale Design Premium","twitter_misc":{"Prezzo":"25,00&nbsp;&euro;","Disponibilit\u00e0":"In stock"},"schema":{"@context":"https:\/\/schema.org","@graph":[{"@type":"WebPage","@id":"https:\/\/ercartomattoshop.com\/index.php\/prodotto\/evidenziatore-stabilo-boss-dolce-gabbana\/","url":"https:\/\/ercartomattoshop.com\/index.php\/prodotto\/evidenziatore-stabilo-boss-dolce-gabbana\/","name":"Evidenziatore Stabilo Boss Dolce & Gabbana | Design Esclusivo - Er Cartomatto Shop","isPartOf":{"@id":"https:\/\/ercartomattoshop.com\/#website"},"primaryImageOfPage":{"@id":"https:\/\/ercartomattoshop.com\/index.php\/prodotto\/evidenziatore-stabilo-boss-dolce-gabbana\/#primaryimage"},"image":{"@id":"https:\/\/ercartomattoshop.com\/index.php\/prodotto\/evidenziatore-stabilo-boss-dolce-gabbana\/#primaryimage"},"thumbnailUrl":"https:\/\/ercartomattoshop.com\/wp-content\/uploads\/2024\/10\/ERCARTOMATTO-STABILO-BOSS-DOLCEEGABBANA.jpg","datePublished":"2025-09-01T16:04:12+00:00","dateModified":"2026-04-14T06:41:12+00:00","description":"Scopri l\u2019evidenziatore Stabilo Boss Dolce & Gabbana: design esclusivo, colori brillanti e qualit\u00e0 professionale per studio e lavoro.","breadcrumb":{"@id":"https:\/\/ercartomattoshop.com\/index.php\/prodotto\/evidenziatore-stabilo-boss-dolce-gabbana\/#breadcrumb"},"inLanguage":"it-IT","potentialAction":[{"@type":"ReadAction","target":["https:\/\/ercartomattoshop.com\/index.php\/prodotto\/evidenziatore-stabilo-boss-dolce-gabbana\/"]}]},{"@type":"ImageObject","inLanguage":"it-IT","@id":"https:\/\/ercartomattoshop.com\/index.php\/prodotto\/evidenziatore-stabilo-boss-dolce-gabbana\/#primaryimage","url":"https:\/\/ercartomattoshop.com\/wp-content\/uploads\/2024\/10\/ERCARTOMATTO-STABILO-BOSS-DOLCEEGABBANA.jpg","contentUrl":"https:\/\/ercartomattoshop.com\/wp-content\/uploads\/2024\/10\/ERCARTOMATTO-STABILO-BOSS-DOLCEEGABBANA.jpg","width":1200,"height":630,"caption":"Evidenziatore Dolce e Gabbana: Set Esclusivo Limited Edition"},{"@type":"BreadcrumbList","@id":"https:\/\/ercartomattoshop.com\/index.php\/prodotto\/evidenziatore-stabilo-boss-dolce-gabbana\/#breadcrumb","itemListElement":[{"@type":"ListItem","position":1,"name":"Home","item":"https:\/\/ercartomattoshop.com\/"},{"@type":"ListItem","position":2,"name":"Er Cartomatto Shop: VETRINA PRODOTTI","item":"https:\/\/ercartomattoshop.com\/index.php\/vetrina-prodotti-completa\/"},{"@type":"ListItem","position":3,"name":"Evidenziatore Stabilo BOSS Original Dolce &#038; Gabbana \u2013 Edizione Speciale Design Premium"}]},{"@type":"WebSite","@id":"https:\/\/ercartomattoshop.com\/#website","url":"https:\/\/ercartomattoshop.com\/","name":"Er Cartomatto Shop","description":"","publisher":{"@id":"https:\/\/ercartomattoshop.com\/#organization"},"potentialAction":[{"@type":"SearchAction","target":{"@type":"EntryPoint","urlTemplate":"https:\/\/ercartomattoshop.com\/?s={search_term_string}"},"query-input":{"@type":"PropertyValueSpecification","valueRequired":true,"valueName":"search_term_string"}}],"inLanguage":"it-IT"},{"@type":"Organization","@id":"https:\/\/ercartomattoshop.com\/#organization","name":"Er Cartomatto Shop","url":"https:\/\/ercartomattoshop.com\/","logo":{"@type":"ImageObject","inLanguage":"it-IT","@id":"https:\/\/ercartomattoshop.com\/#\/schema\/logo\/image\/","url":"https:\/\/ercartomattoshop.com\/wp-content\/uploads\/2024\/03\/cropped-cropped-ERCARTOMATTO-LOGOTRASPARENTE-1.png","contentUrl":"https:\/\/ercartomattoshop.com\/wp-content\/uploads\/2024\/03\/cropped-cropped-ERCARTOMATTO-LOGOTRASPARENTE-1.png","width":381,"height":354,"caption":"Er Cartomatto Shop"},"image":{"@id":"https:\/\/ercartomattoshop.com\/#\/schema\/logo\/image\/"}}]},"product_brand":"idea regalo","product_price_amount":"25.00","product_price_currency":"EUR","og_availability":"instock","product_availability":"instock","product_retailer_item_id":"stabilo-evidenziatore-boss-original-x-dolcegabbana-edizione-limitata","product_condition":"new"},"jetpack_publicize_connections":[],"_links":{"self":[{"href":"https:\/\/ercartomattoshop.com\/index.php\/wp-json\/wp\/v2\/product\/656","targetHints":{"allow":["GET"]}}],"collection":[{"href":"https:\/\/ercartomattoshop.com\/index.php\/wp-json\/wp\/v2\/product"}],"about":[{"href":"https:\/\/ercartomattoshop.com\/index.php\/wp-json\/wp\/v2\/types\/product"}],"wp:featuredmedia":[{"embeddable":true,"href":"https:\/\/ercartomattoshop.com\/index.php\/wp-json\/wp\/v2\/media\/717"}],"wp:attachment":[{"href":"https:\/\/ercartomattoshop.com\/index.php\/wp-json\/wp\/v2\/media?parent=656"}],"wp:term":[{"taxonomy":"product_brand","embeddable":true,"href":"https:\/\/ercartomattoshop.com\/index.php\/wp-json\/wp\/v2\/product_brand?post=656"},{"taxonomy":"product_cat","embeddable":true,"href":"https:\/\/ercartomattoshop.com\/index.php\/wp-json\/wp\/v2\/product_cat?post=656"},{"taxonomy":"product_tag","embeddable":true,"href":"https:\/\/ercartomattoshop.com\/index.php\/wp-json\/wp\/v2\/product_tag?post=656"}],"curies":[{"name":"wp","href":"https:\/\/api.w.org\/{rel}","templated":true}]}}