{"id":652,"date":"2024-10-02T18:24:16","date_gmt":"2024-10-02T17:24:16","guid":{"rendered":"https:\/\/ercartomattoshop.com\/?post_type=product&#038;p=652"},"modified":"2024-12-28T17:26:29","modified_gmt":"2024-12-28T16:26:29","slug":"skyline-color-tinta-unita-art-box-premium-144-colori","status":"publish","type":"product","link":"https:\/\/ercartomattoshop.com\/index.php\/prodotto\/skyline-color-tinta-unita-art-box-premium-144-colori\/","title":{"rendered":"Skyline Color Tinta Unita Art Box Premium &#8211; 144 Colori"},"content":{"rendered":"\r\n<h2>Il Set Completo per la tua Creativit\u00e0<\/h2>\r\n<p><strong>L&#8217;astuccio Skyline Color Tinta Unita Art Box Premium<\/strong> che contiene tutti i colori che puoi immaginare! Comodo, resistente e dotato di una tracolla removibile, \u00e8 il compagno perfetto per creativi di ogni et\u00e0. Portalo ovunque tu voglia e libera la tua fantasia con gli strumenti di alta qualit\u00e0 che troverai al suo interno!<\/p>\r\n<h2>Cosa Trovi Nella Skyline Color Art Box Premium?<\/h2>\r\n<p>Questo esclusivo set include tutto ci\u00f2 di cui hai bisogno per esprimere al meglio la tua arte:<\/p>\r\n<ul>\r\n<li><strong>108 pastelli Tinta Unita<\/strong> (mina 4.2 mm)<\/li>\r\n<li><strong>10 pastelli Multicolor<\/strong> (mina 4.2 mm)<\/li>\r\n<li><strong>2 matite HB Architetto<\/strong><\/li>\r\n<li><strong>24 pennarelli Brush Bi Punta Tinta Unita<\/strong><\/li>\r\n<li><strong>1 temperino a foro singolo<\/strong><\/li>\r\n<\/ul>\r\n<p>Offre <strong>pi\u00f9 di 140 strumenti<\/strong> per dipingere, colorare e disegnare senza limiti. I nuovi pastelli Multicolor cambiano colore mentre disegni, aggiungendo un tocco speciale alle tue creazioni!<\/p>\r\n<h2>Praticit\u00e0 e Stile per Ogni Artista<\/h2>\r\n<p>E&#8217; progettata per essere estremamente funzionale. Dotata di una tasca posteriore con cerniera, \u00e8 perfetta per riporre piccoli oggetti, garantendo che tutto rimanga al proprio posto. Attualmente, \u00e8 ideale per portare la tua creativit\u00e0 ovunque, grazie anche alla robusta maniglia e alla tracolla regolabile.<\/p>\r\n<h2>Qualit\u00e0 e Colori Intensi Tinta Unita<\/h2>\r\n<p>Solo la Skyline Color Tinta Unita Art Box Premium ti offre <strong>pastelli con mine da 4.2 mm<\/strong>, che assicurano un tratto preciso e colori vividi e brillanti. Facili da temperare con il temperino incluso, i pastelli Tinta Unita sono pensati per durare a lungo, affinch\u00e9 tu possa creare opere straordinarie senza interruzioni.<\/p>\r\n\r\n<p>\t\t<div data-elementor-type=\"section\" data-elementor-id=\"1424\" class=\"elementor elementor-1424\" data-elementor-post-type=\"elementor_library\">\n\t\t\t<div class=\"elementor-element elementor-element-aaca67f e-flex e-con-boxed e-con e-parent\" data-id=\"aaca67f\" data-element_type=\"container\" data-e-type=\"container\" data-settings=\"{&quot;background_background&quot;:&quot;classic&quot;}\">\n\t\t\t\t\t<div class=\"e-con-inner\">\n\t\t\t\t<div class=\"elementor-element elementor-element-81ec832 elementor-widget elementor-widget-spacer\" data-id=\"81ec832\" data-element_type=\"widget\" data-e-type=\"widget\" data-widget_type=\"spacer.default\">\n\t\t\t\t<div class=\"elementor-widget-container\">\n\t\t\t\t\t\t\t<div class=\"elementor-spacer\">\n\t\t\t<div class=\"elementor-spacer-inner\"><\/div>\n\t\t<\/div>\n\t\t\t\t\t\t<\/div>\n\t\t\t\t<\/div>\n\t\t\t\t<div class=\"elementor-element elementor-element-a6cad57 elementor-widget-divider--view-line elementor-widget elementor-widget-divider\" data-id=\"a6cad57\" data-element_type=\"widget\" data-e-type=\"widget\" data-widget_type=\"divider.default\">\n\t\t\t\t<div class=\"elementor-widget-container\">\n\t\t\t\t\t\t\t<div class=\"elementor-divider\">\n\t\t\t<span class=\"elementor-divider-separator\">\n\t\t\t\t\t\t<\/span>\n\t\t<\/div>\n\t\t\t\t\t\t<\/div>\n\t\t\t\t<\/div>\n\t\t\t\t<div class=\"elementor-element elementor-element-cf82295 elementor-hidden-desktop elementor-hidden-tablet elementor-hidden-mobile elementor-widget elementor-widget-heading\" data-id=\"cf82295\" data-element_type=\"widget\" data-e-type=\"widget\" data-widget_type=\"heading.default\">\n\t\t\t\t<div class=\"elementor-widget-container\">\n\t\t\t\t\t<h4 class=\"elementor-heading-title elementor-size-default\">Natale 2024 \u00e8 alle porte e noi di Er Cartomatto siamo pronti a rendere le vostre feste ancora pi\u00f9 speciali! <\/h4>\t\t\t\t<\/div>\n\t\t\t\t<\/div>\n\t\t\t\t<div class=\"elementor-element elementor-element-5965cb5 elementor-hidden-desktop elementor-hidden-tablet elementor-hidden-mobile elementor-widget elementor-widget-image\" data-id=\"5965cb5\" data-element_type=\"widget\" data-e-type=\"widget\" data-widget_type=\"image.default\">\n\t\t\t\t<div class=\"elementor-widget-container\">\n\t\t\t\t\t\t\t\t\t\t\t\t\t\t\t\t<a href=\"https:\/\/ercartomattoshop.com\/index.php\/ricerca-idea-regalo\/\">\n\t\t\t\t\t\t\t<img decoding=\"async\" src=\"https:\/\/ercartomattoshop.com\/wp-content\/uploads\/2024\/11\/ERCARTOMATTO-.-BABBO-NATALE-BOTTONE.png\" title=\"\" alt=\"\" loading=\"lazy\" \/>\t\t\t\t\t\t\t\t<\/a>\n\t\t\t\t\t\t\t\t\t\t\t\t\t\t\t<\/div>\n\t\t\t\t<\/div>\n\t\t\t\t\t<\/div>\n\t\t\t\t<\/div>\n\t\t\t\t<\/div>\n\t\t<br \/><br \/>\t\t<div data-elementor-type=\"section\" data-elementor-id=\"1448\" class=\"elementor elementor-1448\" data-elementor-post-type=\"elementor_library\">\n\t\t\t<div class=\"elementor-element elementor-element-d661221 e-flex e-con-boxed e-con e-parent\" data-id=\"d661221\" data-element_type=\"container\" data-e-type=\"container\">\n\t\t\t\t\t<div class=\"e-con-inner\">\n\t\t<div class=\"elementor-element elementor-element-6e9cd80 e-con-full e-flex e-con e-child\" data-id=\"6e9cd80\" data-element_type=\"container\" data-e-type=\"container\">\n\t\t\t\t<div class=\"elementor-element elementor-element-a485a43 elementor-widget elementor-widget-image\" data-id=\"a485a43\" data-element_type=\"widget\" data-e-type=\"widget\" data-widget_type=\"image.default\">\n\t\t\t\t<div class=\"elementor-widget-container\">\n\t\t\t\t\t\t\t\t\t\t\t\t<figure class=\"wp-caption\">\n\t\t\t\t\t\t\t\t\t\t<img decoding=\"async\" src=\"https:\/\/b2923555.smushcdn.com\/2923555\/wp-content\/uploads\/2024\/11\/tuttelematite-expo.jpg?lossy=2&#038;strip=1&#038;webp=1\" title=\"\" alt=\"\" loading=\"lazy\" \/>\t\t\t\t\t\t\t\t\t\t\t<figcaption class=\"widget-image-caption wp-caption-text\">110 colori tintaunita<\/figcaption>\n\t\t\t\t\t\t\t\t\t\t<\/figure>\n\t\t\t\t\t\t\t\t\t<\/div>\n\t\t\t\t<\/div>\n\t\t\t\t<\/div>\n\t\t<div class=\"elementor-element elementor-element-2cbeadc e-con-full e-flex e-con e-child\" data-id=\"2cbeadc\" data-element_type=\"container\" data-e-type=\"container\">\n\t\t\t\t<div class=\"elementor-element elementor-element-8800160 elementor-widget elementor-widget-text-editor\" data-id=\"8800160\" data-element_type=\"widget\" data-e-type=\"widget\" data-widget_type=\"text-editor.default\">\n\t\t\t\t<div class=\"elementor-widget-container\">\n\t\t\t\t\t\t\t\t\t<p><strong>Esplora la Tua Creativit\u00e0 con le Matite in Legno MINA 4.0 TintaUNITA!<\/strong><br \/>Dai vita alle tue idee con una gamma di ben 110 colori vibranti, perfetti per ogni occasione. Personalizza il tuo astuccio scegliendo le tonalit\u00e0 che ami di pi\u00f9: ogni matita \u00e8 un invito a creare e a esprimerti senza limiti. Le matite MINA 4.0 TintaUNITA, realizzate con legno di alta qualit\u00e0, sono lo strumento ideale per studenti, artisti e appassionati di scrittura. Libera il tuo talento e scopri un mondo di sfumature che aspettano solo te! <strong>Non aspettare: colora il tuo futuro oggi stesso!<\/strong><\/p>\t\t\t\t\t\t\t\t<\/div>\n\t\t\t\t<\/div>\n\t\t\t\t<div class=\"elementor-element elementor-element-89d8685 elementor-align-center elementor-widget elementor-widget-button\" data-id=\"89d8685\" data-element_type=\"widget\" data-e-type=\"widget\" data-widget_type=\"button.default\">\n\t\t\t\t<div class=\"elementor-widget-container\">\n\t\t\t\t\t\t\t\t\t<div class=\"elementor-button-wrapper\">\n\t\t\t\t\t<a class=\"elementor-button elementor-button-link elementor-size-sm\" href=\"https:\/\/ercartomattoshop.com\/index.php\/sfumature-pastelli-4-0-tintaunita\/\">\n\t\t\t\t\t\t<span class=\"elementor-button-content-wrapper\">\n\t\t\t\t\t\t\t\t\t<span class=\"elementor-button-text\">Fai clic qui<\/span>\n\t\t\t\t\t<\/span>\n\t\t\t\t\t<\/a>\n\t\t\t\t<\/div>\n\t\t\t\t\t\t\t\t<\/div>\n\t\t\t\t<\/div>\n\t\t\t\t<\/div>\n\t\t\t\t\t<\/div>\n\t\t\t\t<\/div>\n\t\t\t\t<\/div>\n\t\t<br \/><br \/>\t\t<div data-elementor-type=\"section\" data-elementor-id=\"1723\" class=\"elementor elementor-1723\" data-elementor-post-type=\"elementor_library\">\n\t\t\t<div class=\"elementor-element elementor-element-f269827 e-flex e-con-boxed e-con e-parent\" data-id=\"f269827\" data-element_type=\"container\" data-e-type=\"container\">\n\t\t\t\t\t<div class=\"e-con-inner\">\n\t\t<div class=\"elementor-element elementor-element-809bbd9 e-con-full e-flex e-con e-child\" data-id=\"809bbd9\" data-element_type=\"container\" data-e-type=\"container\">\n\t\t\t\t<div class=\"elementor-element elementor-element-7018940 elementor-widget elementor-widget-image\" data-id=\"7018940\" data-element_type=\"widget\" data-e-type=\"widget\" data-widget_type=\"image.default\">\n\t\t\t\t<div class=\"elementor-widget-container\">\n\t\t\t\t\t\t\t\t\t\t\t\t<figure class=\"wp-caption\">\n\t\t\t\t\t\t\t\t\t\t<img decoding=\"async\" src=\"https:\/\/ercartomatto.com\/wp-content\/uploads\/2024\/06\/ERCARTOMATTO-portapenne.webp\" title=\"\" alt=\"Astucci\" loading=\"lazy\" \/>\t\t\t\t\t\t\t\t\t\t\t<figcaption class=\"widget-image-caption wp-caption-text\"><H5>ASTUCCI &amp; PORTAPENNE<\/H5><\/figcaption>\n\t\t\t\t\t\t\t\t\t\t<\/figure>\n\t\t\t\t\t\t\t\t\t<\/div>\n\t\t\t\t<\/div>\n\t\t\t\t<\/div>\n\t\t<div class=\"elementor-element elementor-element-31d9238 e-con-full e-flex e-con e-child\" data-id=\"31d9238\" data-element_type=\"container\" data-e-type=\"container\">\n\t\t\t\t<div class=\"elementor-element elementor-element-cd15891 elementor-widget elementor-widget-text-editor\" data-id=\"cd15891\" data-element_type=\"widget\" data-e-type=\"widget\" data-widget_type=\"text-editor.default\">\n\t\t\t\t<div class=\"elementor-widget-container\">\n\t\t\t\t\t\t\t\t\t<h4><strong>Crea, disegna e colora senza limiti con i nostri astucci completi, pensati per studenti, artisti e creativi di ogni et\u00e0.<\/strong><\/h4><h5>Scopri il mondo di Harry Potter gadget con la selezione esclusiva di Er Cartomatto! Troverai oggetti da collezione, accessori e idee regalo perfette per ogni appassionato della saga. Inoltre, disponiamo di prodotti ufficiali e garantiti, affinch\u00e9 ogni fan possa vivere la magia nel quotidiano.<\/h5>\t\t\t\t\t\t\t\t<\/div>\n\t\t\t\t<\/div>\n\t\t\t\t<div class=\"elementor-element elementor-element-d4dfba5 elementor-align-justify elementor-widget elementor-widget-button\" data-id=\"d4dfba5\" data-element_type=\"widget\" data-e-type=\"widget\" data-widget_type=\"button.default\">\n\t\t\t\t<div class=\"elementor-widget-container\">\n\t\t\t\t\t\t\t\t\t<div class=\"elementor-button-wrapper\">\n\t\t\t\t\t<a class=\"elementor-button elementor-button-link elementor-size-sm\" href=\"https:\/\/ercartomatto.com\/index.php\/2024\/07\/03\/portapenne-ed-astucci\/\">\n\t\t\t\t\t\t<span class=\"elementor-button-content-wrapper\">\n\t\t\t\t\t\t\t\t\t<span class=\"elementor-button-text\">Fai clic qui<\/span>\n\t\t\t\t\t<\/span>\n\t\t\t\t\t<\/a>\n\t\t\t\t<\/div>\n\t\t\t\t\t\t\t\t<\/div>\n\t\t\t\t<\/div>\n\t\t\t\t<\/div>\n\t\t\t\t\t<\/div>\n\t\t\t\t<\/div>\n\t\t\t\t<\/div>\n\t\t<\/p>","protected":false},"excerpt":{"rendered":"<p>La <strong>Skyline Color Tinta Unita Art Box Premium<\/strong> \u00e8 un set completo che include <strong>108 pastelli<\/strong>, 24 pennarelli Brush, e altri strumenti di alta qualit\u00e0 per disegnare ovunque.<br \/>Con la sua tracolla removibile e tasca posteriore, \u00e8 perfetto per gli artisti in movimento.<br \/>La mina da 4.2 mm dei pastelli garantisce colori intensi e brillanti, ideali per liberare la tua creativit\u00e0.<\/p>\n<p><img fetchpriority=\"high\" decoding=\"async\" class=\"alignnone size-medium\" src=\"https:\/\/b2923555.smushcdn.com\/2923555\/wp-content\/uploads\/2024\/07\/novita-colore_3.png?lossy=2&amp;strip=1&amp;webp=1\" alt=\"Skyline \" width=\"1001\" height=\"1001\" \/><\/p>\n<p><img decoding=\"async\" class=\"alignnone size-medium\" src=\"https:\/\/b2923555.smushcdn.com\/2923555\/wp-content\/uploads\/2024\/07\/Tavola-disegno-45-copia-22.png?lossy=2&amp;strip=1&amp;webp=1\" width=\"1001\" height=\"1001\" \/><\/p>\n<p><span style=\"color: #999999;\">#AstuccioCreativo #TintaUnita #ColoriBrillanti #ArteSenzaLimiti #RegaloPerfetto<\/span><\/p>\n","protected":false},"featured_media":715,"template":"","meta":{"_acf_changed":false,"jetpack_publicize_message":"\ud83c\udfa8\u2728 La creativit\u00e0 ti segue ovunque con la Skyline Color Tinta Unita Art Box Premium! 108 pastelli dai colori brillanti, 24 pennarelli Brush, e tanto altro in un set unico e portatile. \ud83d\udd8c\ufe0f Porta la tua arte sempre con te! \ud83d\udcbc\r\n\r\n\ud83d\udc49 Vieni a trovarci in Corso Susa 153\/b a Rivoli oppure visita il nostro negozio online ercartomattoshop.com! \ud83c\udf1f\r\n\r\n#ercartomatto #ercartomattorivoli #rivolishop #corsoSusa153 #cartoleriarivoli #natale2024 #natalearivoli #AstuccioCreativo #TintaUnita #ColoriBrillanti #ArteSenzaLimiti #RegaloPerfetto","jetpack_publicize_feature_enabled":true,"jetpack_social_post_already_shared":false,"jetpack_social_options":{"image_generator_settings":{"template":"highway","default_image_id":0,"font":"","enabled":false},"version":2}},"product_brand":[],"product_cat":[32,33,61,84,22,226,211,227,31],"product_tag":[],"class_list":{"0":"post-652","1":"product","2":"type-product","3":"status-publish","4":"has-post-thumbnail","6":"product_cat-astucci","7":"product_cat-marchi","8":"product_cat-cartoleria","9":"product_cat-idea-regalo","10":"product_cat-matite-colorate","11":"product_cat-matite-in-grafite","12":"product_cat-pennarelli","13":"product_cat-pennarelli-brush","14":"product_cat-tinta-unita","16":"first","17":"instock","18":"shipping-taxable","19":"purchasable","20":"product-type-variable"},"acf":[],"yoast_head":"<!-- This site is optimized with the Yoast SEO Premium plugin v27.4 (Yoast SEO v27.4) - https:\/\/yoast.com\/product\/yoast-seo-premium-wordpress\/ -->\n<title>Skyline Color Tinta Unita Art Box Premium: Creativit\u00e0 Senza Limiti - Er Cartomatto Shop<\/title>\n<meta name=\"description\" content=\"Esprimi la tua creativit\u00e0 con la Skyline Color Tinta Unita Art Box Premium. E&#039; l&#039;astuccio perfetto per gli artisti di tutte le et\u00e0.\" \/>\n<meta name=\"robots\" content=\"index, follow, max-snippet:-1, max-image-preview:large, max-video-preview:-1\" \/>\n<link rel=\"canonical\" href=\"https:\/\/ercartomattoshop.com\/index.php\/prodotto\/skyline-color-tinta-unita-art-box-premium-144-colori\/\" \/>\n<meta property=\"og:locale\" content=\"it_IT\" \/>\n<meta property=\"og:type\" content=\"article\" \/>\n<meta property=\"og:title\" content=\"Skyline Color Tinta Unita Art Box Premium - 144 Colori\" \/>\n<meta property=\"og:description\" content=\"Esprimi la tua creativit\u00e0 con la Skyline Color Tinta Unita Art Box Premium. E&#039; l&#039;astuccio perfetto per gli artisti di tutte le et\u00e0.\" \/>\n<meta property=\"og:url\" content=\"https:\/\/ercartomattoshop.com\/index.php\/prodotto\/skyline-color-tinta-unita-art-box-premium-144-colori\/\" \/>\n<meta property=\"og:site_name\" content=\"Er Cartomatto Shop\" \/>\n<meta property=\"article:modified_time\" content=\"2024-12-28T16:26:29+00:00\" \/>\n<meta property=\"og:image\" content=\"https:\/\/ercartomattoshop.com\/wp-content\/uploads\/2024\/10\/ERCARTOMATTO-TINTAUNITA-skyline-144-colori.jpg\" \/>\n\t<meta property=\"og:image:width\" content=\"1200\" \/>\n\t<meta property=\"og:image:height\" content=\"630\" \/>\n\t<meta property=\"og:image:type\" content=\"image\/jpeg\" \/>\n<meta name=\"twitter:card\" content=\"summary_large_image\" \/>\n<meta name=\"twitter:label1\" content=\"Disponibilit\u00e0\" \/>\n\t<meta name=\"twitter:data1\" content=\"In stock\" \/>\n<script type=\"application\/ld+json\" class=\"yoast-schema-graph\">{\"@context\":\"https:\\\/\\\/schema.org\",\"@graph\":[{\"@type\":\"WebPage\",\"@id\":\"https:\\\/\\\/ercartomattoshop.com\\\/index.php\\\/prodotto\\\/skyline-color-tinta-unita-art-box-premium-144-colori\\\/\",\"url\":\"https:\\\/\\\/ercartomattoshop.com\\\/index.php\\\/prodotto\\\/skyline-color-tinta-unita-art-box-premium-144-colori\\\/\",\"name\":\"Skyline Color Tinta Unita Art Box Premium: Creativit\u00e0 Senza Limiti - Er Cartomatto Shop\",\"isPartOf\":{\"@id\":\"https:\\\/\\\/ercartomattoshop.com\\\/#website\"},\"primaryImageOfPage\":{\"@id\":\"https:\\\/\\\/ercartomattoshop.com\\\/index.php\\\/prodotto\\\/skyline-color-tinta-unita-art-box-premium-144-colori\\\/#primaryimage\"},\"image\":{\"@id\":\"https:\\\/\\\/ercartomattoshop.com\\\/index.php\\\/prodotto\\\/skyline-color-tinta-unita-art-box-premium-144-colori\\\/#primaryimage\"},\"thumbnailUrl\":\"https:\\\/\\\/ercartomattoshop.com\\\/wp-content\\\/uploads\\\/2024\\\/10\\\/ERCARTOMATTO-TINTAUNITA-skyline-144-colori.jpg\",\"datePublished\":\"2024-10-02T17:24:16+00:00\",\"dateModified\":\"2024-12-28T16:26:29+00:00\",\"description\":\"Esprimi la tua creativit\u00e0 con la Skyline Color Tinta Unita Art Box Premium. E' l'astuccio perfetto per gli artisti di tutte le et\u00e0.\",\"breadcrumb\":{\"@id\":\"https:\\\/\\\/ercartomattoshop.com\\\/index.php\\\/prodotto\\\/skyline-color-tinta-unita-art-box-premium-144-colori\\\/#breadcrumb\"},\"inLanguage\":\"it-IT\",\"potentialAction\":[{\"@type\":\"ReadAction\",\"target\":[\"https:\\\/\\\/ercartomattoshop.com\\\/index.php\\\/prodotto\\\/skyline-color-tinta-unita-art-box-premium-144-colori\\\/\"]}]},{\"@type\":\"ImageObject\",\"inLanguage\":\"it-IT\",\"@id\":\"https:\\\/\\\/ercartomattoshop.com\\\/index.php\\\/prodotto\\\/skyline-color-tinta-unita-art-box-premium-144-colori\\\/#primaryimage\",\"url\":\"https:\\\/\\\/ercartomattoshop.com\\\/wp-content\\\/uploads\\\/2024\\\/10\\\/ERCARTOMATTO-TINTAUNITA-skyline-144-colori.jpg\",\"contentUrl\":\"https:\\\/\\\/ercartomattoshop.com\\\/wp-content\\\/uploads\\\/2024\\\/10\\\/ERCARTOMATTO-TINTAUNITA-skyline-144-colori.jpg\",\"width\":1200,\"height\":630,\"caption\":\"Skyline Color Tinta Unita Art Box Premium: Creativit\u00e0 Senza Limiti\"},{\"@type\":\"BreadcrumbList\",\"@id\":\"https:\\\/\\\/ercartomattoshop.com\\\/index.php\\\/prodotto\\\/skyline-color-tinta-unita-art-box-premium-144-colori\\\/#breadcrumb\",\"itemListElement\":[{\"@type\":\"ListItem\",\"position\":1,\"name\":\"Home\",\"item\":\"https:\\\/\\\/ercartomattoshop.com\\\/\"},{\"@type\":\"ListItem\",\"position\":2,\"name\":\"Er Cartomatto Shop: VETRINA PRODOTTI\",\"item\":\"https:\\\/\\\/ercartomattoshop.com\\\/index.php\\\/vetrina-prodotti-completa\\\/\"},{\"@type\":\"ListItem\",\"position\":3,\"name\":\"Skyline Color Tinta Unita Art Box Premium &#8211; 144 Colori\"}]},{\"@type\":\"WebSite\",\"@id\":\"https:\\\/\\\/ercartomattoshop.com\\\/#website\",\"url\":\"https:\\\/\\\/ercartomattoshop.com\\\/\",\"name\":\"Er Cartomatto Shop\",\"description\":\"\",\"publisher\":{\"@id\":\"https:\\\/\\\/ercartomattoshop.com\\\/#organization\"},\"potentialAction\":[{\"@type\":\"SearchAction\",\"target\":{\"@type\":\"EntryPoint\",\"urlTemplate\":\"https:\\\/\\\/ercartomattoshop.com\\\/?s={search_term_string}\"},\"query-input\":{\"@type\":\"PropertyValueSpecification\",\"valueRequired\":true,\"valueName\":\"search_term_string\"}}],\"inLanguage\":\"it-IT\"},{\"@type\":\"Organization\",\"@id\":\"https:\\\/\\\/ercartomattoshop.com\\\/#organization\",\"name\":\"Er Cartomatto Shop\",\"url\":\"https:\\\/\\\/ercartomattoshop.com\\\/\",\"logo\":{\"@type\":\"ImageObject\",\"inLanguage\":\"it-IT\",\"@id\":\"https:\\\/\\\/ercartomattoshop.com\\\/#\\\/schema\\\/logo\\\/image\\\/\",\"url\":\"https:\\\/\\\/ercartomattoshop.com\\\/wp-content\\\/uploads\\\/2024\\\/03\\\/cropped-cropped-ERCARTOMATTO-LOGOTRASPARENTE-1.png\",\"contentUrl\":\"https:\\\/\\\/ercartomattoshop.com\\\/wp-content\\\/uploads\\\/2024\\\/03\\\/cropped-cropped-ERCARTOMATTO-LOGOTRASPARENTE-1.png\",\"width\":381,\"height\":354,\"caption\":\"Er Cartomatto Shop\"},\"image\":{\"@id\":\"https:\\\/\\\/ercartomattoshop.com\\\/#\\\/schema\\\/logo\\\/image\\\/\"}}]}<\/script>\n<meta property=\"product:brand\" content=\"idea regalo\" \/>\n<meta property=\"og:availability\" content=\"instock\" \/>\n<meta property=\"product:availability\" content=\"instock\" \/>\n<meta property=\"product:retailer_item_id\" content=\"prodotto-1-1\" \/>\n<meta property=\"product:condition\" content=\"new\" \/>\n<!-- \/ Yoast SEO Premium plugin. -->","yoast_head_json":{"title":"Skyline Color Tinta Unita Art Box Premium: Creativit\u00e0 Senza Limiti - Er Cartomatto Shop","description":"Esprimi la tua creativit\u00e0 con la Skyline Color Tinta Unita Art Box Premium. E' l'astuccio perfetto per gli artisti di tutte le et\u00e0.","robots":{"index":"index","follow":"follow","max-snippet":"max-snippet:-1","max-image-preview":"max-image-preview:large","max-video-preview":"max-video-preview:-1"},"canonical":"https:\/\/ercartomattoshop.com\/index.php\/prodotto\/skyline-color-tinta-unita-art-box-premium-144-colori\/","og_locale":"it_IT","og_type":"article","og_title":"Skyline Color Tinta Unita Art Box Premium - 144 Colori","og_description":"Esprimi la tua creativit\u00e0 con la Skyline Color Tinta Unita Art Box Premium. E' l'astuccio perfetto per gli artisti di tutte le et\u00e0.","og_url":"https:\/\/ercartomattoshop.com\/index.php\/prodotto\/skyline-color-tinta-unita-art-box-premium-144-colori\/","og_site_name":"Er Cartomatto Shop","article_modified_time":"2024-12-28T16:26:29+00:00","og_image":[{"width":1200,"height":630,"url":"https:\/\/ercartomattoshop.com\/wp-content\/uploads\/2024\/10\/ERCARTOMATTO-TINTAUNITA-skyline-144-colori.jpg","type":"image\/jpeg"}],"twitter_card":"summary_large_image","twitter_misc":{"Disponibilit\u00e0":"In stock"},"schema":{"@context":"https:\/\/schema.org","@graph":[{"@type":"WebPage","@id":"https:\/\/ercartomattoshop.com\/index.php\/prodotto\/skyline-color-tinta-unita-art-box-premium-144-colori\/","url":"https:\/\/ercartomattoshop.com\/index.php\/prodotto\/skyline-color-tinta-unita-art-box-premium-144-colori\/","name":"Skyline Color Tinta Unita Art Box Premium: Creativit\u00e0 Senza Limiti - Er Cartomatto Shop","isPartOf":{"@id":"https:\/\/ercartomattoshop.com\/#website"},"primaryImageOfPage":{"@id":"https:\/\/ercartomattoshop.com\/index.php\/prodotto\/skyline-color-tinta-unita-art-box-premium-144-colori\/#primaryimage"},"image":{"@id":"https:\/\/ercartomattoshop.com\/index.php\/prodotto\/skyline-color-tinta-unita-art-box-premium-144-colori\/#primaryimage"},"thumbnailUrl":"https:\/\/ercartomattoshop.com\/wp-content\/uploads\/2024\/10\/ERCARTOMATTO-TINTAUNITA-skyline-144-colori.jpg","datePublished":"2024-10-02T17:24:16+00:00","dateModified":"2024-12-28T16:26:29+00:00","description":"Esprimi la tua creativit\u00e0 con la Skyline Color Tinta Unita Art Box Premium. E' l'astuccio perfetto per gli artisti di tutte le et\u00e0.","breadcrumb":{"@id":"https:\/\/ercartomattoshop.com\/index.php\/prodotto\/skyline-color-tinta-unita-art-box-premium-144-colori\/#breadcrumb"},"inLanguage":"it-IT","potentialAction":[{"@type":"ReadAction","target":["https:\/\/ercartomattoshop.com\/index.php\/prodotto\/skyline-color-tinta-unita-art-box-premium-144-colori\/"]}]},{"@type":"ImageObject","inLanguage":"it-IT","@id":"https:\/\/ercartomattoshop.com\/index.php\/prodotto\/skyline-color-tinta-unita-art-box-premium-144-colori\/#primaryimage","url":"https:\/\/ercartomattoshop.com\/wp-content\/uploads\/2024\/10\/ERCARTOMATTO-TINTAUNITA-skyline-144-colori.jpg","contentUrl":"https:\/\/ercartomattoshop.com\/wp-content\/uploads\/2024\/10\/ERCARTOMATTO-TINTAUNITA-skyline-144-colori.jpg","width":1200,"height":630,"caption":"Skyline Color Tinta Unita Art Box Premium: Creativit\u00e0 Senza Limiti"},{"@type":"BreadcrumbList","@id":"https:\/\/ercartomattoshop.com\/index.php\/prodotto\/skyline-color-tinta-unita-art-box-premium-144-colori\/#breadcrumb","itemListElement":[{"@type":"ListItem","position":1,"name":"Home","item":"https:\/\/ercartomattoshop.com\/"},{"@type":"ListItem","position":2,"name":"Er Cartomatto Shop: VETRINA PRODOTTI","item":"https:\/\/ercartomattoshop.com\/index.php\/vetrina-prodotti-completa\/"},{"@type":"ListItem","position":3,"name":"Skyline Color Tinta Unita Art Box Premium &#8211; 144 Colori"}]},{"@type":"WebSite","@id":"https:\/\/ercartomattoshop.com\/#website","url":"https:\/\/ercartomattoshop.com\/","name":"Er Cartomatto Shop","description":"","publisher":{"@id":"https:\/\/ercartomattoshop.com\/#organization"},"potentialAction":[{"@type":"SearchAction","target":{"@type":"EntryPoint","urlTemplate":"https:\/\/ercartomattoshop.com\/?s={search_term_string}"},"query-input":{"@type":"PropertyValueSpecification","valueRequired":true,"valueName":"search_term_string"}}],"inLanguage":"it-IT"},{"@type":"Organization","@id":"https:\/\/ercartomattoshop.com\/#organization","name":"Er Cartomatto Shop","url":"https:\/\/ercartomattoshop.com\/","logo":{"@type":"ImageObject","inLanguage":"it-IT","@id":"https:\/\/ercartomattoshop.com\/#\/schema\/logo\/image\/","url":"https:\/\/ercartomattoshop.com\/wp-content\/uploads\/2024\/03\/cropped-cropped-ERCARTOMATTO-LOGOTRASPARENTE-1.png","contentUrl":"https:\/\/ercartomattoshop.com\/wp-content\/uploads\/2024\/03\/cropped-cropped-ERCARTOMATTO-LOGOTRASPARENTE-1.png","width":381,"height":354,"caption":"Er Cartomatto Shop"},"image":{"@id":"https:\/\/ercartomattoshop.com\/#\/schema\/logo\/image\/"}}]},"product_brand":"idea regalo","og_availability":"instock","product_availability":"instock","product_retailer_item_id":"prodotto-1-1","product_condition":"new"},"jetpack_publicize_connections":[],"_links":{"self":[{"href":"https:\/\/ercartomattoshop.com\/index.php\/wp-json\/wp\/v2\/product\/652","targetHints":{"allow":["GET"]}}],"collection":[{"href":"https:\/\/ercartomattoshop.com\/index.php\/wp-json\/wp\/v2\/product"}],"about":[{"href":"https:\/\/ercartomattoshop.com\/index.php\/wp-json\/wp\/v2\/types\/product"}],"wp:featuredmedia":[{"embeddable":true,"href":"https:\/\/ercartomattoshop.com\/index.php\/wp-json\/wp\/v2\/media\/715"}],"wp:attachment":[{"href":"https:\/\/ercartomattoshop.com\/index.php\/wp-json\/wp\/v2\/media?parent=652"}],"wp:term":[{"taxonomy":"product_brand","embeddable":true,"href":"https:\/\/ercartomattoshop.com\/index.php\/wp-json\/wp\/v2\/product_brand?post=652"},{"taxonomy":"product_cat","embeddable":true,"href":"https:\/\/ercartomattoshop.com\/index.php\/wp-json\/wp\/v2\/product_cat?post=652"},{"taxonomy":"product_tag","embeddable":true,"href":"https:\/\/ercartomattoshop.com\/index.php\/wp-json\/wp\/v2\/product_tag?post=652"}],"curies":[{"name":"wp","href":"https:\/\/api.w.org\/{rel}","templated":true}]}}