{"id":3435,"date":"2026-04-18T17:01:53","date_gmt":"2026-04-18T15:01:53","guid":{"rendered":"https:\/\/ercartomattoshop.com\/?post_type=product&#038;p=3435"},"modified":"2026-04-18T17:20:45","modified_gmt":"2026-04-18T15:20:45","slug":"blocco-carta-acquerelli-carioca-plus-300g","status":"publish","type":"product","link":"https:\/\/ercartomattoshop.com\/index.php\/prodotto\/blocco-carta-acquerelli-carioca-plus-300g\/","title":{"rendered":"Album da disegno per Acquerelli Carioca Plus 300 g\/m\u00b2 A4 e A5"},"content":{"rendered":"","protected":false},"excerpt":{"rendered":"<h2 data-section-id=\"1s93fqk\" data-start=\"3590\" data-end=\"3634\">Carta acquerelli per risultati ottimali<\/h2>\n<p data-start=\"3635\" data-end=\"4078\">Prestazioni elevate e facilit\u00e0 d\u2019uso<br data-start=\"3671\" data-end=\"3674\" \/>Il <strong data-start=\"3677\" data-end=\"3726\">blocco carta acquerelli Carioca Plus 300 g\/m\u00b2<\/strong> \u00e8 progettato per garantire qualit\u00e0 costante e facilit\u00e0 di utilizzo. Infatti, grazie alla sua struttura resistente, permette una gestione ottimale dell\u2019acqua. Inoltre, la grana media migliora la distribuzione del colore. Di conseguenza, \u00e8 ideale per studenti, principianti e appassionati che desiderano risultati soddisfacenti e un supporto affidabile.<\/p>\n<ul>\n<li data-start=\"4080\" data-end=\"4379\">Carta ad alta grammatura 300 g\/m\u00b2<\/li>\n<li data-start=\"4080\" data-end=\"4379\">Superficie grana media<\/li>\n<li data-start=\"4080\" data-end=\"4379\">Ottimo assorbimento del colore<\/li>\n<li data-start=\"4080\" data-end=\"4379\">Compatibile con tecniche miste<\/li>\n<li data-start=\"4080\" data-end=\"4379\">Disponibile formato A4 e A5<\/li>\n<li data-start=\"4080\" data-end=\"4379\">Riduce deformazioni della carta<\/li>\n<li data-start=\"4080\" data-end=\"4379\">Perfetto per uso scolastico<\/li>\n<li data-start=\"4080\" data-end=\"4379\">Adatto a principianti<\/li>\n<li data-start=\"4080\" data-end=\"4379\">Facile gestione dei fogli<\/li>\n<li data-start=\"4080\" data-end=\"4379\">Strappo pulito e preciso<\/li>\n<\/ul>\n<p>Il <strong data-start=\"1762\" data-end=\"1811\">blocco carta acquerelli Carioca Plus 300 g\/m\u00b2<\/strong> \u00e8 disponibile nei formati A4 e A5. Da un lato, l\u2019A4 \u00e8 ideale per lavori dettagliati e progetti scolastici completi. Dall\u2019altro, l\u2019A5 \u00e8 compatto e perfetto per schizzi veloci. Inoltre, la struttura del blocco consente uno strappo pulito e una gestione ordinata dei fogli, migliorando l\u2019esperienza d\u2019uso.<\/p>\n","protected":false},"featured_media":3436,"template":"","meta":{"_acf_changed":false,"jetpack_publicize_message":"Blocco carta acquerelli Carioca Plus 300 g\/m\u00b2 disponibile A4 e A5, ideale per studenti e artisti. Resistente all\u2019acqua, versatile e perfetto per diverse tecniche creative.","jetpack_publicize_feature_enabled":true,"jetpack_social_post_already_shared":true,"jetpack_social_options":{"image_generator_settings":{"template":"highway","default_image_id":0,"font":"","enabled":false},"version":2}},"product_brand":[],"product_cat":[252,33,253,61],"product_tag":[511,475,505,507,509,506,510,512,508,488],"class_list":{"0":"post-3435","1":"product","2":"type-product","3":"status-publish","4":"has-post-thumbnail","6":"product_cat-album-da-disegno","7":"product_cat-marchi","8":"product_cat-carioca-plus","9":"product_cat-cartoleria","10":"product_tag-acquerello-studenti","11":"product_tag-album-da-disegno","12":"product_tag-blocco-acquerelli","13":"product_tag-blocco-carioca-plus","14":"product_tag-blocco-disegno-scuola","15":"product_tag-carta-acquerello-300-g","16":"product_tag-carta-artistica","17":"product_tag-carta-grana-media","18":"product_tag-carta-pittura-acqua","19":"product_tag-cartoleria-scuola","21":"first","22":"instock","23":"shipping-taxable","24":"purchasable","25":"product-type-variable"},"acf":[],"yoast_head":"<!-- This site is optimized with the Yoast SEO Premium plugin v27.4 (Yoast SEO v27.4) - https:\/\/yoast.com\/product\/yoast-seo-premium-wordpress\/ -->\n<title>Blocco Carta Acquerelli Carioca Plus 300 g\/m\u00b2 A4 A5 - Er Cartomatto Shop<\/title>\n<meta name=\"description\" content=\"Scopri il blocco carta acquerelli Carioca Plus 300 g\/m\u00b2: resistente, versatile e perfetto per scuola e creativit\u00e0. Disponibile A4 e A5.\" \/>\n<meta name=\"robots\" content=\"index, follow, max-snippet:-1, max-image-preview:large, max-video-preview:-1\" \/>\n<link rel=\"canonical\" href=\"https:\/\/ercartomattoshop.com\/index.php\/prodotto\/blocco-carta-acquerelli-carioca-plus-300g\/\" \/>\n<meta property=\"og:locale\" content=\"it_IT\" \/>\n<meta property=\"og:type\" content=\"article\" \/>\n<meta property=\"og:title\" content=\"Blocco Acquerelli Carioca Plus 300 g\/m\u00b2\" \/>\n<meta property=\"og:description\" content=\"Carta resistente, colori brillanti e massima versatilit\u00e0. Il blocco acquerelli Carioca Plus \u00e8 perfetto per studenti e creativi.\" \/>\n<meta property=\"og:url\" content=\"https:\/\/ercartomattoshop.com\/index.php\/prodotto\/blocco-carta-acquerelli-carioca-plus-300g\/\" \/>\n<meta property=\"og:site_name\" content=\"Er Cartomatto Shop\" \/>\n<meta property=\"article:modified_time\" content=\"2026-04-18T15:20:45+00:00\" \/>\n<meta property=\"og:image\" content=\"https:\/\/ercartomattoshop.com\/wp-content\/uploads\/2026\/04\/ERCARTOMATTOSHOP-CARIOCA-WATERCOLOR-PAPER.jpg\" \/>\n\t<meta property=\"og:image:width\" content=\"900\" \/>\n\t<meta property=\"og:image:height\" content=\"473\" \/>\n\t<meta property=\"og:image:type\" content=\"image\/jpeg\" \/>\n<meta name=\"twitter:card\" content=\"summary_large_image\" \/>\n<meta name=\"twitter:title\" content=\"Album da disegno per Acquerelli Carioca Plus 300 g\/m\u00b2 A4 e A5\" \/>\n<meta name=\"twitter:label1\" content=\"Disponibilit\u00e0\" \/>\n\t<meta name=\"twitter:data1\" content=\"In stock\" \/>\n<script type=\"application\/ld+json\" class=\"yoast-schema-graph\">{\"@context\":\"https:\\\/\\\/schema.org\",\"@graph\":[{\"@type\":\"WebPage\",\"@id\":\"https:\\\/\\\/ercartomattoshop.com\\\/index.php\\\/prodotto\\\/blocco-carta-acquerelli-carioca-plus-300g\\\/\",\"url\":\"https:\\\/\\\/ercartomattoshop.com\\\/index.php\\\/prodotto\\\/blocco-carta-acquerelli-carioca-plus-300g\\\/\",\"name\":\"Blocco Carta Acquerelli Carioca Plus 300 g\\\/m\u00b2 A4 A5 - Er Cartomatto Shop\",\"isPartOf\":{\"@id\":\"https:\\\/\\\/ercartomattoshop.com\\\/#website\"},\"primaryImageOfPage\":{\"@id\":\"https:\\\/\\\/ercartomattoshop.com\\\/index.php\\\/prodotto\\\/blocco-carta-acquerelli-carioca-plus-300g\\\/#primaryimage\"},\"image\":{\"@id\":\"https:\\\/\\\/ercartomattoshop.com\\\/index.php\\\/prodotto\\\/blocco-carta-acquerelli-carioca-plus-300g\\\/#primaryimage\"},\"thumbnailUrl\":\"https:\\\/\\\/ercartomattoshop.com\\\/wp-content\\\/uploads\\\/2026\\\/04\\\/ERCARTOMATTOSHOP-CARIOCA-WATERCOLOR-PAPER.jpg\",\"datePublished\":\"2026-04-18T15:01:53+00:00\",\"dateModified\":\"2026-04-18T15:20:45+00:00\",\"description\":\"Scopri il blocco carta acquerelli Carioca Plus 300 g\\\/m\u00b2: resistente, versatile e perfetto per scuola e creativit\u00e0. Disponibile A4 e A5.\",\"breadcrumb\":{\"@id\":\"https:\\\/\\\/ercartomattoshop.com\\\/index.php\\\/prodotto\\\/blocco-carta-acquerelli-carioca-plus-300g\\\/#breadcrumb\"},\"inLanguage\":\"it-IT\",\"potentialAction\":[{\"@type\":\"ReadAction\",\"target\":[\"https:\\\/\\\/ercartomattoshop.com\\\/index.php\\\/prodotto\\\/blocco-carta-acquerelli-carioca-plus-300g\\\/\"]}]},{\"@type\":\"ImageObject\",\"inLanguage\":\"it-IT\",\"@id\":\"https:\\\/\\\/ercartomattoshop.com\\\/index.php\\\/prodotto\\\/blocco-carta-acquerelli-carioca-plus-300g\\\/#primaryimage\",\"url\":\"https:\\\/\\\/ercartomattoshop.com\\\/wp-content\\\/uploads\\\/2026\\\/04\\\/ERCARTOMATTOSHOP-CARIOCA-WATERCOLOR-PAPER.jpg\",\"contentUrl\":\"https:\\\/\\\/ercartomattoshop.com\\\/wp-content\\\/uploads\\\/2026\\\/04\\\/ERCARTOMATTOSHOP-CARIOCA-WATERCOLOR-PAPER.jpg\",\"width\":900,\"height\":473,\"caption\":\"Blocco Carta Acquerelli Carioca Plus\"},{\"@type\":\"BreadcrumbList\",\"@id\":\"https:\\\/\\\/ercartomattoshop.com\\\/index.php\\\/prodotto\\\/blocco-carta-acquerelli-carioca-plus-300g\\\/#breadcrumb\",\"itemListElement\":[{\"@type\":\"ListItem\",\"position\":1,\"name\":\"Home\",\"item\":\"https:\\\/\\\/ercartomattoshop.com\\\/\"},{\"@type\":\"ListItem\",\"position\":2,\"name\":\"Er Cartomatto Shop: VETRINA PRODOTTI\",\"item\":\"https:\\\/\\\/ercartomattoshop.com\\\/index.php\\\/vetrina-prodotti-completa\\\/\"},{\"@type\":\"ListItem\",\"position\":3,\"name\":\"Album da disegno per Acquerelli Carioca Plus 300 g\\\/m\u00b2 A4 e A5\"}]},{\"@type\":\"WebSite\",\"@id\":\"https:\\\/\\\/ercartomattoshop.com\\\/#website\",\"url\":\"https:\\\/\\\/ercartomattoshop.com\\\/\",\"name\":\"Er Cartomatto Shop\",\"description\":\"\",\"publisher\":{\"@id\":\"https:\\\/\\\/ercartomattoshop.com\\\/#organization\"},\"potentialAction\":[{\"@type\":\"SearchAction\",\"target\":{\"@type\":\"EntryPoint\",\"urlTemplate\":\"https:\\\/\\\/ercartomattoshop.com\\\/?s={search_term_string}\"},\"query-input\":{\"@type\":\"PropertyValueSpecification\",\"valueRequired\":true,\"valueName\":\"search_term_string\"}}],\"inLanguage\":\"it-IT\"},{\"@type\":\"Organization\",\"@id\":\"https:\\\/\\\/ercartomattoshop.com\\\/#organization\",\"name\":\"Er Cartomatto Shop\",\"url\":\"https:\\\/\\\/ercartomattoshop.com\\\/\",\"logo\":{\"@type\":\"ImageObject\",\"inLanguage\":\"it-IT\",\"@id\":\"https:\\\/\\\/ercartomattoshop.com\\\/#\\\/schema\\\/logo\\\/image\\\/\",\"url\":\"https:\\\/\\\/ercartomattoshop.com\\\/wp-content\\\/uploads\\\/2024\\\/03\\\/cropped-cropped-ERCARTOMATTO-LOGOTRASPARENTE-1.png\",\"contentUrl\":\"https:\\\/\\\/ercartomattoshop.com\\\/wp-content\\\/uploads\\\/2024\\\/03\\\/cropped-cropped-ERCARTOMATTO-LOGOTRASPARENTE-1.png\",\"width\":381,\"height\":354,\"caption\":\"Er Cartomatto Shop\"},\"image\":{\"@id\":\"https:\\\/\\\/ercartomattoshop.com\\\/#\\\/schema\\\/logo\\\/image\\\/\"}}]}<\/script>\n<meta property=\"product:brand\" content=\"ALBUM DA DISEGNO\" \/>\n<meta property=\"og:availability\" content=\"instock\" \/>\n<meta property=\"product:availability\" content=\"instock\" \/>\n<meta property=\"product:condition\" content=\"new\" \/>\n<!-- \/ Yoast SEO Premium plugin. -->","yoast_head_json":{"title":"Blocco Carta Acquerelli Carioca Plus 300 g\/m\u00b2 A4 A5 - Er Cartomatto Shop","description":"Scopri il blocco carta acquerelli Carioca Plus 300 g\/m\u00b2: resistente, versatile e perfetto per scuola e creativit\u00e0. Disponibile A4 e A5.","robots":{"index":"index","follow":"follow","max-snippet":"max-snippet:-1","max-image-preview":"max-image-preview:large","max-video-preview":"max-video-preview:-1"},"canonical":"https:\/\/ercartomattoshop.com\/index.php\/prodotto\/blocco-carta-acquerelli-carioca-plus-300g\/","og_locale":"it_IT","og_type":"article","og_title":"Blocco Acquerelli Carioca Plus 300 g\/m\u00b2","og_description":"Carta resistente, colori brillanti e massima versatilit\u00e0. Il blocco acquerelli Carioca Plus \u00e8 perfetto per studenti e creativi.","og_url":"https:\/\/ercartomattoshop.com\/index.php\/prodotto\/blocco-carta-acquerelli-carioca-plus-300g\/","og_site_name":"Er Cartomatto Shop","article_modified_time":"2026-04-18T15:20:45+00:00","og_image":[{"width":900,"height":473,"url":"https:\/\/ercartomattoshop.com\/wp-content\/uploads\/2026\/04\/ERCARTOMATTOSHOP-CARIOCA-WATERCOLOR-PAPER.jpg","type":"image\/jpeg"}],"twitter_card":"summary_large_image","twitter_title":"Album da disegno per Acquerelli Carioca Plus 300 g\/m\u00b2 A4 e A5","twitter_misc":{"Disponibilit\u00e0":"In stock"},"schema":{"@context":"https:\/\/schema.org","@graph":[{"@type":"WebPage","@id":"https:\/\/ercartomattoshop.com\/index.php\/prodotto\/blocco-carta-acquerelli-carioca-plus-300g\/","url":"https:\/\/ercartomattoshop.com\/index.php\/prodotto\/blocco-carta-acquerelli-carioca-plus-300g\/","name":"Blocco Carta Acquerelli Carioca Plus 300 g\/m\u00b2 A4 A5 - Er Cartomatto Shop","isPartOf":{"@id":"https:\/\/ercartomattoshop.com\/#website"},"primaryImageOfPage":{"@id":"https:\/\/ercartomattoshop.com\/index.php\/prodotto\/blocco-carta-acquerelli-carioca-plus-300g\/#primaryimage"},"image":{"@id":"https:\/\/ercartomattoshop.com\/index.php\/prodotto\/blocco-carta-acquerelli-carioca-plus-300g\/#primaryimage"},"thumbnailUrl":"https:\/\/ercartomattoshop.com\/wp-content\/uploads\/2026\/04\/ERCARTOMATTOSHOP-CARIOCA-WATERCOLOR-PAPER.jpg","datePublished":"2026-04-18T15:01:53+00:00","dateModified":"2026-04-18T15:20:45+00:00","description":"Scopri il blocco carta acquerelli Carioca Plus 300 g\/m\u00b2: resistente, versatile e perfetto per scuola e creativit\u00e0. Disponibile A4 e A5.","breadcrumb":{"@id":"https:\/\/ercartomattoshop.com\/index.php\/prodotto\/blocco-carta-acquerelli-carioca-plus-300g\/#breadcrumb"},"inLanguage":"it-IT","potentialAction":[{"@type":"ReadAction","target":["https:\/\/ercartomattoshop.com\/index.php\/prodotto\/blocco-carta-acquerelli-carioca-plus-300g\/"]}]},{"@type":"ImageObject","inLanguage":"it-IT","@id":"https:\/\/ercartomattoshop.com\/index.php\/prodotto\/blocco-carta-acquerelli-carioca-plus-300g\/#primaryimage","url":"https:\/\/ercartomattoshop.com\/wp-content\/uploads\/2026\/04\/ERCARTOMATTOSHOP-CARIOCA-WATERCOLOR-PAPER.jpg","contentUrl":"https:\/\/ercartomattoshop.com\/wp-content\/uploads\/2026\/04\/ERCARTOMATTOSHOP-CARIOCA-WATERCOLOR-PAPER.jpg","width":900,"height":473,"caption":"Blocco Carta Acquerelli Carioca Plus"},{"@type":"BreadcrumbList","@id":"https:\/\/ercartomattoshop.com\/index.php\/prodotto\/blocco-carta-acquerelli-carioca-plus-300g\/#breadcrumb","itemListElement":[{"@type":"ListItem","position":1,"name":"Home","item":"https:\/\/ercartomattoshop.com\/"},{"@type":"ListItem","position":2,"name":"Er Cartomatto Shop: VETRINA PRODOTTI","item":"https:\/\/ercartomattoshop.com\/index.php\/vetrina-prodotti-completa\/"},{"@type":"ListItem","position":3,"name":"Album da disegno per Acquerelli Carioca Plus 300 g\/m\u00b2 A4 e A5"}]},{"@type":"WebSite","@id":"https:\/\/ercartomattoshop.com\/#website","url":"https:\/\/ercartomattoshop.com\/","name":"Er Cartomatto Shop","description":"","publisher":{"@id":"https:\/\/ercartomattoshop.com\/#organization"},"potentialAction":[{"@type":"SearchAction","target":{"@type":"EntryPoint","urlTemplate":"https:\/\/ercartomattoshop.com\/?s={search_term_string}"},"query-input":{"@type":"PropertyValueSpecification","valueRequired":true,"valueName":"search_term_string"}}],"inLanguage":"it-IT"},{"@type":"Organization","@id":"https:\/\/ercartomattoshop.com\/#organization","name":"Er Cartomatto Shop","url":"https:\/\/ercartomattoshop.com\/","logo":{"@type":"ImageObject","inLanguage":"it-IT","@id":"https:\/\/ercartomattoshop.com\/#\/schema\/logo\/image\/","url":"https:\/\/ercartomattoshop.com\/wp-content\/uploads\/2024\/03\/cropped-cropped-ERCARTOMATTO-LOGOTRASPARENTE-1.png","contentUrl":"https:\/\/ercartomattoshop.com\/wp-content\/uploads\/2024\/03\/cropped-cropped-ERCARTOMATTO-LOGOTRASPARENTE-1.png","width":381,"height":354,"caption":"Er Cartomatto Shop"},"image":{"@id":"https:\/\/ercartomattoshop.com\/#\/schema\/logo\/image\/"}}]},"product_brand":"ALBUM DA DISEGNO","og_availability":"instock","product_availability":"instock","product_condition":"new"},"jetpack_publicize_connections":[],"_links":{"self":[{"href":"https:\/\/ercartomattoshop.com\/index.php\/wp-json\/wp\/v2\/product\/3435","targetHints":{"allow":["GET"]}}],"collection":[{"href":"https:\/\/ercartomattoshop.com\/index.php\/wp-json\/wp\/v2\/product"}],"about":[{"href":"https:\/\/ercartomattoshop.com\/index.php\/wp-json\/wp\/v2\/types\/product"}],"wp:featuredmedia":[{"embeddable":true,"href":"https:\/\/ercartomattoshop.com\/index.php\/wp-json\/wp\/v2\/media\/3436"}],"wp:attachment":[{"href":"https:\/\/ercartomattoshop.com\/index.php\/wp-json\/wp\/v2\/media?parent=3435"}],"wp:term":[{"taxonomy":"product_brand","embeddable":true,"href":"https:\/\/ercartomattoshop.com\/index.php\/wp-json\/wp\/v2\/product_brand?post=3435"},{"taxonomy":"product_cat","embeddable":true,"href":"https:\/\/ercartomattoshop.com\/index.php\/wp-json\/wp\/v2\/product_cat?post=3435"},{"taxonomy":"product_tag","embeddable":true,"href":"https:\/\/ercartomattoshop.com\/index.php\/wp-json\/wp\/v2\/product_tag?post=3435"}],"curies":[{"name":"wp","href":"https:\/\/api.w.org\/{rel}","templated":true}]}}