{"id":3427,"date":"2025-04-18T08:28:04","date_gmt":"2025-04-18T06:28:04","guid":{"rendered":"https:\/\/ercartomattoshop.com\/?post_type=product&#038;p=3427"},"modified":"2026-04-18T08:36:05","modified_gmt":"2026-04-18T06:36:05","slug":"album-geometrica-2","status":"publish","type":"product","link":"https:\/\/ercartomattoshop.com\/index.php\/prodotto\/album-geometrica-2\/","title":{"rendered":"Album Geometrica 2 Fogli Singoli 110 g\/m\u00b2 per Disegno Tecnico e Artistico"},"content":{"rendered":"","protected":false},"excerpt":{"rendered":"<h2 data-section-id=\"w3qhm4\" data-start=\"3515\" data-end=\"3558\"><span role=\"text\"><strong data-start=\"3518\" data-end=\"3556\">Album Geometrica 2 disegno tecnico<\/strong><\/span><\/h2>\n<p data-start=\"3559\" data-end=\"3911\"><strong data-start=\"3559\" data-end=\"3603\">Prestazioni elevate e massima precisione<\/strong><br data-start=\"3603\" data-end=\"3606\" \/>L\u2019Album Geometrica 2 \u00e8 pensato per chi cerca qualit\u00e0 e resistenza nel disegno tecnico. Inoltre, grazie alla carta da 110 g\/m\u00b2, garantisce precisione e durata nel tempo. Per questo motivo, \u00e8 ideale per studenti e professionisti. Di conseguenza, rappresenta una scelta affidabile per ogni progetto creativo.<\/p>\n<p data-start=\"3913\" data-end=\"3937\"><strong data-start=\"3913\" data-end=\"3937\">Specifiche prodotto:<\/strong><\/p>\n<ul data-start=\"3938\" data-end=\"4147\">\n<li data-section-id=\"dgmawa\" data-start=\"3938\" data-end=\"3956\">Carta 110 g\/m\u00b2<\/li>\n<li data-section-id=\"uemisq\" data-start=\"3957\" data-end=\"3974\">Cellulosa ECF<\/li>\n<li data-section-id=\"x58szz\" data-start=\"3975\" data-end=\"3993\">Alta collatura<\/li>\n<li data-section-id=\"vt8fgh\" data-start=\"3994\" data-end=\"4026\">Resistente alle cancellature<\/li>\n<li data-section-id=\"yczcey\" data-start=\"4027\" data-end=\"4044\">Fogli singoli<\/li>\n<li data-section-id=\"k0rwea\" data-start=\"4045\" data-end=\"4066\">Angoli rinforzati<\/li>\n<li data-section-id=\"nf49ei\" data-start=\"4067\" data-end=\"4084\">Formato 24&#215;33<\/li>\n<li data-section-id=\"eljbgw\" data-start=\"4085\" data-end=\"4102\">Formato 33&#215;48<\/li>\n<li data-section-id=\"1qb3amp\" data-start=\"4103\" data-end=\"4130\">Uso tecnico e artistico<\/li>\n<li data-section-id=\"1c994n8\" data-start=\"4131\" data-end=\"4147\">Alta qualit\u00e0<\/li>\n<\/ul>\n<p data-start=\"345\" data-end=\"792\">L\u2019Album Geometrica 2 \u00e8 la soluzione ideale per chi cerca precisione e qualit\u00e0 nel disegno tecnico e artistico. Questo prodotto \u00e8 progettato per studenti e professionisti, garantendo risultati puliti e definiti. Inoltre, grazie alla sua struttura resistente, permette un utilizzo quotidiano senza compromessi. Per questo motivo, rappresenta una scelta affidabile per scuola, lavoro e creativit\u00e0.<\/p>\n<p data-start=\"834\" data-end=\"1228\">La carta da 110 g\/m\u00b2 dell\u2019Album Geometrica 2 offre un\u2019elevata resistenza alle cancellature. Infatti, grazie all\u2019alto grado di collatura, puoi correggere senza rovinare il foglio. Inoltre, la composizione in cellulosa 100% ECF garantisce qualit\u00e0 e sostenibilit\u00e0. Di conseguenza, ogni tratto rimane preciso e definito anche dopo pi\u00f9 modifiche.<\/p>\n<h2 data-section-id=\"88p2gu\" data-start=\"1230\" data-end=\"1278\"><\/h2>\n","protected":false},"featured_media":3428,"template":"","meta":{"_acf_changed":false,"jetpack_publicize_message":"Album da disegno Geometrica 4 con carta 220 g\/m\u00b2, resistente alle cancellature e ideale per scuola, disegno tecnico e artistico.","jetpack_publicize_feature_enabled":true,"jetpack_social_post_already_shared":true,"jetpack_social_options":{"image_generator_settings":{"template":"highway","default_image_id":0,"font":"","enabled":false},"version":2}},"product_brand":[],"product_cat":[252,33,61,491],"product_tag":[486,493,499,497,501,502,498,503,504,500],"class_list":{"0":"post-3427","1":"product","2":"type-product","3":"status-publish","4":"has-post-thumbnail","6":"product_cat-album-da-disegno","7":"product_cat-marchi","8":"product_cat-cartoleria","9":"product_cat-geometrica","10":"product_tag-album-artistico","11":"product_tag-album-disegno-tecnico","12":"product_tag-album-geometria","13":"product_tag-album-geometrica-2","14":"product_tag-album-per-architetti","15":"product_tag-album-scuola-disegno","16":"product_tag-carta-110-g","17":"product_tag-cartoleria-tecnica","18":"product_tag-disegno-professionale","19":"product_tag-fogli-singoli-disegno","21":"first","22":"instock","23":"shipping-taxable","24":"purchasable","25":"product-type-variable"},"acf":[],"yoast_head":"<!-- This site is optimized with the Yoast SEO Premium plugin v27.4 (Yoast SEO v27.4) - https:\/\/yoast.com\/product\/yoast-seo-premium-wordpress\/ -->\n<title>Album Geometrica 2 110 g\/m\u00b2 per Disegno Tecnico e Artistico - Er Cartomatto Shop<\/title>\n<meta name=\"description\" content=\"Scopri Album Geometrica 2 con carta 110 g\/m\u00b2, resistente alle cancellature. Ideale per scuola, architetti e disegno tecnico professionale.\" \/>\n<meta name=\"robots\" content=\"index, follow, max-snippet:-1, max-image-preview:large, max-video-preview:-1\" \/>\n<link rel=\"canonical\" href=\"https:\/\/ercartomattoshop.com\/index.php\/prodotto\/album-geometrica-2\/\" \/>\n<meta property=\"og:locale\" content=\"it_IT\" \/>\n<meta property=\"og:type\" content=\"article\" \/>\n<meta property=\"og:title\" content=\"Album Geometrica 2: precisione e qualit\u00e0 per il disegno\" \/>\n<meta property=\"og:description\" content=\"Scegli Album Geometrica 2 per disegno tecnico e artistico. Carta resistente, fogli singoli e massima precisione per ogni progetto.\" \/>\n<meta property=\"og:url\" content=\"https:\/\/ercartomattoshop.com\/index.php\/prodotto\/album-geometrica-2\/\" \/>\n<meta property=\"og:site_name\" content=\"Er Cartomatto Shop\" \/>\n<meta property=\"article:modified_time\" content=\"2026-04-18T06:36:05+00:00\" \/>\n<meta property=\"og:image\" content=\"https:\/\/ercartomattoshop.com\/wp-content\/uploads\/2026\/04\/ERCARTOMATTOSHOP-GEOMETRICA-ALBUM-DISEGNO-2.jpg\" \/>\n\t<meta property=\"og:image:width\" content=\"900\" \/>\n\t<meta property=\"og:image:height\" content=\"473\" \/>\n\t<meta property=\"og:image:type\" content=\"image\/jpeg\" \/>\n<meta name=\"twitter:card\" content=\"summary_large_image\" \/>\n<meta name=\"twitter:title\" content=\"Album Geometrica 2 Fogli Singoli 110 g\/m\u00b2 per Disegno Tecnico e Artistico\" \/>\n<meta name=\"twitter:label1\" content=\"Disponibilit\u00e0\" \/>\n\t<meta name=\"twitter:data1\" content=\"In stock\" \/>\n<script type=\"application\/ld+json\" class=\"yoast-schema-graph\">{\"@context\":\"https:\\\/\\\/schema.org\",\"@graph\":[{\"@type\":\"WebPage\",\"@id\":\"https:\\\/\\\/ercartomattoshop.com\\\/index.php\\\/prodotto\\\/album-geometrica-2\\\/\",\"url\":\"https:\\\/\\\/ercartomattoshop.com\\\/index.php\\\/prodotto\\\/album-geometrica-2\\\/\",\"name\":\"Album Geometrica 2 110 g\\\/m\u00b2 per Disegno Tecnico e Artistico - Er Cartomatto Shop\",\"isPartOf\":{\"@id\":\"https:\\\/\\\/ercartomattoshop.com\\\/#website\"},\"primaryImageOfPage\":{\"@id\":\"https:\\\/\\\/ercartomattoshop.com\\\/index.php\\\/prodotto\\\/album-geometrica-2\\\/#primaryimage\"},\"image\":{\"@id\":\"https:\\\/\\\/ercartomattoshop.com\\\/index.php\\\/prodotto\\\/album-geometrica-2\\\/#primaryimage\"},\"thumbnailUrl\":\"https:\\\/\\\/ercartomattoshop.com\\\/wp-content\\\/uploads\\\/2026\\\/04\\\/ERCARTOMATTOSHOP-GEOMETRICA-ALBUM-DISEGNO-2.jpg\",\"datePublished\":\"2025-04-18T06:28:04+00:00\",\"dateModified\":\"2026-04-18T06:36:05+00:00\",\"description\":\"Scopri Album Geometrica 2 con carta 110 g\\\/m\u00b2, resistente alle cancellature. Ideale per scuola, architetti e disegno tecnico professionale.\",\"breadcrumb\":{\"@id\":\"https:\\\/\\\/ercartomattoshop.com\\\/index.php\\\/prodotto\\\/album-geometrica-2\\\/#breadcrumb\"},\"inLanguage\":\"it-IT\",\"potentialAction\":[{\"@type\":\"ReadAction\",\"target\":[\"https:\\\/\\\/ercartomattoshop.com\\\/index.php\\\/prodotto\\\/album-geometrica-2\\\/\"]}]},{\"@type\":\"ImageObject\",\"inLanguage\":\"it-IT\",\"@id\":\"https:\\\/\\\/ercartomattoshop.com\\\/index.php\\\/prodotto\\\/album-geometrica-2\\\/#primaryimage\",\"url\":\"https:\\\/\\\/ercartomattoshop.com\\\/wp-content\\\/uploads\\\/2026\\\/04\\\/ERCARTOMATTOSHOP-GEOMETRICA-ALBUM-DISEGNO-2.jpg\",\"contentUrl\":\"https:\\\/\\\/ercartomattoshop.com\\\/wp-content\\\/uploads\\\/2026\\\/04\\\/ERCARTOMATTOSHOP-GEOMETRICA-ALBUM-DISEGNO-2.jpg\",\"width\":900,\"height\":473,\"caption\":\"Album da Disegno Geometrica 2 110 g\\\/m\u00b2\"},{\"@type\":\"BreadcrumbList\",\"@id\":\"https:\\\/\\\/ercartomattoshop.com\\\/index.php\\\/prodotto\\\/album-geometrica-2\\\/#breadcrumb\",\"itemListElement\":[{\"@type\":\"ListItem\",\"position\":1,\"name\":\"Home\",\"item\":\"https:\\\/\\\/ercartomattoshop.com\\\/\"},{\"@type\":\"ListItem\",\"position\":2,\"name\":\"Er Cartomatto Shop: VETRINA PRODOTTI\",\"item\":\"https:\\\/\\\/ercartomattoshop.com\\\/index.php\\\/vetrina-prodotti-completa\\\/\"},{\"@type\":\"ListItem\",\"position\":3,\"name\":\"Album Geometrica 2 Fogli Singoli 110 g\\\/m\u00b2 per Disegno Tecnico e Artistico\"}]},{\"@type\":\"WebSite\",\"@id\":\"https:\\\/\\\/ercartomattoshop.com\\\/#website\",\"url\":\"https:\\\/\\\/ercartomattoshop.com\\\/\",\"name\":\"Er Cartomatto Shop\",\"description\":\"\",\"publisher\":{\"@id\":\"https:\\\/\\\/ercartomattoshop.com\\\/#organization\"},\"potentialAction\":[{\"@type\":\"SearchAction\",\"target\":{\"@type\":\"EntryPoint\",\"urlTemplate\":\"https:\\\/\\\/ercartomattoshop.com\\\/?s={search_term_string}\"},\"query-input\":{\"@type\":\"PropertyValueSpecification\",\"valueRequired\":true,\"valueName\":\"search_term_string\"}}],\"inLanguage\":\"it-IT\"},{\"@type\":\"Organization\",\"@id\":\"https:\\\/\\\/ercartomattoshop.com\\\/#organization\",\"name\":\"Er Cartomatto Shop\",\"url\":\"https:\\\/\\\/ercartomattoshop.com\\\/\",\"logo\":{\"@type\":\"ImageObject\",\"inLanguage\":\"it-IT\",\"@id\":\"https:\\\/\\\/ercartomattoshop.com\\\/#\\\/schema\\\/logo\\\/image\\\/\",\"url\":\"https:\\\/\\\/ercartomattoshop.com\\\/wp-content\\\/uploads\\\/2024\\\/03\\\/cropped-cropped-ERCARTOMATTO-LOGOTRASPARENTE-1.png\",\"contentUrl\":\"https:\\\/\\\/ercartomattoshop.com\\\/wp-content\\\/uploads\\\/2024\\\/03\\\/cropped-cropped-ERCARTOMATTO-LOGOTRASPARENTE-1.png\",\"width\":381,\"height\":354,\"caption\":\"Er Cartomatto Shop\"},\"image\":{\"@id\":\"https:\\\/\\\/ercartomattoshop.com\\\/#\\\/schema\\\/logo\\\/image\\\/\"}}]}<\/script>\n<meta property=\"product:brand\" content=\"ALBUM DA DISEGNO\" \/>\n<meta property=\"og:availability\" content=\"instock\" \/>\n<meta property=\"product:availability\" content=\"instock\" \/>\n<meta property=\"product:condition\" content=\"new\" \/>\n<!-- \/ Yoast SEO Premium plugin. -->","yoast_head_json":{"title":"Album Geometrica 2 110 g\/m\u00b2 per Disegno Tecnico e Artistico - Er Cartomatto Shop","description":"Scopri Album Geometrica 2 con carta 110 g\/m\u00b2, resistente alle cancellature. Ideale per scuola, architetti e disegno tecnico professionale.","robots":{"index":"index","follow":"follow","max-snippet":"max-snippet:-1","max-image-preview":"max-image-preview:large","max-video-preview":"max-video-preview:-1"},"canonical":"https:\/\/ercartomattoshop.com\/index.php\/prodotto\/album-geometrica-2\/","og_locale":"it_IT","og_type":"article","og_title":"Album Geometrica 2: precisione e qualit\u00e0 per il disegno","og_description":"Scegli Album Geometrica 2 per disegno tecnico e artistico. Carta resistente, fogli singoli e massima precisione per ogni progetto.","og_url":"https:\/\/ercartomattoshop.com\/index.php\/prodotto\/album-geometrica-2\/","og_site_name":"Er Cartomatto Shop","article_modified_time":"2026-04-18T06:36:05+00:00","og_image":[{"width":900,"height":473,"url":"https:\/\/ercartomattoshop.com\/wp-content\/uploads\/2026\/04\/ERCARTOMATTOSHOP-GEOMETRICA-ALBUM-DISEGNO-2.jpg","type":"image\/jpeg"}],"twitter_card":"summary_large_image","twitter_title":"Album Geometrica 2 Fogli Singoli 110 g\/m\u00b2 per Disegno Tecnico e Artistico","twitter_misc":{"Disponibilit\u00e0":"In stock"},"schema":{"@context":"https:\/\/schema.org","@graph":[{"@type":"WebPage","@id":"https:\/\/ercartomattoshop.com\/index.php\/prodotto\/album-geometrica-2\/","url":"https:\/\/ercartomattoshop.com\/index.php\/prodotto\/album-geometrica-2\/","name":"Album Geometrica 2 110 g\/m\u00b2 per Disegno Tecnico e Artistico - Er Cartomatto Shop","isPartOf":{"@id":"https:\/\/ercartomattoshop.com\/#website"},"primaryImageOfPage":{"@id":"https:\/\/ercartomattoshop.com\/index.php\/prodotto\/album-geometrica-2\/#primaryimage"},"image":{"@id":"https:\/\/ercartomattoshop.com\/index.php\/prodotto\/album-geometrica-2\/#primaryimage"},"thumbnailUrl":"https:\/\/ercartomattoshop.com\/wp-content\/uploads\/2026\/04\/ERCARTOMATTOSHOP-GEOMETRICA-ALBUM-DISEGNO-2.jpg","datePublished":"2025-04-18T06:28:04+00:00","dateModified":"2026-04-18T06:36:05+00:00","description":"Scopri Album Geometrica 2 con carta 110 g\/m\u00b2, resistente alle cancellature. Ideale per scuola, architetti e disegno tecnico professionale.","breadcrumb":{"@id":"https:\/\/ercartomattoshop.com\/index.php\/prodotto\/album-geometrica-2\/#breadcrumb"},"inLanguage":"it-IT","potentialAction":[{"@type":"ReadAction","target":["https:\/\/ercartomattoshop.com\/index.php\/prodotto\/album-geometrica-2\/"]}]},{"@type":"ImageObject","inLanguage":"it-IT","@id":"https:\/\/ercartomattoshop.com\/index.php\/prodotto\/album-geometrica-2\/#primaryimage","url":"https:\/\/ercartomattoshop.com\/wp-content\/uploads\/2026\/04\/ERCARTOMATTOSHOP-GEOMETRICA-ALBUM-DISEGNO-2.jpg","contentUrl":"https:\/\/ercartomattoshop.com\/wp-content\/uploads\/2026\/04\/ERCARTOMATTOSHOP-GEOMETRICA-ALBUM-DISEGNO-2.jpg","width":900,"height":473,"caption":"Album da Disegno Geometrica 2 110 g\/m\u00b2"},{"@type":"BreadcrumbList","@id":"https:\/\/ercartomattoshop.com\/index.php\/prodotto\/album-geometrica-2\/#breadcrumb","itemListElement":[{"@type":"ListItem","position":1,"name":"Home","item":"https:\/\/ercartomattoshop.com\/"},{"@type":"ListItem","position":2,"name":"Er Cartomatto Shop: VETRINA PRODOTTI","item":"https:\/\/ercartomattoshop.com\/index.php\/vetrina-prodotti-completa\/"},{"@type":"ListItem","position":3,"name":"Album Geometrica 2 Fogli Singoli 110 g\/m\u00b2 per Disegno Tecnico e Artistico"}]},{"@type":"WebSite","@id":"https:\/\/ercartomattoshop.com\/#website","url":"https:\/\/ercartomattoshop.com\/","name":"Er Cartomatto Shop","description":"","publisher":{"@id":"https:\/\/ercartomattoshop.com\/#organization"},"potentialAction":[{"@type":"SearchAction","target":{"@type":"EntryPoint","urlTemplate":"https:\/\/ercartomattoshop.com\/?s={search_term_string}"},"query-input":{"@type":"PropertyValueSpecification","valueRequired":true,"valueName":"search_term_string"}}],"inLanguage":"it-IT"},{"@type":"Organization","@id":"https:\/\/ercartomattoshop.com\/#organization","name":"Er Cartomatto Shop","url":"https:\/\/ercartomattoshop.com\/","logo":{"@type":"ImageObject","inLanguage":"it-IT","@id":"https:\/\/ercartomattoshop.com\/#\/schema\/logo\/image\/","url":"https:\/\/ercartomattoshop.com\/wp-content\/uploads\/2024\/03\/cropped-cropped-ERCARTOMATTO-LOGOTRASPARENTE-1.png","contentUrl":"https:\/\/ercartomattoshop.com\/wp-content\/uploads\/2024\/03\/cropped-cropped-ERCARTOMATTO-LOGOTRASPARENTE-1.png","width":381,"height":354,"caption":"Er Cartomatto Shop"},"image":{"@id":"https:\/\/ercartomattoshop.com\/#\/schema\/logo\/image\/"}}]},"product_brand":"ALBUM DA DISEGNO","og_availability":"instock","product_availability":"instock","product_condition":"new"},"jetpack_publicize_connections":[],"_links":{"self":[{"href":"https:\/\/ercartomattoshop.com\/index.php\/wp-json\/wp\/v2\/product\/3427","targetHints":{"allow":["GET"]}}],"collection":[{"href":"https:\/\/ercartomattoshop.com\/index.php\/wp-json\/wp\/v2\/product"}],"about":[{"href":"https:\/\/ercartomattoshop.com\/index.php\/wp-json\/wp\/v2\/types\/product"}],"wp:featuredmedia":[{"embeddable":true,"href":"https:\/\/ercartomattoshop.com\/index.php\/wp-json\/wp\/v2\/media\/3428"}],"wp:attachment":[{"href":"https:\/\/ercartomattoshop.com\/index.php\/wp-json\/wp\/v2\/media?parent=3427"}],"wp:term":[{"taxonomy":"product_brand","embeddable":true,"href":"https:\/\/ercartomattoshop.com\/index.php\/wp-json\/wp\/v2\/product_brand?post=3427"},{"taxonomy":"product_cat","embeddable":true,"href":"https:\/\/ercartomattoshop.com\/index.php\/wp-json\/wp\/v2\/product_cat?post=3427"},{"taxonomy":"product_tag","embeddable":true,"href":"https:\/\/ercartomattoshop.com\/index.php\/wp-json\/wp\/v2\/product_tag?post=3427"}],"curies":[{"name":"wp","href":"https:\/\/api.w.org\/{rel}","templated":true}]}}