{"id":3411,"date":"2025-04-17T15:23:40","date_gmt":"2025-04-17T13:23:40","guid":{"rendered":"https:\/\/ercartomattoshop.com\/?post_type=product&#038;p=3411"},"modified":"2026-04-17T15:46:04","modified_gmt":"2026-04-17T13:46:04","slug":"album-da-disegno-fabriano-disegno-f2","status":"publish","type":"product","link":"https:\/\/ercartomattoshop.com\/index.php\/prodotto\/album-da-disegno-fabriano-disegno-f2\/","title":{"rendered":"Album da Disegno Fabriano Disegno 2 110g \u2013 Carta Liscia e Ruvida FSC"},"content":{"rendered":"","protected":false},"excerpt":{"rendered":"<h2 data-section-id=\"1hp28f\" data-start=\"3783\" data-end=\"3826\">Album da Disegno Fabriano Disegno F2<\/h2>\n<h3 data-section-id=\"1efj6kc\" data-start=\"3827\" data-end=\"3868\">Il supporto ideale per ogni tecnica<\/h3>\n<p data-start=\"3869\" data-end=\"4273\">L\u2019album da disegno Fabriano Disegno F2 \u00e8 perfetto per chi cerca qualit\u00e0 e affidabilit\u00e0. Inoltre, grazie alla carta certificata FSC ed ECOLABEL, garantisce sostenibilit\u00e0 e prestazioni elevate. La doppia superficie permette di adattarsi a ogni tecnica artistica. Per questo motivo, rappresenta una soluzione completa per studenti e creativi che vogliono ottenere risultati sempre precisi e professionali.<\/p>\n<ul data-start=\"4275\" data-end=\"4526\">\n<li data-section-id=\"bnr6dr\" data-start=\"4275\" data-end=\"4296\">Carta da 110 g\/m\u00b2<\/li>\n<li data-section-id=\"59qoks\" data-start=\"4297\" data-end=\"4327\">Superficie liscia e ruvida<\/li>\n<li data-section-id=\"1vp348d\" data-start=\"4328\" data-end=\"4350\">Certificazione FSC<\/li>\n<li data-section-id=\"1qeoqd0\" data-start=\"4351\" data-end=\"4378\">Certificazione ECOLABEL<\/li>\n<li data-section-id=\"uemisq\" data-start=\"4379\" data-end=\"4396\">Cellulosa ECF<\/li>\n<li data-section-id=\"1po8x5z\" data-start=\"4397\" data-end=\"4419\">Filigrana Fabriano<\/li>\n<li data-section-id=\"1wrif10\" data-start=\"4420\" data-end=\"4440\">Formato 24&#215;33 cm<\/li>\n<li data-section-id=\"1hnlwke\" data-start=\"4441\" data-end=\"4461\">Formato 33&#215;48 cm<\/li>\n<li data-section-id=\"12p00uw\" data-start=\"4462\" data-end=\"4492\">Uso scolastico e artistico<\/li>\n<li data-section-id=\"1bb2vxs\" data-start=\"4493\" data-end=\"4526\">Alta qualit\u00e0 Made in Fabriano<\/li>\n<\/ul>\n","protected":false},"featured_media":3412,"template":"","meta":{"_acf_changed":false,"jetpack_publicize_message":"Album da disegno Fabriano Disegno F2 con carta 110g, disponibile liscia o ruvida, certificato FSC ed ECOLABEL, ideale per scuola e creativit\u00e0.\r\nVieni a trovarci in Corso Susa 153\/b a Rivoli oppure visita i nostri spazi web: ercartomatto.com ed ercartomattoshop.com\r\n\r\n#AlbumDaDisegnoFabriano #FabrianoF2 #FabrianoF4 #FabrianoArte #ArteAScuola #DisegnoCreativo #DisegnoTecnico #DisegnoArtistico #DisegnoFabriano #Qualit\u00e0Fabriano #ArteFabriano #CartoleriaRivoli #FabrianoShop #Ercartomatto #Ercartomattorivoli #RivoliShop #CosoSusa153 #CartoleriaRivoli #ErcartomattoShop","jetpack_publicize_feature_enabled":true,"jetpack_social_post_already_shared":true,"jetpack_social_options":{"image_generator_settings":{"template":"highway","default_image_id":0,"font":"","enabled":false},"version":2}},"product_brand":[],"product_cat":[252,33,61,251],"product_tag":[486,481,483,489,484,485,487,488,490,482],"class_list":{"0":"post-3411","1":"product","2":"type-product","3":"status-publish","4":"has-post-thumbnail","6":"product_cat-album-da-disegno","7":"product_cat-marchi","8":"product_cat-cartoleria","9":"product_cat-fabriano","10":"product_tag-album-artistico","11":"product_tag-album-disegno","12":"product_tag-album-scuola","13":"product_tag-blocco-disegno","14":"product_tag-carta-disegno-liscia","15":"product_tag-carta-disegno-ruvida","16":"product_tag-carta-fsc","17":"product_tag-cartoleria-scuola","18":"product_tag-fabbriano-disegno-2","19":"product_tag-fabbriano-f2","21":"first","22":"instock","23":"shipping-taxable","24":"purchasable","25":"product-type-variable"},"acf":[],"yoast_head":"<!-- This site is optimized with the Yoast SEO Premium plugin v27.4 (Yoast SEO v27.4) - https:\/\/yoast.com\/product\/yoast-seo-premium-wordpress\/ -->\n<title>Album da Disegno Fabriano Disegno 2 F2 110g Liscia e Ruvida<\/title>\n<meta name=\"description\" content=\"Scopri l\u2019album da disegno Fabriano Disegno F2: carta 110g, superfici liscia e ruvida, certificazioni FSC ed ECOLABEL. Ideale per scuola e artisti.\" \/>\n<meta name=\"robots\" content=\"index, follow, max-snippet:-1, max-image-preview:large, max-video-preview:-1\" \/>\n<link rel=\"canonical\" href=\"https:\/\/ercartomattoshop.com\/index.php\/prodotto\/album-da-disegno-fabriano-disegno-f2\/\" \/>\n<meta property=\"og:locale\" content=\"it_IT\" \/>\n<meta property=\"og:type\" content=\"article\" \/>\n<meta property=\"og:title\" content=\"Album da Disegno Fabriano Disegno F2 \u2013 Qualit\u00e0 e Precisione\" \/>\n<meta property=\"og:description\" content=\"Scegli l\u2019album da disegno Fabriano Disegno F2: versatile, resistente e sostenibile. Perfetto per ogni tecnica artistica.\" \/>\n<meta property=\"og:url\" content=\"https:\/\/ercartomattoshop.com\/index.php\/prodotto\/album-da-disegno-fabriano-disegno-f2\/\" \/>\n<meta property=\"og:site_name\" content=\"Er Cartomatto Shop\" \/>\n<meta property=\"article:modified_time\" content=\"2026-04-17T13:46:04+00:00\" \/>\n<meta property=\"og:image\" content=\"https:\/\/ercartomattoshop.com\/wp-content\/uploads\/2026\/04\/ERCARTOMATTOSHOP-FABRIANO-ALBUM-DISEGNO-F2.jpg\" \/>\n\t<meta property=\"og:image:width\" content=\"900\" \/>\n\t<meta property=\"og:image:height\" content=\"473\" \/>\n\t<meta property=\"og:image:type\" content=\"image\/jpeg\" \/>\n<meta name=\"twitter:card\" content=\"summary_large_image\" \/>\n<meta name=\"twitter:title\" content=\"Album da Disegno Fabriano Disegno 2 110g \u2013 Carta Liscia e Ruvida FSC\" \/>\n<meta name=\"twitter:label1\" content=\"Disponibilit\u00e0\" \/>\n\t<meta name=\"twitter:data1\" content=\"In stock\" \/>\n<script type=\"application\/ld+json\" class=\"yoast-schema-graph\">{\"@context\":\"https:\\\/\\\/schema.org\",\"@graph\":[{\"@type\":\"WebPage\",\"@id\":\"https:\\\/\\\/ercartomattoshop.com\\\/index.php\\\/prodotto\\\/album-da-disegno-fabriano-disegno-f2\\\/\",\"url\":\"https:\\\/\\\/ercartomattoshop.com\\\/index.php\\\/prodotto\\\/album-da-disegno-fabriano-disegno-f2\\\/\",\"name\":\"Album da Disegno Fabriano Disegno 2 F2 110g Liscia e Ruvida\",\"isPartOf\":{\"@id\":\"https:\\\/\\\/ercartomattoshop.com\\\/#website\"},\"primaryImageOfPage\":{\"@id\":\"https:\\\/\\\/ercartomattoshop.com\\\/index.php\\\/prodotto\\\/album-da-disegno-fabriano-disegno-f2\\\/#primaryimage\"},\"image\":{\"@id\":\"https:\\\/\\\/ercartomattoshop.com\\\/index.php\\\/prodotto\\\/album-da-disegno-fabriano-disegno-f2\\\/#primaryimage\"},\"thumbnailUrl\":\"https:\\\/\\\/ercartomattoshop.com\\\/wp-content\\\/uploads\\\/2026\\\/04\\\/ERCARTOMATTOSHOP-FABRIANO-ALBUM-DISEGNO-F2.jpg\",\"datePublished\":\"2025-04-17T13:23:40+00:00\",\"dateModified\":\"2026-04-17T13:46:04+00:00\",\"description\":\"Scopri l\u2019album da disegno Fabriano Disegno F2: carta 110g, superfici liscia e ruvida, certificazioni FSC ed ECOLABEL. Ideale per scuola e artisti.\",\"breadcrumb\":{\"@id\":\"https:\\\/\\\/ercartomattoshop.com\\\/index.php\\\/prodotto\\\/album-da-disegno-fabriano-disegno-f2\\\/#breadcrumb\"},\"inLanguage\":\"it-IT\",\"potentialAction\":[{\"@type\":\"ReadAction\",\"target\":[\"https:\\\/\\\/ercartomattoshop.com\\\/index.php\\\/prodotto\\\/album-da-disegno-fabriano-disegno-f2\\\/\"]}]},{\"@type\":\"ImageObject\",\"inLanguage\":\"it-IT\",\"@id\":\"https:\\\/\\\/ercartomattoshop.com\\\/index.php\\\/prodotto\\\/album-da-disegno-fabriano-disegno-f2\\\/#primaryimage\",\"url\":\"https:\\\/\\\/ercartomattoshop.com\\\/wp-content\\\/uploads\\\/2026\\\/04\\\/ERCARTOMATTOSHOP-FABRIANO-ALBUM-DISEGNO-F2.jpg\",\"contentUrl\":\"https:\\\/\\\/ercartomattoshop.com\\\/wp-content\\\/uploads\\\/2026\\\/04\\\/ERCARTOMATTOSHOP-FABRIANO-ALBUM-DISEGNO-F2.jpg\",\"width\":900,\"height\":473,\"caption\":\"Album da Disegno Fabriano Disegno 2 F2\"},{\"@type\":\"BreadcrumbList\",\"@id\":\"https:\\\/\\\/ercartomattoshop.com\\\/index.php\\\/prodotto\\\/album-da-disegno-fabriano-disegno-f2\\\/#breadcrumb\",\"itemListElement\":[{\"@type\":\"ListItem\",\"position\":1,\"name\":\"Home\",\"item\":\"https:\\\/\\\/ercartomattoshop.com\\\/\"},{\"@type\":\"ListItem\",\"position\":2,\"name\":\"Er Cartomatto Shop: VETRINA PRODOTTI\",\"item\":\"https:\\\/\\\/ercartomattoshop.com\\\/index.php\\\/vetrina-prodotti-completa\\\/\"},{\"@type\":\"ListItem\",\"position\":3,\"name\":\"Album da Disegno Fabriano Disegno 2 110g \u2013 Carta Liscia e Ruvida FSC\"}]},{\"@type\":\"WebSite\",\"@id\":\"https:\\\/\\\/ercartomattoshop.com\\\/#website\",\"url\":\"https:\\\/\\\/ercartomattoshop.com\\\/\",\"name\":\"Er Cartomatto Shop\",\"description\":\"\",\"publisher\":{\"@id\":\"https:\\\/\\\/ercartomattoshop.com\\\/#organization\"},\"potentialAction\":[{\"@type\":\"SearchAction\",\"target\":{\"@type\":\"EntryPoint\",\"urlTemplate\":\"https:\\\/\\\/ercartomattoshop.com\\\/?s={search_term_string}\"},\"query-input\":{\"@type\":\"PropertyValueSpecification\",\"valueRequired\":true,\"valueName\":\"search_term_string\"}}],\"inLanguage\":\"it-IT\"},{\"@type\":\"Organization\",\"@id\":\"https:\\\/\\\/ercartomattoshop.com\\\/#organization\",\"name\":\"Er Cartomatto Shop\",\"url\":\"https:\\\/\\\/ercartomattoshop.com\\\/\",\"logo\":{\"@type\":\"ImageObject\",\"inLanguage\":\"it-IT\",\"@id\":\"https:\\\/\\\/ercartomattoshop.com\\\/#\\\/schema\\\/logo\\\/image\\\/\",\"url\":\"https:\\\/\\\/ercartomattoshop.com\\\/wp-content\\\/uploads\\\/2024\\\/03\\\/cropped-cropped-ERCARTOMATTO-LOGOTRASPARENTE-1.png\",\"contentUrl\":\"https:\\\/\\\/ercartomattoshop.com\\\/wp-content\\\/uploads\\\/2024\\\/03\\\/cropped-cropped-ERCARTOMATTO-LOGOTRASPARENTE-1.png\",\"width\":381,\"height\":354,\"caption\":\"Er Cartomatto Shop\"},\"image\":{\"@id\":\"https:\\\/\\\/ercartomattoshop.com\\\/#\\\/schema\\\/logo\\\/image\\\/\"}}]}<\/script>\n<meta property=\"product:brand\" content=\"ALBUM DA DISEGNO\" \/>\n<meta property=\"og:availability\" content=\"instock\" \/>\n<meta property=\"product:availability\" content=\"instock\" \/>\n<meta property=\"product:condition\" content=\"new\" \/>\n<!-- \/ Yoast SEO Premium plugin. -->","yoast_head_json":{"title":"Album da Disegno Fabriano Disegno 2 F2 110g Liscia e Ruvida","description":"Scopri l\u2019album da disegno Fabriano Disegno F2: carta 110g, superfici liscia e ruvida, certificazioni FSC ed ECOLABEL. Ideale per scuola e artisti.","robots":{"index":"index","follow":"follow","max-snippet":"max-snippet:-1","max-image-preview":"max-image-preview:large","max-video-preview":"max-video-preview:-1"},"canonical":"https:\/\/ercartomattoshop.com\/index.php\/prodotto\/album-da-disegno-fabriano-disegno-f2\/","og_locale":"it_IT","og_type":"article","og_title":"Album da Disegno Fabriano Disegno F2 \u2013 Qualit\u00e0 e Precisione","og_description":"Scegli l\u2019album da disegno Fabriano Disegno F2: versatile, resistente e sostenibile. Perfetto per ogni tecnica artistica.","og_url":"https:\/\/ercartomattoshop.com\/index.php\/prodotto\/album-da-disegno-fabriano-disegno-f2\/","og_site_name":"Er Cartomatto Shop","article_modified_time":"2026-04-17T13:46:04+00:00","og_image":[{"width":900,"height":473,"url":"https:\/\/ercartomattoshop.com\/wp-content\/uploads\/2026\/04\/ERCARTOMATTOSHOP-FABRIANO-ALBUM-DISEGNO-F2.jpg","type":"image\/jpeg"}],"twitter_card":"summary_large_image","twitter_title":"Album da Disegno Fabriano Disegno 2 110g \u2013 Carta Liscia e Ruvida FSC","twitter_misc":{"Disponibilit\u00e0":"In stock"},"schema":{"@context":"https:\/\/schema.org","@graph":[{"@type":"WebPage","@id":"https:\/\/ercartomattoshop.com\/index.php\/prodotto\/album-da-disegno-fabriano-disegno-f2\/","url":"https:\/\/ercartomattoshop.com\/index.php\/prodotto\/album-da-disegno-fabriano-disegno-f2\/","name":"Album da Disegno Fabriano Disegno 2 F2 110g Liscia e Ruvida","isPartOf":{"@id":"https:\/\/ercartomattoshop.com\/#website"},"primaryImageOfPage":{"@id":"https:\/\/ercartomattoshop.com\/index.php\/prodotto\/album-da-disegno-fabriano-disegno-f2\/#primaryimage"},"image":{"@id":"https:\/\/ercartomattoshop.com\/index.php\/prodotto\/album-da-disegno-fabriano-disegno-f2\/#primaryimage"},"thumbnailUrl":"https:\/\/ercartomattoshop.com\/wp-content\/uploads\/2026\/04\/ERCARTOMATTOSHOP-FABRIANO-ALBUM-DISEGNO-F2.jpg","datePublished":"2025-04-17T13:23:40+00:00","dateModified":"2026-04-17T13:46:04+00:00","description":"Scopri l\u2019album da disegno Fabriano Disegno F2: carta 110g, superfici liscia e ruvida, certificazioni FSC ed ECOLABEL. Ideale per scuola e artisti.","breadcrumb":{"@id":"https:\/\/ercartomattoshop.com\/index.php\/prodotto\/album-da-disegno-fabriano-disegno-f2\/#breadcrumb"},"inLanguage":"it-IT","potentialAction":[{"@type":"ReadAction","target":["https:\/\/ercartomattoshop.com\/index.php\/prodotto\/album-da-disegno-fabriano-disegno-f2\/"]}]},{"@type":"ImageObject","inLanguage":"it-IT","@id":"https:\/\/ercartomattoshop.com\/index.php\/prodotto\/album-da-disegno-fabriano-disegno-f2\/#primaryimage","url":"https:\/\/ercartomattoshop.com\/wp-content\/uploads\/2026\/04\/ERCARTOMATTOSHOP-FABRIANO-ALBUM-DISEGNO-F2.jpg","contentUrl":"https:\/\/ercartomattoshop.com\/wp-content\/uploads\/2026\/04\/ERCARTOMATTOSHOP-FABRIANO-ALBUM-DISEGNO-F2.jpg","width":900,"height":473,"caption":"Album da Disegno Fabriano Disegno 2 F2"},{"@type":"BreadcrumbList","@id":"https:\/\/ercartomattoshop.com\/index.php\/prodotto\/album-da-disegno-fabriano-disegno-f2\/#breadcrumb","itemListElement":[{"@type":"ListItem","position":1,"name":"Home","item":"https:\/\/ercartomattoshop.com\/"},{"@type":"ListItem","position":2,"name":"Er Cartomatto Shop: VETRINA PRODOTTI","item":"https:\/\/ercartomattoshop.com\/index.php\/vetrina-prodotti-completa\/"},{"@type":"ListItem","position":3,"name":"Album da Disegno Fabriano Disegno 2 110g \u2013 Carta Liscia e Ruvida FSC"}]},{"@type":"WebSite","@id":"https:\/\/ercartomattoshop.com\/#website","url":"https:\/\/ercartomattoshop.com\/","name":"Er Cartomatto Shop","description":"","publisher":{"@id":"https:\/\/ercartomattoshop.com\/#organization"},"potentialAction":[{"@type":"SearchAction","target":{"@type":"EntryPoint","urlTemplate":"https:\/\/ercartomattoshop.com\/?s={search_term_string}"},"query-input":{"@type":"PropertyValueSpecification","valueRequired":true,"valueName":"search_term_string"}}],"inLanguage":"it-IT"},{"@type":"Organization","@id":"https:\/\/ercartomattoshop.com\/#organization","name":"Er Cartomatto Shop","url":"https:\/\/ercartomattoshop.com\/","logo":{"@type":"ImageObject","inLanguage":"it-IT","@id":"https:\/\/ercartomattoshop.com\/#\/schema\/logo\/image\/","url":"https:\/\/ercartomattoshop.com\/wp-content\/uploads\/2024\/03\/cropped-cropped-ERCARTOMATTO-LOGOTRASPARENTE-1.png","contentUrl":"https:\/\/ercartomattoshop.com\/wp-content\/uploads\/2024\/03\/cropped-cropped-ERCARTOMATTO-LOGOTRASPARENTE-1.png","width":381,"height":354,"caption":"Er Cartomatto Shop"},"image":{"@id":"https:\/\/ercartomattoshop.com\/#\/schema\/logo\/image\/"}}]},"product_brand":"ALBUM DA DISEGNO","og_availability":"instock","product_availability":"instock","product_condition":"new"},"jetpack_publicize_connections":[],"_links":{"self":[{"href":"https:\/\/ercartomattoshop.com\/index.php\/wp-json\/wp\/v2\/product\/3411","targetHints":{"allow":["GET"]}}],"collection":[{"href":"https:\/\/ercartomattoshop.com\/index.php\/wp-json\/wp\/v2\/product"}],"about":[{"href":"https:\/\/ercartomattoshop.com\/index.php\/wp-json\/wp\/v2\/types\/product"}],"wp:featuredmedia":[{"embeddable":true,"href":"https:\/\/ercartomattoshop.com\/index.php\/wp-json\/wp\/v2\/media\/3412"}],"wp:attachment":[{"href":"https:\/\/ercartomattoshop.com\/index.php\/wp-json\/wp\/v2\/media?parent=3411"}],"wp:term":[{"taxonomy":"product_brand","embeddable":true,"href":"https:\/\/ercartomattoshop.com\/index.php\/wp-json\/wp\/v2\/product_brand?post=3411"},{"taxonomy":"product_cat","embeddable":true,"href":"https:\/\/ercartomattoshop.com\/index.php\/wp-json\/wp\/v2\/product_cat?post=3411"},{"taxonomy":"product_tag","embeddable":true,"href":"https:\/\/ercartomattoshop.com\/index.php\/wp-json\/wp\/v2\/product_tag?post=3411"}],"curies":[{"name":"wp","href":"https:\/\/api.w.org\/{rel}","templated":true}]}}