{"id":3359,"date":"2026-03-29T09:53:36","date_gmt":"2026-03-29T07:53:36","guid":{"rendered":"https:\/\/ercartomattoshop.com\/?post_type=product&#038;p=3359"},"modified":"2026-04-01T00:19:38","modified_gmt":"2026-03-31T22:19:38","slug":"art-set-equilibrio-perfetto-pokemon-ita","status":"publish","type":"product","link":"https:\/\/ercartomattoshop.com\/index.php\/prodotto\/art-set-equilibrio-perfetto-pokemon-ita\/","title":{"rendered":"Art Set Equilibrio Perfetto Pok\u00e9mon ITA"},"content":{"rendered":"","protected":false},"excerpt":{"rendered":"<h2 data-section-id=\"n5s57l\" data-start=\"3501\" data-end=\"3541\">Art Set Equilibrio Perfetto Pok\u00e9mon<\/h2>\n<h3 data-section-id=\"x5lbzv\" data-start=\"3542\" data-end=\"3579\">Collezione completa bustine ITA<\/h3>\n<p data-start=\"3580\" data-end=\"3954\">Art set equilibrio perfetto Pok\u00e9mon \u00e8 composto da quattro bustine con artwork differenti. Inoltre, questo prodotto \u00e8 ideale per chi desidera completare la collezione della nuova espansione. Di conseguenza, rappresenta una scelta strategica sia per apertura sia per conservazione. Infatti, l\u2019interesse collezionistico cresce nel tempo, rendendo il set sempre pi\u00f9 ricercato.<\/p>\n<ul>\n<li data-start=\"3956\" data-end=\"4244\">art set completo Pok\u00e9mon<\/li>\n<li data-start=\"3956\" data-end=\"4244\">equilibrio perfetto bustine italiane<\/li>\n<li data-start=\"3956\" data-end=\"4244\">carte Pok\u00e9mon 2026<\/li>\n<li data-start=\"3956\" data-end=\"4244\">bustine Pok\u00e9mon artwork diversi<\/li>\n<li data-start=\"3956\" data-end=\"4244\">collezione Pok\u00e9mon completa<\/li>\n<li data-start=\"3956\" data-end=\"4244\">set Pok\u00e9mon Megaevoluzione<\/li>\n<li data-start=\"3956\" data-end=\"4244\">art set Pok\u00e9mon italiano<\/li>\n<li data-start=\"3956\" data-end=\"4244\">bustine Pok\u00e9mon ufficiali<\/li>\n<li data-start=\"3956\" data-end=\"4244\">collezione carte Pok\u00e9mon<\/li>\n<li data-start=\"3956\" data-end=\"4244\">set completo Pok\u00e9mon TCG<\/li>\n<\/ul>\n","protected":false},"featured_media":3360,"template":"","meta":{"_acf_changed":false,"jetpack_publicize_message":"","jetpack_publicize_feature_enabled":true,"jetpack_social_post_already_shared":true,"jetpack_social_options":{"image_generator_settings":{"template":"highway","default_image_id":0,"font":"","enabled":false},"version":2}},"product_brand":[],"product_cat":[384,44],"product_tag":[385,388,390,386,389,391,387,393,326,392],"class_list":{"0":"post-3359","1":"product","2":"type-product","3":"status-publish","4":"has-post-thumbnail","6":"product_cat-art-set","7":"product_cat-pokemon","8":"product_tag-art-set-equilibrio-perfetto-pokemon","9":"product_tag-art-set-pokemon","10":"product_tag-bustine-pokemon-diverse","11":"product_tag-bustine-pokemon-ita","12":"product_tag-carte-pokemon-2026","13":"product_tag-collezione-pokemon-completa","14":"product_tag-pokemon-equilibrio-perfetto","15":"product_tag-pokemon-megaevoluzione","16":"product_tag-pokemon-tcg-italia","17":"product_tag-set-pokemon-ita","19":"first","20":"instock","21":"sold-individually","22":"shipping-taxable","23":"purchasable","24":"product-type-simple"},"acf":[],"yoast_head":"<!-- This site is optimized with the Yoast SEO Premium plugin v27.4 (Yoast SEO v27.4) - https:\/\/yoast.com\/product\/yoast-seo-premium-wordpress\/ -->\n<title>Art Set Equilibrio Perfetto Pok\u00e9mon \u2013 4 Bustine Diverse - Er Cartomatto Shop<\/title>\n<meta name=\"description\" content=\"Art set equilibrio perfetto Pok\u00e9mon: 4 bustine con artwork diversi. Ideale per collezionisti e appassionati. Vieni a trovarci\" \/>\n<meta name=\"robots\" content=\"index, follow, max-snippet:-1, max-image-preview:large, max-video-preview:-1\" \/>\n<link rel=\"canonical\" href=\"https:\/\/ercartomattoshop.com\/index.php\/prodotto\/art-set-equilibrio-perfetto-pokemon-ita\/\" \/>\n<meta property=\"og:locale\" content=\"it_IT\" \/>\n<meta property=\"og:type\" content=\"article\" \/>\n<meta property=\"og:title\" content=\"Art Set Completo Pok\u00e9mon Equilibrio Perfetto ITA\" \/>\n<meta property=\"og:description\" content=\"Colleziona tutte le bustine con artwork diversi dell\u2019espansione Equilibrio Perfetto. Un set imperdibile per ogni appassionato Pok\u00e9mon.\" \/>\n<meta property=\"og:url\" content=\"https:\/\/ercartomattoshop.com\/index.php\/prodotto\/art-set-equilibrio-perfetto-pokemon-ita\/\" \/>\n<meta property=\"og:site_name\" content=\"Er Cartomatto Shop\" \/>\n<meta property=\"article:modified_time\" content=\"2026-03-31T22:19:38+00:00\" \/>\n<meta property=\"og:image\" content=\"https:\/\/ercartomattoshop.com\/wp-content\/uploads\/2026\/03\/ERCARTOMATTOSHOP-POKEMON-EQUILIBRIO-PERFETTO-Artwork.jpg\" \/>\n\t<meta property=\"og:image:width\" content=\"900\" \/>\n\t<meta property=\"og:image:height\" content=\"473\" \/>\n\t<meta property=\"og:image:type\" content=\"image\/jpeg\" \/>\n<meta name=\"twitter:card\" content=\"summary_large_image\" \/>\n<meta name=\"twitter:title\" content=\"Art Set Equilibrio Perfetto Pok\u00e9mon ITA\" \/>\n<meta name=\"twitter:label1\" content=\"Prezzo\" \/>\n\t<meta name=\"twitter:data1\" content=\"24,00&nbsp;&euro;\" \/>\n\t<meta name=\"twitter:label2\" content=\"Disponibilit\u00e0\" \/>\n\t<meta name=\"twitter:data2\" content=\"In stock\" \/>\n<script type=\"application\/ld+json\" class=\"yoast-schema-graph\">{\"@context\":\"https:\\\/\\\/schema.org\",\"@graph\":[{\"@type\":\"WebPage\",\"@id\":\"https:\\\/\\\/ercartomattoshop.com\\\/index.php\\\/prodotto\\\/art-set-equilibrio-perfetto-pokemon-ita\\\/\",\"url\":\"https:\\\/\\\/ercartomattoshop.com\\\/index.php\\\/prodotto\\\/art-set-equilibrio-perfetto-pokemon-ita\\\/\",\"name\":\"Art Set Equilibrio Perfetto Pok\u00e9mon \u2013 4 Bustine Diverse - Er Cartomatto Shop\",\"isPartOf\":{\"@id\":\"https:\\\/\\\/ercartomattoshop.com\\\/#website\"},\"primaryImageOfPage\":{\"@id\":\"https:\\\/\\\/ercartomattoshop.com\\\/index.php\\\/prodotto\\\/art-set-equilibrio-perfetto-pokemon-ita\\\/#primaryimage\"},\"image\":{\"@id\":\"https:\\\/\\\/ercartomattoshop.com\\\/index.php\\\/prodotto\\\/art-set-equilibrio-perfetto-pokemon-ita\\\/#primaryimage\"},\"thumbnailUrl\":\"https:\\\/\\\/ercartomattoshop.com\\\/wp-content\\\/uploads\\\/2026\\\/03\\\/ERCARTOMATTOSHOP-POKEMON-EQUILIBRIO-PERFETTO-Artwork.jpg\",\"datePublished\":\"2026-03-29T07:53:36+00:00\",\"dateModified\":\"2026-03-31T22:19:38+00:00\",\"description\":\"Art set equilibrio perfetto Pok\u00e9mon: 4 bustine con artwork diversi. Ideale per collezionisti e appassionati. Vieni a trovarci\",\"breadcrumb\":{\"@id\":\"https:\\\/\\\/ercartomattoshop.com\\\/index.php\\\/prodotto\\\/art-set-equilibrio-perfetto-pokemon-ita\\\/#breadcrumb\"},\"inLanguage\":\"it-IT\",\"potentialAction\":[{\"@type\":\"ReadAction\",\"target\":[\"https:\\\/\\\/ercartomattoshop.com\\\/index.php\\\/prodotto\\\/art-set-equilibrio-perfetto-pokemon-ita\\\/\"]}]},{\"@type\":\"ImageObject\",\"inLanguage\":\"it-IT\",\"@id\":\"https:\\\/\\\/ercartomattoshop.com\\\/index.php\\\/prodotto\\\/art-set-equilibrio-perfetto-pokemon-ita\\\/#primaryimage\",\"url\":\"https:\\\/\\\/ercartomattoshop.com\\\/wp-content\\\/uploads\\\/2026\\\/03\\\/ERCARTOMATTOSHOP-POKEMON-EQUILIBRIO-PERFETTO-Artwork.jpg\",\"contentUrl\":\"https:\\\/\\\/ercartomattoshop.com\\\/wp-content\\\/uploads\\\/2026\\\/03\\\/ERCARTOMATTOSHOP-POKEMON-EQUILIBRIO-PERFETTO-Artwork.jpg\",\"width\":900,\"height\":473,\"caption\":\"Art Set Completo Pok\u00e9mon Equilibrio Perfetto ITA\"},{\"@type\":\"BreadcrumbList\",\"@id\":\"https:\\\/\\\/ercartomattoshop.com\\\/index.php\\\/prodotto\\\/art-set-equilibrio-perfetto-pokemon-ita\\\/#breadcrumb\",\"itemListElement\":[{\"@type\":\"ListItem\",\"position\":1,\"name\":\"Home\",\"item\":\"https:\\\/\\\/ercartomattoshop.com\\\/\"},{\"@type\":\"ListItem\",\"position\":2,\"name\":\"Er Cartomatto Shop: VETRINA PRODOTTI\",\"item\":\"https:\\\/\\\/ercartomattoshop.com\\\/index.php\\\/vetrina-prodotti-completa\\\/\"},{\"@type\":\"ListItem\",\"position\":3,\"name\":\"Art Set Equilibrio Perfetto Pok\u00e9mon ITA\"}]},{\"@type\":\"WebSite\",\"@id\":\"https:\\\/\\\/ercartomattoshop.com\\\/#website\",\"url\":\"https:\\\/\\\/ercartomattoshop.com\\\/\",\"name\":\"Er Cartomatto Shop\",\"description\":\"\",\"publisher\":{\"@id\":\"https:\\\/\\\/ercartomattoshop.com\\\/#organization\"},\"potentialAction\":[{\"@type\":\"SearchAction\",\"target\":{\"@type\":\"EntryPoint\",\"urlTemplate\":\"https:\\\/\\\/ercartomattoshop.com\\\/?s={search_term_string}\"},\"query-input\":{\"@type\":\"PropertyValueSpecification\",\"valueRequired\":true,\"valueName\":\"search_term_string\"}}],\"inLanguage\":\"it-IT\"},{\"@type\":\"Organization\",\"@id\":\"https:\\\/\\\/ercartomattoshop.com\\\/#organization\",\"name\":\"Er Cartomatto Shop\",\"url\":\"https:\\\/\\\/ercartomattoshop.com\\\/\",\"logo\":{\"@type\":\"ImageObject\",\"inLanguage\":\"it-IT\",\"@id\":\"https:\\\/\\\/ercartomattoshop.com\\\/#\\\/schema\\\/logo\\\/image\\\/\",\"url\":\"https:\\\/\\\/ercartomattoshop.com\\\/wp-content\\\/uploads\\\/2024\\\/03\\\/cropped-cropped-ERCARTOMATTO-LOGOTRASPARENTE-1.png\",\"contentUrl\":\"https:\\\/\\\/ercartomattoshop.com\\\/wp-content\\\/uploads\\\/2024\\\/03\\\/cropped-cropped-ERCARTOMATTO-LOGOTRASPARENTE-1.png\",\"width\":381,\"height\":354,\"caption\":\"Er Cartomatto Shop\"},\"image\":{\"@id\":\"https:\\\/\\\/ercartomattoshop.com\\\/#\\\/schema\\\/logo\\\/image\\\/\"}}]}<\/script>\n<meta property=\"product:brand\" content=\"POKEMON\" \/>\n<meta property=\"product:price:amount\" content=\"24.00\" \/>\n<meta property=\"product:price:currency\" content=\"EUR\" \/>\n<meta property=\"og:availability\" content=\"instock\" \/>\n<meta property=\"product:availability\" content=\"instock\" \/>\n<meta property=\"product:condition\" content=\"new\" \/>\n<!-- \/ Yoast SEO Premium plugin. -->","yoast_head_json":{"title":"Art Set Equilibrio Perfetto Pok\u00e9mon \u2013 4 Bustine Diverse - Er Cartomatto Shop","description":"Art set equilibrio perfetto Pok\u00e9mon: 4 bustine con artwork diversi. Ideale per collezionisti e appassionati. Vieni a trovarci","robots":{"index":"index","follow":"follow","max-snippet":"max-snippet:-1","max-image-preview":"max-image-preview:large","max-video-preview":"max-video-preview:-1"},"canonical":"https:\/\/ercartomattoshop.com\/index.php\/prodotto\/art-set-equilibrio-perfetto-pokemon-ita\/","og_locale":"it_IT","og_type":"article","og_title":"Art Set Completo Pok\u00e9mon Equilibrio Perfetto ITA","og_description":"Colleziona tutte le bustine con artwork diversi dell\u2019espansione Equilibrio Perfetto. Un set imperdibile per ogni appassionato Pok\u00e9mon.","og_url":"https:\/\/ercartomattoshop.com\/index.php\/prodotto\/art-set-equilibrio-perfetto-pokemon-ita\/","og_site_name":"Er Cartomatto Shop","article_modified_time":"2026-03-31T22:19:38+00:00","og_image":[{"width":900,"height":473,"url":"https:\/\/ercartomattoshop.com\/wp-content\/uploads\/2026\/03\/ERCARTOMATTOSHOP-POKEMON-EQUILIBRIO-PERFETTO-Artwork.jpg","type":"image\/jpeg"}],"twitter_card":"summary_large_image","twitter_title":"Art Set Equilibrio Perfetto Pok\u00e9mon ITA","twitter_misc":{"Prezzo":"24,00&nbsp;&euro;","Disponibilit\u00e0":"In stock"},"schema":{"@context":"https:\/\/schema.org","@graph":[{"@type":"WebPage","@id":"https:\/\/ercartomattoshop.com\/index.php\/prodotto\/art-set-equilibrio-perfetto-pokemon-ita\/","url":"https:\/\/ercartomattoshop.com\/index.php\/prodotto\/art-set-equilibrio-perfetto-pokemon-ita\/","name":"Art Set Equilibrio Perfetto Pok\u00e9mon \u2013 4 Bustine Diverse - Er Cartomatto Shop","isPartOf":{"@id":"https:\/\/ercartomattoshop.com\/#website"},"primaryImageOfPage":{"@id":"https:\/\/ercartomattoshop.com\/index.php\/prodotto\/art-set-equilibrio-perfetto-pokemon-ita\/#primaryimage"},"image":{"@id":"https:\/\/ercartomattoshop.com\/index.php\/prodotto\/art-set-equilibrio-perfetto-pokemon-ita\/#primaryimage"},"thumbnailUrl":"https:\/\/ercartomattoshop.com\/wp-content\/uploads\/2026\/03\/ERCARTOMATTOSHOP-POKEMON-EQUILIBRIO-PERFETTO-Artwork.jpg","datePublished":"2026-03-29T07:53:36+00:00","dateModified":"2026-03-31T22:19:38+00:00","description":"Art set equilibrio perfetto Pok\u00e9mon: 4 bustine con artwork diversi. Ideale per collezionisti e appassionati. Vieni a trovarci","breadcrumb":{"@id":"https:\/\/ercartomattoshop.com\/index.php\/prodotto\/art-set-equilibrio-perfetto-pokemon-ita\/#breadcrumb"},"inLanguage":"it-IT","potentialAction":[{"@type":"ReadAction","target":["https:\/\/ercartomattoshop.com\/index.php\/prodotto\/art-set-equilibrio-perfetto-pokemon-ita\/"]}]},{"@type":"ImageObject","inLanguage":"it-IT","@id":"https:\/\/ercartomattoshop.com\/index.php\/prodotto\/art-set-equilibrio-perfetto-pokemon-ita\/#primaryimage","url":"https:\/\/ercartomattoshop.com\/wp-content\/uploads\/2026\/03\/ERCARTOMATTOSHOP-POKEMON-EQUILIBRIO-PERFETTO-Artwork.jpg","contentUrl":"https:\/\/ercartomattoshop.com\/wp-content\/uploads\/2026\/03\/ERCARTOMATTOSHOP-POKEMON-EQUILIBRIO-PERFETTO-Artwork.jpg","width":900,"height":473,"caption":"Art Set Completo Pok\u00e9mon Equilibrio Perfetto ITA"},{"@type":"BreadcrumbList","@id":"https:\/\/ercartomattoshop.com\/index.php\/prodotto\/art-set-equilibrio-perfetto-pokemon-ita\/#breadcrumb","itemListElement":[{"@type":"ListItem","position":1,"name":"Home","item":"https:\/\/ercartomattoshop.com\/"},{"@type":"ListItem","position":2,"name":"Er Cartomatto Shop: VETRINA PRODOTTI","item":"https:\/\/ercartomattoshop.com\/index.php\/vetrina-prodotti-completa\/"},{"@type":"ListItem","position":3,"name":"Art Set Equilibrio Perfetto Pok\u00e9mon ITA"}]},{"@type":"WebSite","@id":"https:\/\/ercartomattoshop.com\/#website","url":"https:\/\/ercartomattoshop.com\/","name":"Er Cartomatto Shop","description":"","publisher":{"@id":"https:\/\/ercartomattoshop.com\/#organization"},"potentialAction":[{"@type":"SearchAction","target":{"@type":"EntryPoint","urlTemplate":"https:\/\/ercartomattoshop.com\/?s={search_term_string}"},"query-input":{"@type":"PropertyValueSpecification","valueRequired":true,"valueName":"search_term_string"}}],"inLanguage":"it-IT"},{"@type":"Organization","@id":"https:\/\/ercartomattoshop.com\/#organization","name":"Er Cartomatto Shop","url":"https:\/\/ercartomattoshop.com\/","logo":{"@type":"ImageObject","inLanguage":"it-IT","@id":"https:\/\/ercartomattoshop.com\/#\/schema\/logo\/image\/","url":"https:\/\/ercartomattoshop.com\/wp-content\/uploads\/2024\/03\/cropped-cropped-ERCARTOMATTO-LOGOTRASPARENTE-1.png","contentUrl":"https:\/\/ercartomattoshop.com\/wp-content\/uploads\/2024\/03\/cropped-cropped-ERCARTOMATTO-LOGOTRASPARENTE-1.png","width":381,"height":354,"caption":"Er Cartomatto Shop"},"image":{"@id":"https:\/\/ercartomattoshop.com\/#\/schema\/logo\/image\/"}}]},"product_brand":"POKEMON","product_price_amount":"24.00","product_price_currency":"EUR","og_availability":"instock","product_availability":"instock","product_condition":"new"},"jetpack_publicize_connections":[],"_links":{"self":[{"href":"https:\/\/ercartomattoshop.com\/index.php\/wp-json\/wp\/v2\/product\/3359","targetHints":{"allow":["GET"]}}],"collection":[{"href":"https:\/\/ercartomattoshop.com\/index.php\/wp-json\/wp\/v2\/product"}],"about":[{"href":"https:\/\/ercartomattoshop.com\/index.php\/wp-json\/wp\/v2\/types\/product"}],"wp:featuredmedia":[{"embeddable":true,"href":"https:\/\/ercartomattoshop.com\/index.php\/wp-json\/wp\/v2\/media\/3360"}],"wp:attachment":[{"href":"https:\/\/ercartomattoshop.com\/index.php\/wp-json\/wp\/v2\/media?parent=3359"}],"wp:term":[{"taxonomy":"product_brand","embeddable":true,"href":"https:\/\/ercartomattoshop.com\/index.php\/wp-json\/wp\/v2\/product_brand?post=3359"},{"taxonomy":"product_cat","embeddable":true,"href":"https:\/\/ercartomattoshop.com\/index.php\/wp-json\/wp\/v2\/product_cat?post=3359"},{"taxonomy":"product_tag","embeddable":true,"href":"https:\/\/ercartomattoshop.com\/index.php\/wp-json\/wp\/v2\/product_tag?post=3359"}],"curies":[{"name":"wp","href":"https:\/\/api.w.org\/{rel}","templated":true}]}}