{"id":2883,"date":"2026-02-03T21:19:54","date_gmt":"2026-02-03T20:19:54","guid":{"rendered":"https:\/\/ercartomattoshop.com\/?post_type=product&#038;p=2883"},"modified":"2026-02-08T18:03:01","modified_gmt":"2026-02-08T17:03:01","slug":"shadow-box-personalizzata-02","status":"publish","type":"product","link":"https:\/\/ercartomattoshop.com\/index.php\/prodotto\/shadow-box-personalizzata-02\/","title":{"rendered":"SHADOW BOX \u2013 02 | Shadow Box personalizzata con cuore 3D"},"content":{"rendered":"<h2 data-start=\"775\" data-end=\"804\">Cos\u2019\u00e8 e perch\u00e9 \u00e8 speciale<\/h2>\n<h4 data-start=\"805\" data-end=\"1301\">La <strong data-start=\"808\" data-end=\"837\">Shadow Box personalizzata<\/strong> SHADOW BOX \u2013 02 \u00e8 pensata per trasformare un gesto d\u2019amore in qualcosa che si vede e si conserva nel tempo. Dentro la cornice trovi un <strong data-start=\"973\" data-end=\"1010\">cuore composto da tante roselline<\/strong>, realizzate con cartoncino colorato e disposte per creare un vero <strong data-start=\"1077\" data-end=\"1104\">effetto tridimensionale<\/strong>. A completare il tutto c\u2019\u00e8 un elemento che la rende davvero unica: il <strong data-start=\"1175\" data-end=\"1222\">pannello frontale in plexiglass trasparente<\/strong>, personalizzabile con <strong data-start=\"1245\" data-end=\"1274\">testo, immagine o disegno<\/strong> grazie alla <strong data-start=\"1287\" data-end=\"1300\">stampa UV<\/strong>.<\/h4>\n<h4 data-start=\"1303\" data-end=\"1509\">In pi\u00f9, la composizione interna e la stampa vengono realizzate direttamente da noi: scegli cosa vuoi scrivere o inserire e noi ci occupiamo di trasformarlo in un regalo elegante, curato e pronto da esporre.<\/h4>\n<hr data-start=\"1511\" data-end=\"1514\" \/>\n<h2 data-start=\"1516\" data-end=\"1548\">Per quali occasioni \u00e8 ideale<\/h2>\n<h4 data-start=\"1549\" data-end=\"1669\">Questa <strong data-start=\"1556\" data-end=\"1585\">Shadow Box personalizzata<\/strong> \u00e8 perfetta per qualsiasi evento in cui vuoi dimostrare amore e affetto, ad esempio:<\/h4>\n<ul data-start=\"1670\" data-end=\"1817\">\n<li data-start=\"1670\" data-end=\"1684\">\n<h4 data-start=\"1672\" data-end=\"1684\">anniversario<\/h4>\n<\/li>\n<li data-start=\"1685\" data-end=\"1700\">\n<h4 data-start=\"1687\" data-end=\"1700\">San Valentino<\/h4>\n<\/li>\n<li data-start=\"1701\" data-end=\"1713\">\n<h4 data-start=\"1703\" data-end=\"1713\">compleanno<\/h4>\n<\/li>\n<li data-start=\"1714\" data-end=\"1771\">\n<h4 data-start=\"1716\" data-end=\"1771\">sorpresa \u201csenza motivo\u201d, solo per dire \u201csei importante\u201d<\/h4>\n<\/li>\n<li data-start=\"1772\" data-end=\"1817\">\n<h4 data-start=\"1774\" data-end=\"1817\">regalo di coppia o per una persona speciale<\/h4>\n<\/li>\n<\/ul>\n<hr data-start=\"1819\" data-end=\"1822\" \/>\n<h2 data-start=\"1824\" data-end=\"1852\">Cosa puoi personalizzare<\/h2>\n<h4 data-start=\"1853\" data-end=\"1954\">Puoi rendere la SHADOW BOX \u2013 02 davvero \u201ctua\u201d personalizzando il pannello frontale in plexiglass con:<\/h4>\n<ul data-start=\"1955\" data-end=\"2071\">\n<li data-start=\"1955\" data-end=\"1992\">\n<h4 data-start=\"1957\" data-end=\"1992\"><strong data-start=\"1957\" data-end=\"1966\">testo<\/strong> (nomi, data, frase breve)<\/h4>\n<\/li>\n<li data-start=\"1993\" data-end=\"2024\">\n<h4 data-start=\"1995\" data-end=\"2024\"><strong data-start=\"1995\" data-end=\"2007\">immagine<\/strong> (foto o grafica)<\/h4>\n<\/li>\n<li data-start=\"2025\" data-end=\"2071\">\n<h4 data-start=\"2027\" data-end=\"2071\"><strong data-start=\"2027\" data-end=\"2038\">disegno<\/strong> (anche semplice, stile line art)<\/h4>\n<\/li>\n<\/ul>\n<h4 data-start=\"2073\" data-end=\"2177\">\u2705 La personalizzazione avviene tramite <strong data-start=\"2112\" data-end=\"2125\">stampa UV<\/strong>: definita, resistente e dall\u2019effetto professionale.<\/h4>\n<hr data-start=\"2179\" data-end=\"2182\" \/>\n<h2 data-start=\"2184\" data-end=\"2211\">Materiali e lavorazione<\/h2>\n<ul data-start=\"2212\" data-end=\"2493\">\n<li data-start=\"2212\" data-end=\"2234\">\n<h4 data-start=\"2214\" data-end=\"2234\"><strong data-start=\"2214\" data-end=\"2226\">Cornice:<\/strong> legno<\/h4>\n<\/li>\n<li data-start=\"2212\" data-end=\"2234\">\n<h4><strong>Dimensioni esterne<\/strong>: 27 cm x 27 cm x 6 cm<\/h4>\n<\/li>\n<li data-start=\"2235\" data-end=\"2327\">\n<h4 data-start=\"2237\" data-end=\"2327\"><strong data-start=\"2237\" data-end=\"2262\">Composizione interna:<\/strong> roselline in cartoncino colorato, lavorate e assemblate a mano<\/h4>\n<\/li>\n<li data-start=\"2328\" data-end=\"2408\">\n<h4 data-start=\"2330\" data-end=\"2408\"><strong data-start=\"2330\" data-end=\"2352\">Pannello frontale:<\/strong> plexiglass trasparente personalizzabile con stampa UV<\/h4>\n<\/li>\n<li data-start=\"2409\" data-end=\"2493\">\n<h4 data-start=\"2411\" data-end=\"2493\"><strong data-start=\"2411\" data-end=\"2444\">Lavorazioni interne e stampa:<\/strong> effettuate direttamente presso <strong data-start=\"2476\" data-end=\"2493\">Er Cartomatto<\/strong><\/h4>\n<\/li>\n<\/ul>\n<hr data-start=\"2495\" data-end=\"2498\" \/>\n<h2 data-start=\"2500\" data-end=\"2526\">Tempi di realizzazione<\/h2>\n<h4 data-start=\"2527\" data-end=\"2740\">La Shadow Box viene preparata in <strong data-start=\"2560\" data-end=\"2589\">circa 3 giorni lavorativi<\/strong> (variabile in base al numero di richieste e alle personalizzazioni). Se hai urgenza, scrivici prima dell\u2019ordine: ti confermiamo subito la fattibilit\u00e0.<\/h4>\n","protected":false},"excerpt":{"rendered":"<h2>La Shadow Box personalizzata SHADOW BOX \u2013 02 \u00e8 un quadro 3D romantico, con cuore di roselline in cartoncino colorato e un elegante effetto tridimensionale.<\/h2>\n<h4>Inoltre, la <strong data-start=\"382\" data-end=\"427\">parete frontale in plexiglass trasparente<\/strong> \u00e8 personalizzabile con <strong data-start=\"451\" data-end=\"480\">testo, immagine o disegno<\/strong> tramite stampa UV.<\/h4>\n<p>\u00c8 perfetta per ogni occasione in cui vuoi dire \u201cti amo\u201d con un regalo fatto con cura da <strong data-start=\"588\" data-end=\"605\">Er Cartomatto<\/strong>.<\/p>\n","protected":false},"featured_media":2884,"template":"","meta":{"_acf_changed":false,"jetpack_publicize_message":"Shadow Box personalizzata con cuore di roselline 3D e pannello frontale in plexiglass stampato UV. Un regalo romantico, realizzato da Er Cartomatto e pronto in circa 3 giorni lavorativi.","jetpack_publicize_feature_enabled":true,"jetpack_social_post_already_shared":true,"jetpack_social_options":{"image_generator_settings":{"template":"highway","default_image_id":0,"font":"","enabled":false},"version":2}},"product_brand":[],"product_cat":[267,229,264,84,85,228,268],"product_tag":[],"class_list":{"0":"post-2883","1":"product","2":"type-product","3":"status-publish","4":"has-post-thumbnail","6":"product_cat-er-cartomatto","7":"product_cat-festa-degli-innamorati","8":"product_cat-festa-della-mamma","9":"product_cat-idea-regalo","10":"product_cat-produzione-er-cartomatto","11":"product_cat-san-valentino","12":"product_cat-shadow-box","14":"first","15":"instock","16":"featured","17":"sold-individually","18":"shipping-taxable","19":"purchasable","20":"product-type-simple"},"acf":[],"yoast_head":"<!-- This site is optimized with the Yoast SEO Premium plugin v27.4 (Yoast SEO v27.4) - https:\/\/yoast.com\/product\/yoast-seo-premium-wordpress\/ -->\n<title>Shadow Box personalizzata 02 | Quadro 3D con stampa UV - Er Cartomatto Shop<\/title>\n<meta name=\"description\" content=\"Crea la tua Shadow Box personalizzata 02: cuore di roselline 3D e pannello frontale in plexiglass personalizzabile con testo o immagine.\" \/>\n<meta name=\"robots\" content=\"index, follow, max-snippet:-1, max-image-preview:large, max-video-preview:-1\" \/>\n<link rel=\"canonical\" href=\"https:\/\/ercartomattoshop.com\/index.php\/prodotto\/shadow-box-personalizzata-02\/\" \/>\n<meta property=\"og:locale\" content=\"it_IT\" \/>\n<meta property=\"og:type\" content=\"article\" \/>\n<meta property=\"og:title\" content=\"Shadow Box personalizzata 02: un cuore in 3D tutto per voi \ud83d\udc9b\" \/>\n<meta property=\"og:description\" content=\"Un regalo che parla d\u2019amore: cuore di roselline 3D e pannello frontale in plexiglass personalizzabile con testo, immagine o disegno (stampa UV). Realizzata da Er Cartomatto in circa 3 giorni lavorativi.\" \/>\n<meta property=\"og:url\" content=\"https:\/\/ercartomattoshop.com\/index.php\/prodotto\/shadow-box-personalizzata-02\/\" \/>\n<meta property=\"og:site_name\" content=\"Er Cartomatto Shop\" \/>\n<meta property=\"article:modified_time\" content=\"2026-02-08T17:03:01+00:00\" \/>\n<meta property=\"og:image\" content=\"https:\/\/ercartomattoshop.com\/wp-content\/uploads\/2026\/02\/ERCARTOMATTOSHOP-SHADOW-BOX-02.jpg\" \/>\n\t<meta property=\"og:image:width\" content=\"1200\" \/>\n\t<meta property=\"og:image:height\" content=\"630\" \/>\n\t<meta property=\"og:image:type\" content=\"image\/jpeg\" \/>\n<meta name=\"twitter:card\" content=\"summary_large_image\" \/>\n<meta name=\"twitter:title\" content=\"SHADOW BOX \u2013 02 | Shadow Box personalizzata con cuore 3D\" \/>\n<meta name=\"twitter:label1\" content=\"Prezzo\" \/>\n\t<meta name=\"twitter:data1\" content=\"40,00&nbsp;&euro;\" \/>\n\t<meta name=\"twitter:label2\" content=\"Disponibilit\u00e0\" \/>\n\t<meta name=\"twitter:data2\" content=\"In stock\" \/>\n<script type=\"application\/ld+json\" class=\"yoast-schema-graph\">{\"@context\":\"https:\\\/\\\/schema.org\",\"@graph\":[{\"@type\":\"WebPage\",\"@id\":\"https:\\\/\\\/ercartomattoshop.com\\\/index.php\\\/prodotto\\\/shadow-box-personalizzata-02\\\/\",\"url\":\"https:\\\/\\\/ercartomattoshop.com\\\/index.php\\\/prodotto\\\/shadow-box-personalizzata-02\\\/\",\"name\":\"Shadow Box personalizzata 02 | Quadro 3D con stampa UV - Er Cartomatto Shop\",\"isPartOf\":{\"@id\":\"https:\\\/\\\/ercartomattoshop.com\\\/#website\"},\"primaryImageOfPage\":{\"@id\":\"https:\\\/\\\/ercartomattoshop.com\\\/index.php\\\/prodotto\\\/shadow-box-personalizzata-02\\\/#primaryimage\"},\"image\":{\"@id\":\"https:\\\/\\\/ercartomattoshop.com\\\/index.php\\\/prodotto\\\/shadow-box-personalizzata-02\\\/#primaryimage\"},\"thumbnailUrl\":\"https:\\\/\\\/ercartomattoshop.com\\\/wp-content\\\/uploads\\\/2026\\\/02\\\/ERCARTOMATTOSHOP-SHADOW-BOX-02.jpg\",\"datePublished\":\"2026-02-03T20:19:54+00:00\",\"dateModified\":\"2026-02-08T17:03:01+00:00\",\"description\":\"Crea la tua Shadow Box personalizzata 02: cuore di roselline 3D e pannello frontale in plexiglass personalizzabile con testo o immagine.\",\"breadcrumb\":{\"@id\":\"https:\\\/\\\/ercartomattoshop.com\\\/index.php\\\/prodotto\\\/shadow-box-personalizzata-02\\\/#breadcrumb\"},\"inLanguage\":\"it-IT\",\"potentialAction\":[{\"@type\":\"ReadAction\",\"target\":[\"https:\\\/\\\/ercartomattoshop.com\\\/index.php\\\/prodotto\\\/shadow-box-personalizzata-02\\\/\"]}]},{\"@type\":\"ImageObject\",\"inLanguage\":\"it-IT\",\"@id\":\"https:\\\/\\\/ercartomattoshop.com\\\/index.php\\\/prodotto\\\/shadow-box-personalizzata-02\\\/#primaryimage\",\"url\":\"https:\\\/\\\/ercartomattoshop.com\\\/wp-content\\\/uploads\\\/2026\\\/02\\\/ERCARTOMATTOSHOP-SHADOW-BOX-02.jpg\",\"contentUrl\":\"https:\\\/\\\/ercartomattoshop.com\\\/wp-content\\\/uploads\\\/2026\\\/02\\\/ERCARTOMATTOSHOP-SHADOW-BOX-02.jpg\",\"width\":1200,\"height\":630,\"caption\":\"shadow box 02\"},{\"@type\":\"BreadcrumbList\",\"@id\":\"https:\\\/\\\/ercartomattoshop.com\\\/index.php\\\/prodotto\\\/shadow-box-personalizzata-02\\\/#breadcrumb\",\"itemListElement\":[{\"@type\":\"ListItem\",\"position\":1,\"name\":\"Home\",\"item\":\"https:\\\/\\\/ercartomattoshop.com\\\/\"},{\"@type\":\"ListItem\",\"position\":2,\"name\":\"Er Cartomatto Shop: VETRINA PRODOTTI\",\"item\":\"https:\\\/\\\/ercartomattoshop.com\\\/index.php\\\/vetrina-prodotti-completa\\\/\"},{\"@type\":\"ListItem\",\"position\":3,\"name\":\"SHADOW BOX \u2013 02 | Shadow Box personalizzata con cuore 3D\"}]},{\"@type\":\"WebSite\",\"@id\":\"https:\\\/\\\/ercartomattoshop.com\\\/#website\",\"url\":\"https:\\\/\\\/ercartomattoshop.com\\\/\",\"name\":\"Er Cartomatto Shop\",\"description\":\"\",\"publisher\":{\"@id\":\"https:\\\/\\\/ercartomattoshop.com\\\/#organization\"},\"potentialAction\":[{\"@type\":\"SearchAction\",\"target\":{\"@type\":\"EntryPoint\",\"urlTemplate\":\"https:\\\/\\\/ercartomattoshop.com\\\/?s={search_term_string}\"},\"query-input\":{\"@type\":\"PropertyValueSpecification\",\"valueRequired\":true,\"valueName\":\"search_term_string\"}}],\"inLanguage\":\"it-IT\"},{\"@type\":\"Organization\",\"@id\":\"https:\\\/\\\/ercartomattoshop.com\\\/#organization\",\"name\":\"Er Cartomatto Shop\",\"url\":\"https:\\\/\\\/ercartomattoshop.com\\\/\",\"logo\":{\"@type\":\"ImageObject\",\"inLanguage\":\"it-IT\",\"@id\":\"https:\\\/\\\/ercartomattoshop.com\\\/#\\\/schema\\\/logo\\\/image\\\/\",\"url\":\"https:\\\/\\\/ercartomattoshop.com\\\/wp-content\\\/uploads\\\/2024\\\/03\\\/cropped-cropped-ERCARTOMATTO-LOGOTRASPARENTE-1.png\",\"contentUrl\":\"https:\\\/\\\/ercartomattoshop.com\\\/wp-content\\\/uploads\\\/2024\\\/03\\\/cropped-cropped-ERCARTOMATTO-LOGOTRASPARENTE-1.png\",\"width\":381,\"height\":354,\"caption\":\"Er Cartomatto Shop\"},\"image\":{\"@id\":\"https:\\\/\\\/ercartomattoshop.com\\\/#\\\/schema\\\/logo\\\/image\\\/\"}}]}<\/script>\n<meta property=\"product:brand\" content=\"idea regalo\" \/>\n<meta property=\"product:price:amount\" content=\"40.00\" \/>\n<meta property=\"product:price:currency\" content=\"EUR\" \/>\n<meta property=\"og:availability\" content=\"instock\" \/>\n<meta property=\"product:availability\" content=\"instock\" \/>\n<meta property=\"product:condition\" content=\"new\" \/>\n<!-- \/ Yoast SEO Premium plugin. -->","yoast_head_json":{"title":"Shadow Box personalizzata 02 | Quadro 3D con stampa UV - Er Cartomatto Shop","description":"Crea la tua Shadow Box personalizzata 02: cuore di roselline 3D e pannello frontale in plexiglass personalizzabile con testo o immagine.","robots":{"index":"index","follow":"follow","max-snippet":"max-snippet:-1","max-image-preview":"max-image-preview:large","max-video-preview":"max-video-preview:-1"},"canonical":"https:\/\/ercartomattoshop.com\/index.php\/prodotto\/shadow-box-personalizzata-02\/","og_locale":"it_IT","og_type":"article","og_title":"Shadow Box personalizzata 02: un cuore in 3D tutto per voi \ud83d\udc9b","og_description":"Un regalo che parla d\u2019amore: cuore di roselline 3D e pannello frontale in plexiglass personalizzabile con testo, immagine o disegno (stampa UV). Realizzata da Er Cartomatto in circa 3 giorni lavorativi.","og_url":"https:\/\/ercartomattoshop.com\/index.php\/prodotto\/shadow-box-personalizzata-02\/","og_site_name":"Er Cartomatto Shop","article_modified_time":"2026-02-08T17:03:01+00:00","og_image":[{"width":1200,"height":630,"url":"https:\/\/ercartomattoshop.com\/wp-content\/uploads\/2026\/02\/ERCARTOMATTOSHOP-SHADOW-BOX-02.jpg","type":"image\/jpeg"}],"twitter_card":"summary_large_image","twitter_title":"SHADOW BOX \u2013 02 | Shadow Box personalizzata con cuore 3D","twitter_misc":{"Prezzo":"40,00&nbsp;&euro;","Disponibilit\u00e0":"In stock"},"schema":{"@context":"https:\/\/schema.org","@graph":[{"@type":"WebPage","@id":"https:\/\/ercartomattoshop.com\/index.php\/prodotto\/shadow-box-personalizzata-02\/","url":"https:\/\/ercartomattoshop.com\/index.php\/prodotto\/shadow-box-personalizzata-02\/","name":"Shadow Box personalizzata 02 | Quadro 3D con stampa UV - Er Cartomatto Shop","isPartOf":{"@id":"https:\/\/ercartomattoshop.com\/#website"},"primaryImageOfPage":{"@id":"https:\/\/ercartomattoshop.com\/index.php\/prodotto\/shadow-box-personalizzata-02\/#primaryimage"},"image":{"@id":"https:\/\/ercartomattoshop.com\/index.php\/prodotto\/shadow-box-personalizzata-02\/#primaryimage"},"thumbnailUrl":"https:\/\/ercartomattoshop.com\/wp-content\/uploads\/2026\/02\/ERCARTOMATTOSHOP-SHADOW-BOX-02.jpg","datePublished":"2026-02-03T20:19:54+00:00","dateModified":"2026-02-08T17:03:01+00:00","description":"Crea la tua Shadow Box personalizzata 02: cuore di roselline 3D e pannello frontale in plexiglass personalizzabile con testo o immagine.","breadcrumb":{"@id":"https:\/\/ercartomattoshop.com\/index.php\/prodotto\/shadow-box-personalizzata-02\/#breadcrumb"},"inLanguage":"it-IT","potentialAction":[{"@type":"ReadAction","target":["https:\/\/ercartomattoshop.com\/index.php\/prodotto\/shadow-box-personalizzata-02\/"]}]},{"@type":"ImageObject","inLanguage":"it-IT","@id":"https:\/\/ercartomattoshop.com\/index.php\/prodotto\/shadow-box-personalizzata-02\/#primaryimage","url":"https:\/\/ercartomattoshop.com\/wp-content\/uploads\/2026\/02\/ERCARTOMATTOSHOP-SHADOW-BOX-02.jpg","contentUrl":"https:\/\/ercartomattoshop.com\/wp-content\/uploads\/2026\/02\/ERCARTOMATTOSHOP-SHADOW-BOX-02.jpg","width":1200,"height":630,"caption":"shadow box 02"},{"@type":"BreadcrumbList","@id":"https:\/\/ercartomattoshop.com\/index.php\/prodotto\/shadow-box-personalizzata-02\/#breadcrumb","itemListElement":[{"@type":"ListItem","position":1,"name":"Home","item":"https:\/\/ercartomattoshop.com\/"},{"@type":"ListItem","position":2,"name":"Er Cartomatto Shop: VETRINA PRODOTTI","item":"https:\/\/ercartomattoshop.com\/index.php\/vetrina-prodotti-completa\/"},{"@type":"ListItem","position":3,"name":"SHADOW BOX \u2013 02 | Shadow Box personalizzata con cuore 3D"}]},{"@type":"WebSite","@id":"https:\/\/ercartomattoshop.com\/#website","url":"https:\/\/ercartomattoshop.com\/","name":"Er Cartomatto Shop","description":"","publisher":{"@id":"https:\/\/ercartomattoshop.com\/#organization"},"potentialAction":[{"@type":"SearchAction","target":{"@type":"EntryPoint","urlTemplate":"https:\/\/ercartomattoshop.com\/?s={search_term_string}"},"query-input":{"@type":"PropertyValueSpecification","valueRequired":true,"valueName":"search_term_string"}}],"inLanguage":"it-IT"},{"@type":"Organization","@id":"https:\/\/ercartomattoshop.com\/#organization","name":"Er Cartomatto Shop","url":"https:\/\/ercartomattoshop.com\/","logo":{"@type":"ImageObject","inLanguage":"it-IT","@id":"https:\/\/ercartomattoshop.com\/#\/schema\/logo\/image\/","url":"https:\/\/ercartomattoshop.com\/wp-content\/uploads\/2024\/03\/cropped-cropped-ERCARTOMATTO-LOGOTRASPARENTE-1.png","contentUrl":"https:\/\/ercartomattoshop.com\/wp-content\/uploads\/2024\/03\/cropped-cropped-ERCARTOMATTO-LOGOTRASPARENTE-1.png","width":381,"height":354,"caption":"Er Cartomatto Shop"},"image":{"@id":"https:\/\/ercartomattoshop.com\/#\/schema\/logo\/image\/"}}]},"product_brand":"idea regalo","product_price_amount":"40.00","product_price_currency":"EUR","og_availability":"instock","product_availability":"instock","product_condition":"new"},"jetpack_publicize_connections":[],"_links":{"self":[{"href":"https:\/\/ercartomattoshop.com\/index.php\/wp-json\/wp\/v2\/product\/2883","targetHints":{"allow":["GET"]}}],"collection":[{"href":"https:\/\/ercartomattoshop.com\/index.php\/wp-json\/wp\/v2\/product"}],"about":[{"href":"https:\/\/ercartomattoshop.com\/index.php\/wp-json\/wp\/v2\/types\/product"}],"wp:featuredmedia":[{"embeddable":true,"href":"https:\/\/ercartomattoshop.com\/index.php\/wp-json\/wp\/v2\/media\/2884"}],"wp:attachment":[{"href":"https:\/\/ercartomattoshop.com\/index.php\/wp-json\/wp\/v2\/media?parent=2883"}],"wp:term":[{"taxonomy":"product_brand","embeddable":true,"href":"https:\/\/ercartomattoshop.com\/index.php\/wp-json\/wp\/v2\/product_brand?post=2883"},{"taxonomy":"product_cat","embeddable":true,"href":"https:\/\/ercartomattoshop.com\/index.php\/wp-json\/wp\/v2\/product_cat?post=2883"},{"taxonomy":"product_tag","embeddable":true,"href":"https:\/\/ercartomattoshop.com\/index.php\/wp-json\/wp\/v2\/product_tag?post=2883"}],"curies":[{"name":"wp","href":"https:\/\/api.w.org\/{rel}","templated":true}]}}