{"id":2318,"date":"2025-03-18T23:26:25","date_gmt":"2025-03-18T22:26:25","guid":{"rendered":"https:\/\/ercartomattoshop.com\/?post_type=product&#038;p=2318"},"modified":"2025-07-22T10:59:51","modified_gmt":"2025-07-22T08:59:51","slug":"diamantiny-artist-coralli-marini","status":"publish","type":"product","link":"https:\/\/ercartomattoshop.com\/index.php\/prodotto\/diamantiny-artist-coralli-marini\/","title":{"rendered":"Diamantiny Artist &#8211; Coralli Marini"},"content":{"rendered":"<h2 style=\"text-align: left;\" data-start=\"0\" data-end=\"71\">Crea il tuo capolavoro con DIAMANTINY Artist &#8211; Coralli Marini<\/h2>\n<h4 data-start=\"73\" data-end=\"448\">Immergiti in un\u2019esperienza creativa affascinante con DIAMANTINY Artist &#8211; Coralli Marini! Questo straordinario kit di crystal art ti permette di realizzare un mosaico in rilievo, impreziosito da oltre 10.000 gemme 3D colorate. La versione TELA Large Coral Reef offre un magnifico design ispirato ai fondali marini, perfetto per chi ama l\u2019arte e il fai-da-te.<\/h4>\n<h2 style=\"text-align: left;\" data-start=\"455\" data-end=\"498\">Scopri la magia della crystal art<\/h2>\n<h4 data-start=\"500\" data-end=\"889\">Grazie alla tecnica \u201ccolora con i numeri\u201d, decorare la tela diventa un\u2019attivit\u00e0 semplice e divertente. Il formato grande B2 (50&#215;70 cm) ti consente di creare un&#8217;opera dettagliata, seguendo i numeri stampati sulla base adesiva. Un foglio di istruzioni chiaro e intuitivo ti guider\u00e0 passo dopo passo affinch\u00e9 tu possa ottenere un risultato spettacolare, senza margine di errore!<\/h4>\n<h2 style=\"text-align: left;\" data-start=\"896\" data-end=\"937\">Un passatempo rilassante e creativo<\/h2>\n<h4 data-start=\"939\" data-end=\"1338\">Realizzare il tuo mosaico DIAMANTINY Artist &#8211; Coralli Marini non \u00e8 solo un&#8217;attivit\u00e0 artistica, ma anche un modo efficace per stimolare la concentrazione e la manualit\u00e0. Ideale per bambini e ragazzi dagli 8 anni in su, aiuta a migliorare la coordinazione occhio-mano e sviluppa la pazienza in modo coinvolgente. Inoltre, \u00e8 perfetto per un momento di relax dopo una giornata intensa.<\/h4>\n<h2 style=\"text-align: left;\" data-start=\"1345\" data-end=\"1390\">Un set ricco per un\u2019esperienza completa<\/h2>\n<h4 data-start=\"1392\" data-end=\"1807\">Incluso nel kit troverai tutto il necessario per iniziare subito il tuo progetto artistico. La confezione comprende:<\/h4>\n<ul>\n<li data-start=\"1392\" data-end=\"1807\"><strong data-start=\"1517\" data-end=\"1536\">1 Tela 50&#215;70 cm<\/strong> con base adesiva e guida colore<\/li>\n<li data-start=\"1392\" data-end=\"1807\"><strong data-start=\"1573\" data-end=\"1602\">10.000+ gemme 3D colorate<\/strong> per un effetto brillante<\/li>\n<li data-start=\"1392\" data-end=\"1807\"><strong data-start=\"1632\" data-end=\"1658\">1 vassoio raccoglitore<\/strong> per organizzare le gemme<\/li>\n<li data-start=\"1392\" data-end=\"1807\"><strong data-start=\"1688\" data-end=\"1712\">1 penna applicatrice<\/strong> per un\u2019applicazione precisa<\/li>\n<li data-start=\"1392\" data-end=\"1807\"><strong data-start=\"1745\" data-end=\"1769\">1 quadratino di cera<\/strong> per facilitare la presa delle gemme<\/li>\n<\/ul>\n<p>&nbsp;<\/p>\n\t\t<div data-elementor-type=\"section\" data-elementor-id=\"2286\" class=\"elementor elementor-2286\" data-elementor-post-type=\"elementor_library\">\n\t\t\t<div class=\"elementor-element elementor-element-0bb036f e-flex e-con-boxed e-con e-parent\" data-id=\"0bb036f\" data-element_type=\"container\" data-e-type=\"container\">\n\t\t\t\t\t<div class=\"e-con-inner\">\n\t\t<div class=\"elementor-element elementor-element-5f654a5 e-con-full e-flex e-con e-child\" data-id=\"5f654a5\" data-element_type=\"container\" data-e-type=\"container\">\n\t\t\t\t<div class=\"elementor-element elementor-element-750ea64 elementor-widget elementor-widget-image\" data-id=\"750ea64\" data-element_type=\"widget\" data-e-type=\"widget\" data-widget_type=\"image.default\">\n\t\t\t\t<div class=\"elementor-widget-container\">\n\t\t\t\t\t\t\t\t\t\t\t\t<figure class=\"wp-caption\">\n\t\t\t\t\t\t\t\t\t\t<img fetchpriority=\"high\" decoding=\"async\" width=\"768\" height=\"768\" src=\"https:\/\/ercartomattoshop.com\/wp-content\/uploads\/2025\/03\/ERCARTOMATTO-PUZZLE.jpg\" class=\"attachment-large size-large wp-image-2288\" alt=\"Puzzle\" srcset=\"https:\/\/ercartomattoshop.com\/wp-content\/uploads\/2025\/03\/ERCARTOMATTO-PUZZLE.jpg 768w, https:\/\/ercartomattoshop.com\/wp-content\/uploads\/2025\/03\/ERCARTOMATTO-PUZZLE-300x300.jpg 300w, https:\/\/ercartomattoshop.com\/wp-content\/uploads\/2025\/03\/ERCARTOMATTO-PUZZLE-150x150.jpg 150w, https:\/\/ercartomattoshop.com\/wp-content\/uploads\/2025\/03\/ERCARTOMATTO-PUZZLE-600x600.jpg 600w, https:\/\/ercartomattoshop.com\/wp-content\/uploads\/2025\/03\/ERCARTOMATTO-PUZZLE-100x100.jpg 100w\" sizes=\"(max-width: 768px) 100vw, 768px\" \/>\t\t\t\t\t\t\t\t\t\t\t<figcaption class=\"widget-image-caption wp-caption-text\"><H5>PUZZLE &amp; CRYSTAL ART<\/H5><\/figcaption>\n\t\t\t\t\t\t\t\t\t\t<\/figure>\n\t\t\t\t\t\t\t\t\t<\/div>\n\t\t\t\t<\/div>\n\t\t\t\t<\/div>\n\t\t<div class=\"elementor-element elementor-element-6a85968 e-con-full e-flex e-con e-child\" data-id=\"6a85968\" data-element_type=\"container\" data-e-type=\"container\">\n\t\t\t\t<div class=\"elementor-element elementor-element-c21895b elementor-widget elementor-widget-text-editor\" data-id=\"c21895b\" data-element_type=\"widget\" data-e-type=\"widget\" data-widget_type=\"text-editor.default\">\n\t\t\t\t<div class=\"elementor-widget-container\">\n\t\t\t\t\t\t\t\t\t<h4><strong>Scopri il Magico Mondo di Puzzle &amp; Crystal Art!<\/strong><\/h4><h5>Entra in un universo di creativit\u00e0 e relax con i nostri <strong>Puzzle &amp; Crystal Art<\/strong>, perfetti per chi ama combinare ingegno e arte. Dai classici puzzle con immagini mozzafiato alla brillantezza della crystal art, ogni creazione diventa un capolavoro da esporre o regalare. Scegli tra un\u2019ampia gamma di design, dai paesaggi incantevoli agli animali pi\u00f9 affascinanti, e lasciati conquistare dal piacere di incastonare ogni pezzo o cristallo al posto giusto. Perfetti per tutte le et\u00e0, i nostri prodotti regalano ore di divertimento e soddisfazione. Scopri la bellezza di creare con le tue mani \u2013 <strong>lasciati ispirare da Puzzle &amp; Crystal Art!<\/strong><\/h5>\t\t\t\t\t\t\t\t<\/div>\n\t\t\t\t<\/div>\n\t\t\t\t<div class=\"elementor-element elementor-element-420591d elementor-align-justify elementor-widget elementor-widget-button\" data-id=\"420591d\" data-element_type=\"widget\" data-e-type=\"widget\" data-widget_type=\"button.default\">\n\t\t\t\t<div class=\"elementor-widget-container\">\n\t\t\t\t\t\t\t\t\t<div class=\"elementor-button-wrapper\">\n\t\t\t\t\t<a class=\"elementor-button elementor-button-link elementor-size-sm\" href=\"https:\/\/ercartomattoshop.com\/index.php\/ricerca-puzzle\/\">\n\t\t\t\t\t\t<span class=\"elementor-button-content-wrapper\">\n\t\t\t\t\t\t\t\t\t<span class=\"elementor-button-text\">Fai clic qui<\/span>\n\t\t\t\t\t<\/span>\n\t\t\t\t\t<\/a>\n\t\t\t\t<\/div>\n\t\t\t\t\t\t\t\t<\/div>\n\t\t\t\t<\/div>\n\t\t\t\t<\/div>\n\t\t\t\t\t<\/div>\n\t\t\t\t<\/div>\n\t\t\t\t<\/div>\n\t\t\n<h6 style=\"text-align: right;\">#DIAMANTINY #CrystalArt #DIY #artecongemme #hobbycreativo #fai-da-te #relaxcreativo #diamantinymosaico #ercartomatto #ercartomattorivoli #rivolishop #cososusa153 #cartoleriarivoli #ercartomattoshop<\/h6>\n","protected":false},"excerpt":{"rendered":"<h2 style=\"text-align: left;\">DIAMANTINY Artist &#8211; Coralli Marini \u00e8 un kit di crystal art che permette di realizzare un mosaico in rilievo con oltre 10.000 gemme 3D colorate.<\/h2>\n<h4>La tecnica \u201ccolora con i numeri\u201d facilita l\u2019applicazione delle gemme, rendendo questa attivit\u00e0 rilassante e creativa. Ideale per bambini dagli 8 anni in su, aiuta a sviluppare la manualit\u00e0 e la concentrazione. Il set include una tela 50&#215;70 cm, un vassoio raccoglitore, una penna applicatrice e cera per un&#8217;applicazione perfetta.<\/h4>\n<p>&nbsp;<\/p>\n<table>\n<tbody>\n<tr>\n<th>Caratteristica<\/th>\n<th>Dettagli<\/th>\n<\/tr>\n<tr>\n<td>Nome prodotto<\/td>\n<td>DIAMANTINY Artist &#8211; Coralli Marini<\/td>\n<\/tr>\n<tr>\n<td>Tipo di attivit\u00e0<\/td>\n<td>Crystal Art &#8211; Mosaico con gemme 3D<\/td>\n<\/tr>\n<tr>\n<td>Dimensioni tela<\/td>\n<td>50&#215;70 cm (Formato B2)<\/td>\n<\/tr>\n<tr>\n<td>Numero di gemme<\/td>\n<td>10.000+ cristalli colorati<\/td>\n<\/tr>\n<tr>\n<td>Et\u00e0 consigliata<\/td>\n<td>8+ anni<\/td>\n<\/tr>\n<tr>\n<td>Contenuto<\/td>\n<td>Tela adesiva, gemme, penna applicatore, vassoio, cera<\/td>\n<\/tr>\n<\/tbody>\n<\/table>\n","protected":false},"featured_media":2319,"template":"","meta":{"_acf_changed":false,"jetpack_publicize_message":"\ud83c\udfa8\u2728 Lasciati ispirare dalla bellezza del mare con DIAMANTINY Artist - Coralli Marini! Un mosaico in rilievo con oltre 10.000 gemme 3D per creare una vera opera d\u2019arte. \ud83c\udfa8\ud83d\udc8e\r\n\r\n\ud83d\udc20 Rilassati e dai vita al tuo capolavoro! Segui la tecnica \"colora con i numeri\" e scopri quanto \u00e8 facile e divertente realizzare un quadro brillante! \ud83d\ude0d\r\n\r\n\ud83d\udccd Vieni a trovarci in Corso Susa 153\/b a Rivoli oppure visita i nostri spazi web: ercartomatto.com ed ercartomattoshop.com!\r\n\r\n#DIAMANTINY #CrystalArt #DIY #artecongemme #hobbycreativo #fai-da-te #relaxcreativo #diamantinymosaico #ercartomatto #ercartomattorivoli #rivolishop #cososusa153 #cartoleriarivoli #ercartomattoshop","jetpack_publicize_feature_enabled":true,"jetpack_social_post_already_shared":true,"jetpack_social_options":{"image_generator_settings":{"template":"highway","default_image_id":0,"font":"","enabled":false},"version":2}},"product_brand":[],"product_cat":[247,75],"product_tag":[],"class_list":{"0":"post-2318","1":"product","2":"type-product","3":"status-publish","4":"has-post-thumbnail","6":"product_cat-diamantiny","7":"product_cat-puzzle","9":"first","10":"outofstock","11":"sale","12":"shipping-taxable","13":"purchasable","14":"product-type-simple"},"acf":[],"yoast_head":"<!-- This site is optimized with the Yoast SEO Premium plugin v27.4 (Yoast SEO v27.4) - https:\/\/yoast.com\/product\/yoast-seo-premium-wordpress\/ -->\n<title>Diamantiny Artist: Mosaico con 10.000+ gemme 3D - Er Cartomatto Shop<\/title>\n<meta name=\"description\" content=\"Trasforma la tela 50x70 cm in un&#039;opera d&#039;arte scintillante con il Diamantiny Artist! Applica facilmente le gemme, inizia subito a creare!\" \/>\n<meta name=\"robots\" content=\"index, follow, max-snippet:-1, max-image-preview:large, max-video-preview:-1\" \/>\n<link rel=\"canonical\" href=\"https:\/\/ercartomattoshop.com\/index.php\/prodotto\/diamantiny-artist-coralli-marini\/\" \/>\n<meta property=\"og:locale\" content=\"it_IT\" \/>\n<meta property=\"og:type\" content=\"article\" \/>\n<meta property=\"og:title\" content=\"Diamantiny Artist - Coralli Marini\" \/>\n<meta property=\"og:description\" content=\"Trasforma la tela 50x70 cm in un&#039;opera d&#039;arte scintillante con il Diamantiny Artist! Applica facilmente le gemme, inizia subito a creare!\" \/>\n<meta property=\"og:url\" content=\"https:\/\/ercartomattoshop.com\/index.php\/prodotto\/diamantiny-artist-coralli-marini\/\" \/>\n<meta property=\"og:site_name\" content=\"Er Cartomatto Shop\" \/>\n<meta property=\"article:modified_time\" content=\"2025-07-22T08:59:51+00:00\" \/>\n<meta property=\"og:image\" content=\"https:\/\/ercartomattoshop.com\/wp-content\/uploads\/2025\/03\/ERCARTOMATTO-NICE-DIAMANTINY-CORALLO.jpg\" \/>\n\t<meta property=\"og:image:width\" content=\"900\" \/>\n\t<meta property=\"og:image:height\" content=\"473\" \/>\n\t<meta property=\"og:image:type\" content=\"image\/jpeg\" \/>\n<meta name=\"twitter:card\" content=\"summary_large_image\" \/>\n<meta name=\"twitter:label1\" content=\"Prezzo\" \/>\n\t<meta name=\"twitter:data1\" content=\"21,50&nbsp;&euro;\" \/>\n\t<meta name=\"twitter:label2\" content=\"Disponibilit\u00e0\" \/>\n\t<meta name=\"twitter:data2\" content=\"Esaurito\" \/>\n<script type=\"application\/ld+json\" class=\"yoast-schema-graph\">{\"@context\":\"https:\\\/\\\/schema.org\",\"@graph\":[{\"@type\":\"WebPage\",\"@id\":\"https:\\\/\\\/ercartomattoshop.com\\\/index.php\\\/prodotto\\\/diamantiny-artist-coralli-marini\\\/\",\"url\":\"https:\\\/\\\/ercartomattoshop.com\\\/index.php\\\/prodotto\\\/diamantiny-artist-coralli-marini\\\/\",\"name\":\"Diamantiny Artist: Mosaico con 10.000+ gemme 3D - Er Cartomatto Shop\",\"isPartOf\":{\"@id\":\"https:\\\/\\\/ercartomattoshop.com\\\/#website\"},\"primaryImageOfPage\":{\"@id\":\"https:\\\/\\\/ercartomattoshop.com\\\/index.php\\\/prodotto\\\/diamantiny-artist-coralli-marini\\\/#primaryimage\"},\"image\":{\"@id\":\"https:\\\/\\\/ercartomattoshop.com\\\/index.php\\\/prodotto\\\/diamantiny-artist-coralli-marini\\\/#primaryimage\"},\"thumbnailUrl\":\"https:\\\/\\\/ercartomattoshop.com\\\/wp-content\\\/uploads\\\/2025\\\/03\\\/ERCARTOMATTO-NICE-DIAMANTINY-CORALLO.jpg\",\"datePublished\":\"2025-03-18T22:26:25+00:00\",\"dateModified\":\"2025-07-22T08:59:51+00:00\",\"description\":\"Trasforma la tela 50x70 cm in un'opera d'arte scintillante con il Diamantiny Artist! Applica facilmente le gemme, inizia subito a creare!\",\"breadcrumb\":{\"@id\":\"https:\\\/\\\/ercartomattoshop.com\\\/index.php\\\/prodotto\\\/diamantiny-artist-coralli-marini\\\/#breadcrumb\"},\"inLanguage\":\"it-IT\",\"potentialAction\":[{\"@type\":\"ReadAction\",\"target\":[\"https:\\\/\\\/ercartomattoshop.com\\\/index.php\\\/prodotto\\\/diamantiny-artist-coralli-marini\\\/\"]}]},{\"@type\":\"ImageObject\",\"inLanguage\":\"it-IT\",\"@id\":\"https:\\\/\\\/ercartomattoshop.com\\\/index.php\\\/prodotto\\\/diamantiny-artist-coralli-marini\\\/#primaryimage\",\"url\":\"https:\\\/\\\/ercartomattoshop.com\\\/wp-content\\\/uploads\\\/2025\\\/03\\\/ERCARTOMATTO-NICE-DIAMANTINY-CORALLO.jpg\",\"contentUrl\":\"https:\\\/\\\/ercartomattoshop.com\\\/wp-content\\\/uploads\\\/2025\\\/03\\\/ERCARTOMATTO-NICE-DIAMANTINY-CORALLO.jpg\",\"width\":900,\"height\":473,\"caption\":\"Diamantiny Artist\"},{\"@type\":\"BreadcrumbList\",\"@id\":\"https:\\\/\\\/ercartomattoshop.com\\\/index.php\\\/prodotto\\\/diamantiny-artist-coralli-marini\\\/#breadcrumb\",\"itemListElement\":[{\"@type\":\"ListItem\",\"position\":1,\"name\":\"Home\",\"item\":\"https:\\\/\\\/ercartomattoshop.com\\\/\"},{\"@type\":\"ListItem\",\"position\":2,\"name\":\"Er Cartomatto Shop: VETRINA PRODOTTI\",\"item\":\"https:\\\/\\\/ercartomattoshop.com\\\/index.php\\\/vetrina-prodotti-completa\\\/\"},{\"@type\":\"ListItem\",\"position\":3,\"name\":\"Diamantiny Artist &#8211; Coralli Marini\"}]},{\"@type\":\"WebSite\",\"@id\":\"https:\\\/\\\/ercartomattoshop.com\\\/#website\",\"url\":\"https:\\\/\\\/ercartomattoshop.com\\\/\",\"name\":\"Er Cartomatto Shop\",\"description\":\"\",\"publisher\":{\"@id\":\"https:\\\/\\\/ercartomattoshop.com\\\/#organization\"},\"potentialAction\":[{\"@type\":\"SearchAction\",\"target\":{\"@type\":\"EntryPoint\",\"urlTemplate\":\"https:\\\/\\\/ercartomattoshop.com\\\/?s={search_term_string}\"},\"query-input\":{\"@type\":\"PropertyValueSpecification\",\"valueRequired\":true,\"valueName\":\"search_term_string\"}}],\"inLanguage\":\"it-IT\"},{\"@type\":\"Organization\",\"@id\":\"https:\\\/\\\/ercartomattoshop.com\\\/#organization\",\"name\":\"Er Cartomatto Shop\",\"url\":\"https:\\\/\\\/ercartomattoshop.com\\\/\",\"logo\":{\"@type\":\"ImageObject\",\"inLanguage\":\"it-IT\",\"@id\":\"https:\\\/\\\/ercartomattoshop.com\\\/#\\\/schema\\\/logo\\\/image\\\/\",\"url\":\"https:\\\/\\\/ercartomattoshop.com\\\/wp-content\\\/uploads\\\/2024\\\/03\\\/cropped-cropped-ERCARTOMATTO-LOGOTRASPARENTE-1.png\",\"contentUrl\":\"https:\\\/\\\/ercartomattoshop.com\\\/wp-content\\\/uploads\\\/2024\\\/03\\\/cropped-cropped-ERCARTOMATTO-LOGOTRASPARENTE-1.png\",\"width\":381,\"height\":354,\"caption\":\"Er Cartomatto Shop\"},\"image\":{\"@id\":\"https:\\\/\\\/ercartomattoshop.com\\\/#\\\/schema\\\/logo\\\/image\\\/\"}}]}<\/script>\n<meta property=\"product:brand\" content=\"PUZZLE e CRYSTAL ART\" \/>\n<meta property=\"product:price:amount\" content=\"21.50\" \/>\n<meta property=\"product:price:currency\" content=\"EUR\" \/>\n<meta property=\"og:availability\" content=\"out of stock\" \/>\n<meta property=\"product:availability\" content=\"out of stock\" \/>\n<meta property=\"product:condition\" content=\"new\" \/>\n<!-- \/ Yoast SEO Premium plugin. -->","yoast_head_json":{"title":"Diamantiny Artist: Mosaico con 10.000+ gemme 3D - Er Cartomatto Shop","description":"Trasforma la tela 50x70 cm in un'opera d'arte scintillante con il Diamantiny Artist! Applica facilmente le gemme, inizia subito a creare!","robots":{"index":"index","follow":"follow","max-snippet":"max-snippet:-1","max-image-preview":"max-image-preview:large","max-video-preview":"max-video-preview:-1"},"canonical":"https:\/\/ercartomattoshop.com\/index.php\/prodotto\/diamantiny-artist-coralli-marini\/","og_locale":"it_IT","og_type":"article","og_title":"Diamantiny Artist - Coralli Marini","og_description":"Trasforma la tela 50x70 cm in un'opera d'arte scintillante con il Diamantiny Artist! Applica facilmente le gemme, inizia subito a creare!","og_url":"https:\/\/ercartomattoshop.com\/index.php\/prodotto\/diamantiny-artist-coralli-marini\/","og_site_name":"Er Cartomatto Shop","article_modified_time":"2025-07-22T08:59:51+00:00","og_image":[{"width":900,"height":473,"url":"https:\/\/ercartomattoshop.com\/wp-content\/uploads\/2025\/03\/ERCARTOMATTO-NICE-DIAMANTINY-CORALLO.jpg","type":"image\/jpeg"}],"twitter_card":"summary_large_image","twitter_misc":{"Prezzo":"21,50&nbsp;&euro;","Disponibilit\u00e0":"Esaurito"},"schema":{"@context":"https:\/\/schema.org","@graph":[{"@type":"WebPage","@id":"https:\/\/ercartomattoshop.com\/index.php\/prodotto\/diamantiny-artist-coralli-marini\/","url":"https:\/\/ercartomattoshop.com\/index.php\/prodotto\/diamantiny-artist-coralli-marini\/","name":"Diamantiny Artist: Mosaico con 10.000+ gemme 3D - Er Cartomatto Shop","isPartOf":{"@id":"https:\/\/ercartomattoshop.com\/#website"},"primaryImageOfPage":{"@id":"https:\/\/ercartomattoshop.com\/index.php\/prodotto\/diamantiny-artist-coralli-marini\/#primaryimage"},"image":{"@id":"https:\/\/ercartomattoshop.com\/index.php\/prodotto\/diamantiny-artist-coralli-marini\/#primaryimage"},"thumbnailUrl":"https:\/\/ercartomattoshop.com\/wp-content\/uploads\/2025\/03\/ERCARTOMATTO-NICE-DIAMANTINY-CORALLO.jpg","datePublished":"2025-03-18T22:26:25+00:00","dateModified":"2025-07-22T08:59:51+00:00","description":"Trasforma la tela 50x70 cm in un'opera d'arte scintillante con il Diamantiny Artist! Applica facilmente le gemme, inizia subito a creare!","breadcrumb":{"@id":"https:\/\/ercartomattoshop.com\/index.php\/prodotto\/diamantiny-artist-coralli-marini\/#breadcrumb"},"inLanguage":"it-IT","potentialAction":[{"@type":"ReadAction","target":["https:\/\/ercartomattoshop.com\/index.php\/prodotto\/diamantiny-artist-coralli-marini\/"]}]},{"@type":"ImageObject","inLanguage":"it-IT","@id":"https:\/\/ercartomattoshop.com\/index.php\/prodotto\/diamantiny-artist-coralli-marini\/#primaryimage","url":"https:\/\/ercartomattoshop.com\/wp-content\/uploads\/2025\/03\/ERCARTOMATTO-NICE-DIAMANTINY-CORALLO.jpg","contentUrl":"https:\/\/ercartomattoshop.com\/wp-content\/uploads\/2025\/03\/ERCARTOMATTO-NICE-DIAMANTINY-CORALLO.jpg","width":900,"height":473,"caption":"Diamantiny Artist"},{"@type":"BreadcrumbList","@id":"https:\/\/ercartomattoshop.com\/index.php\/prodotto\/diamantiny-artist-coralli-marini\/#breadcrumb","itemListElement":[{"@type":"ListItem","position":1,"name":"Home","item":"https:\/\/ercartomattoshop.com\/"},{"@type":"ListItem","position":2,"name":"Er Cartomatto Shop: VETRINA PRODOTTI","item":"https:\/\/ercartomattoshop.com\/index.php\/vetrina-prodotti-completa\/"},{"@type":"ListItem","position":3,"name":"Diamantiny Artist &#8211; Coralli Marini"}]},{"@type":"WebSite","@id":"https:\/\/ercartomattoshop.com\/#website","url":"https:\/\/ercartomattoshop.com\/","name":"Er Cartomatto Shop","description":"","publisher":{"@id":"https:\/\/ercartomattoshop.com\/#organization"},"potentialAction":[{"@type":"SearchAction","target":{"@type":"EntryPoint","urlTemplate":"https:\/\/ercartomattoshop.com\/?s={search_term_string}"},"query-input":{"@type":"PropertyValueSpecification","valueRequired":true,"valueName":"search_term_string"}}],"inLanguage":"it-IT"},{"@type":"Organization","@id":"https:\/\/ercartomattoshop.com\/#organization","name":"Er Cartomatto Shop","url":"https:\/\/ercartomattoshop.com\/","logo":{"@type":"ImageObject","inLanguage":"it-IT","@id":"https:\/\/ercartomattoshop.com\/#\/schema\/logo\/image\/","url":"https:\/\/ercartomattoshop.com\/wp-content\/uploads\/2024\/03\/cropped-cropped-ERCARTOMATTO-LOGOTRASPARENTE-1.png","contentUrl":"https:\/\/ercartomattoshop.com\/wp-content\/uploads\/2024\/03\/cropped-cropped-ERCARTOMATTO-LOGOTRASPARENTE-1.png","width":381,"height":354,"caption":"Er Cartomatto Shop"},"image":{"@id":"https:\/\/ercartomattoshop.com\/#\/schema\/logo\/image\/"}}]},"product_brand":"PUZZLE e CRYSTAL ART","product_price_amount":"21.50","product_price_currency":"EUR","og_availability":"out of stock","product_availability":"out of stock","product_condition":"new"},"jetpack_publicize_connections":[],"_links":{"self":[{"href":"https:\/\/ercartomattoshop.com\/index.php\/wp-json\/wp\/v2\/product\/2318","targetHints":{"allow":["GET"]}}],"collection":[{"href":"https:\/\/ercartomattoshop.com\/index.php\/wp-json\/wp\/v2\/product"}],"about":[{"href":"https:\/\/ercartomattoshop.com\/index.php\/wp-json\/wp\/v2\/types\/product"}],"wp:featuredmedia":[{"embeddable":true,"href":"https:\/\/ercartomattoshop.com\/index.php\/wp-json\/wp\/v2\/media\/2319"}],"wp:attachment":[{"href":"https:\/\/ercartomattoshop.com\/index.php\/wp-json\/wp\/v2\/media?parent=2318"}],"wp:term":[{"taxonomy":"product_brand","embeddable":true,"href":"https:\/\/ercartomattoshop.com\/index.php\/wp-json\/wp\/v2\/product_brand?post=2318"},{"taxonomy":"product_cat","embeddable":true,"href":"https:\/\/ercartomattoshop.com\/index.php\/wp-json\/wp\/v2\/product_cat?post=2318"},{"taxonomy":"product_tag","embeddable":true,"href":"https:\/\/ercartomattoshop.com\/index.php\/wp-json\/wp\/v2\/product_tag?post=2318"}],"curies":[{"name":"wp","href":"https:\/\/api.w.org\/{rel}","templated":true}]}}