{"id":1536,"date":"2024-11-23T16:21:37","date_gmt":"2024-11-23T15:21:37","guid":{"rendered":"https:\/\/ercartomattoshop.com\/?post_type=product&#038;p=1536"},"modified":"2026-01-29T08:57:18","modified_gmt":"2026-01-29T07:57:18","slug":"lavagna-magica-tintaunita-kids","status":"publish","type":"product","link":"https:\/\/ercartomattoshop.com\/index.php\/prodotto\/lavagna-magica-tintaunita-kids\/","title":{"rendered":"LAVAGNA MAGICA tintaUNITA KIDS"},"content":{"rendered":"<h2 style=\"text-align: left;\">LAVAGNA MAGICA tintaUNITA KIDS \u2013 Creativit\u00e0 Portatile per Piccoli Artisti!<\/h2>\n<h3 style=\"text-align: left;\">Colora il mondo con la Lavagna Magica<\/h3>\n<p>La Lavagna Magica tintaUNITA Kids \u00e8 l\u2019alleata ideale per i piccoli artisti! Pensata per stimolare la creativit\u00e0, offre un\u2019esperienza unica di disegno e scrittura, perfetta per ogni occasione. Con uno schermo da 12 pollici e due vivaci colori, azzurro o rosa, questa lavagna \u00e8 adatta a tutti i bambini, rendendo ogni momento indimenticabile e creativo.<\/p>\n<h3 style=\"text-align: left;\">Facilit\u00e0 e praticit\u00e0 ovunque tu sia<\/h3>\n<p>Leggera e compatta, questa lavagna \u00e8 facile da trasportare ovunque. I tuoi bambini potranno disegnare e cancellare in un attimo: basta premere il pulsante per avere sempre uno spazio nuovo e pronto per nuove creazioni. \u00c8 ideale per viaggi, momenti di relax o per accompagnarli a scuola, regalando intrattenimento e apprendimento ovunque.<\/p>\n<h3 style=\"text-align: left;\">Tecnologia intuitiva per un divertimento senza fine<\/h3>\n<p>Grazie alla funzione di blocco dello schermo posizionata sul retro, i capolavori dei bambini saranno al sicuro. Alimentata da una batteria a bottone CR2025 inclusa, la lavagna garantisce lunghe ore di gioco senza interruzioni. Questo strumento innovativo \u00e8 il connubio perfetto tra semplicit\u00e0 e tecnologia, mantenendo l\u2019attenzione dei pi\u00f9 piccoli sul divertimento e sulla creativit\u00e0.<\/p>\n<h3 style=\"text-align: left;\">Un regalo speciale per ogni occasione<\/h3>\n<p>La Lavagna Magica tintaUNITA Kids \u00e8 il regalo perfetto per compleanni, festivit\u00e0 o semplicemente per sorprendere un bambino speciale. Allora, perch\u00e9 aspettare? Fai felice un piccolo artista e lascia che l\u2019immaginazione prenda il volo con tintaUNITA Kids!<\/p>\n\t\t<div data-elementor-type=\"section\" data-elementor-id=\"1424\" class=\"elementor elementor-1424\" data-elementor-post-type=\"elementor_library\">\n\t\t\t<div class=\"elementor-element elementor-element-aaca67f e-flex e-con-boxed e-con e-parent\" data-id=\"aaca67f\" data-element_type=\"container\" data-e-type=\"container\" data-settings=\"{&quot;background_background&quot;:&quot;classic&quot;}\">\n\t\t\t\t\t<div class=\"e-con-inner\">\n\t\t\t\t<div class=\"elementor-element elementor-element-81ec832 elementor-widget elementor-widget-spacer\" data-id=\"81ec832\" data-element_type=\"widget\" data-e-type=\"widget\" data-widget_type=\"spacer.default\">\n\t\t\t\t<div class=\"elementor-widget-container\">\n\t\t\t\t\t\t\t<div class=\"elementor-spacer\">\n\t\t\t<div class=\"elementor-spacer-inner\"><\/div>\n\t\t<\/div>\n\t\t\t\t\t\t<\/div>\n\t\t\t\t<\/div>\n\t\t\t\t<div class=\"elementor-element elementor-element-a6cad57 elementor-widget-divider--view-line elementor-widget elementor-widget-divider\" data-id=\"a6cad57\" data-element_type=\"widget\" data-e-type=\"widget\" data-widget_type=\"divider.default\">\n\t\t\t\t<div class=\"elementor-widget-container\">\n\t\t\t\t\t\t\t<div class=\"elementor-divider\">\n\t\t\t<span class=\"elementor-divider-separator\">\n\t\t\t\t\t\t<\/span>\n\t\t<\/div>\n\t\t\t\t\t\t<\/div>\n\t\t\t\t<\/div>\n\t\t\t\t<div class=\"elementor-element elementor-element-cf82295 elementor-hidden-desktop elementor-hidden-tablet elementor-hidden-mobile elementor-widget elementor-widget-heading\" data-id=\"cf82295\" data-element_type=\"widget\" data-e-type=\"widget\" data-widget_type=\"heading.default\">\n\t\t\t\t<div class=\"elementor-widget-container\">\n\t\t\t\t\t<h4 class=\"elementor-heading-title elementor-size-default\">Natale 2024 \u00e8 alle porte e noi di Er Cartomatto siamo pronti a rendere le vostre feste ancora pi\u00f9 speciali! <\/h4>\t\t\t\t<\/div>\n\t\t\t\t<\/div>\n\t\t\t\t<div class=\"elementor-element elementor-element-5965cb5 elementor-hidden-desktop elementor-hidden-tablet elementor-hidden-mobile elementor-widget elementor-widget-image\" data-id=\"5965cb5\" data-element_type=\"widget\" data-e-type=\"widget\" data-widget_type=\"image.default\">\n\t\t\t\t<div class=\"elementor-widget-container\">\n\t\t\t\t\t\t\t\t\t\t\t\t\t\t\t\t<a href=\"https:\/\/ercartomattoshop.com\/index.php\/ricerca-idea-regalo\/\">\n\t\t\t\t\t\t\t<img decoding=\"async\" src=\"https:\/\/ercartomattoshop.com\/wp-content\/uploads\/2024\/11\/ERCARTOMATTO-.-BABBO-NATALE-BOTTONE.png\" title=\"\" alt=\"\" loading=\"lazy\" \/>\t\t\t\t\t\t\t\t<\/a>\n\t\t\t\t\t\t\t\t\t\t\t\t\t\t\t<\/div>\n\t\t\t\t<\/div>\n\t\t\t\t\t<\/div>\n\t\t\t\t<\/div>\n\t\t\t\t<\/div>\n\t\t\n","protected":false},"excerpt":{"rendered":"<p>La Lavagna Magica tintaUNITA Kids stimola la creativit\u00e0 dei bambini con uno schermo da 12 pollici in colori vivaci (azzurro o rosa). Leggera, facile da trasportare, e con funzioni intuitive come la cancellazione con un pulsante e il blocco dello schermo. Perfetta per accompagnare i pi\u00f9 piccoli nelle loro avventure quotidiane e alimentata da una batteria CR2025 inclusa.<\/p>\n<p><strong>Caratteristiche principali:<\/strong><\/p>\n<ul>\n<li>Colori disponibili: azzurro, rosa<\/li>\n<li>Schermo: 12 pollici<\/li>\n<li>Funzione cancella con pulsante<\/li>\n<li>Tasto di blocco dello schermo<\/li>\n<li>Batteria CR2025 inclusa<\/li>\n<\/ul>\n<p><img fetchpriority=\"high\" decoding=\"async\" class=\"alignnone size-medium\" src=\"https:\/\/b2923555.smushcdn.com\/2923555\/wp-content\/uploads\/2024\/11\/kids-natale24-kids-28.jpg?lossy=2&amp;strip=1&amp;webp=1\" alt=\"Lavagna Magica tintaUNITA KIDS\" width=\"1001\" height=\"1001\" \/><\/p>\n<h6><span style=\"color: #fafafa;\">#tintaUNITAKids #LavagnaMagica #Creativit\u00e0Bambini #GiocoEducativo #IdeeRegalo<\/span><\/h6>\n","protected":false},"featured_media":1537,"template":"","meta":{"_acf_changed":false,"jetpack_publicize_message":"","jetpack_publicize_feature_enabled":true,"jetpack_social_post_already_shared":false,"jetpack_social_options":{"image_generator_settings":{"template":"highway","default_image_id":0,"font":"","enabled":false},"version":2}},"product_brand":[],"product_cat":[61,84,31],"product_tag":[],"class_list":{"0":"post-1536","1":"product","2":"type-product","3":"status-publish","4":"has-post-thumbnail","6":"product_cat-cartoleria","7":"product_cat-idea-regalo","8":"product_cat-tinta-unita","10":"first","11":"outofstock","12":"shipping-taxable","13":"purchasable","14":"product-type-variable"},"acf":[],"yoast_head":"<!-- This site is optimized with the Yoast SEO Premium plugin v27.4 (Yoast SEO v27.4) - https:\/\/yoast.com\/product\/yoast-seo-premium-wordpress\/ -->\n<title>LAVAGNA MAGICA tintaUNITA KIDS: Colore e Divertimento - Er Cartomatto Shop<\/title>\n<meta name=\"description\" content=\"La Lavagna Magica tintaUNITA Kids: il compagno perfetto per i piccoli artisti! Stimola la creativit\u00e0 con uno schermo da 12 pollici\" \/>\n<meta name=\"robots\" content=\"index, follow, max-snippet:-1, max-image-preview:large, max-video-preview:-1\" \/>\n<link rel=\"canonical\" href=\"https:\/\/ercartomattoshop.com\/index.php\/prodotto\/lavagna-magica-tintaunita-kids\/\" \/>\n<meta property=\"og:locale\" content=\"it_IT\" \/>\n<meta property=\"og:type\" content=\"article\" \/>\n<meta property=\"og:title\" content=\"LAVAGNA MAGICA tintaUNITA KIDS: Astuccio Pratico e di Stile\" \/>\n<meta property=\"og:description\" content=\"Porta con te la soluzione perfetta per proteggere e organizzare il tuo materiale scolastico. Astuccio LAVAGNA MAGICA tintaUNITA KIDS: eleganza e praticit\u00e0 in una zip! \ud83c\udf92\ud83d\udd8c\ufe0f\" \/>\n<meta property=\"og:url\" content=\"https:\/\/ercartomattoshop.com\/index.php\/prodotto\/lavagna-magica-tintaunita-kids\/\" \/>\n<meta property=\"og:site_name\" content=\"Er Cartomatto Shop\" \/>\n<meta property=\"article:modified_time\" content=\"2026-01-29T07:57:18+00:00\" \/>\n<meta property=\"og:image\" content=\"https:\/\/ercartomattoshop.com\/wp-content\/uploads\/2024\/11\/ERCARTOMATTO-TINTAUNITAKIDS-LAVAGNA-MAGICA.png\" \/>\n\t<meta property=\"og:image:width\" content=\"900\" \/>\n\t<meta property=\"og:image:height\" content=\"473\" \/>\n\t<meta property=\"og:image:type\" content=\"image\/png\" \/>\n<meta name=\"twitter:card\" content=\"summary_large_image\" \/>\n<meta name=\"twitter:title\" content=\"LAVAGNA MAGICA tintaUNITA KIDS\" \/>\n<meta name=\"twitter:label1\" content=\"Disponibilit\u00e0\" \/>\n\t<meta name=\"twitter:data1\" content=\"Esaurito\" \/>\n<script type=\"application\/ld+json\" class=\"yoast-schema-graph\">{\"@context\":\"https:\\\/\\\/schema.org\",\"@graph\":[{\"@type\":\"WebPage\",\"@id\":\"https:\\\/\\\/ercartomattoshop.com\\\/index.php\\\/prodotto\\\/lavagna-magica-tintaunita-kids\\\/\",\"url\":\"https:\\\/\\\/ercartomattoshop.com\\\/index.php\\\/prodotto\\\/lavagna-magica-tintaunita-kids\\\/\",\"name\":\"LAVAGNA MAGICA tintaUNITA KIDS: Colore e Divertimento - Er Cartomatto Shop\",\"isPartOf\":{\"@id\":\"https:\\\/\\\/ercartomattoshop.com\\\/#website\"},\"primaryImageOfPage\":{\"@id\":\"https:\\\/\\\/ercartomattoshop.com\\\/index.php\\\/prodotto\\\/lavagna-magica-tintaunita-kids\\\/#primaryimage\"},\"image\":{\"@id\":\"https:\\\/\\\/ercartomattoshop.com\\\/index.php\\\/prodotto\\\/lavagna-magica-tintaunita-kids\\\/#primaryimage\"},\"thumbnailUrl\":\"https:\\\/\\\/ercartomattoshop.com\\\/wp-content\\\/uploads\\\/2024\\\/11\\\/ERCARTOMATTO-TINTAUNITAKIDS-LAVAGNA-MAGICA.png\",\"datePublished\":\"2024-11-23T15:21:37+00:00\",\"dateModified\":\"2026-01-29T07:57:18+00:00\",\"description\":\"La Lavagna Magica tintaUNITA Kids: il compagno perfetto per i piccoli artisti! Stimola la creativit\u00e0 con uno schermo da 12 pollici\",\"breadcrumb\":{\"@id\":\"https:\\\/\\\/ercartomattoshop.com\\\/index.php\\\/prodotto\\\/lavagna-magica-tintaunita-kids\\\/#breadcrumb\"},\"inLanguage\":\"it-IT\",\"potentialAction\":[{\"@type\":\"ReadAction\",\"target\":[\"https:\\\/\\\/ercartomattoshop.com\\\/index.php\\\/prodotto\\\/lavagna-magica-tintaunita-kids\\\/\"]}]},{\"@type\":\"ImageObject\",\"inLanguage\":\"it-IT\",\"@id\":\"https:\\\/\\\/ercartomattoshop.com\\\/index.php\\\/prodotto\\\/lavagna-magica-tintaunita-kids\\\/#primaryimage\",\"url\":\"https:\\\/\\\/ercartomattoshop.com\\\/wp-content\\\/uploads\\\/2024\\\/11\\\/ERCARTOMATTO-TINTAUNITAKIDS-LAVAGNA-MAGICA.png\",\"contentUrl\":\"https:\\\/\\\/ercartomattoshop.com\\\/wp-content\\\/uploads\\\/2024\\\/11\\\/ERCARTOMATTO-TINTAUNITAKIDS-LAVAGNA-MAGICA.png\",\"width\":900,\"height\":473},{\"@type\":\"BreadcrumbList\",\"@id\":\"https:\\\/\\\/ercartomattoshop.com\\\/index.php\\\/prodotto\\\/lavagna-magica-tintaunita-kids\\\/#breadcrumb\",\"itemListElement\":[{\"@type\":\"ListItem\",\"position\":1,\"name\":\"Home\",\"item\":\"https:\\\/\\\/ercartomattoshop.com\\\/\"},{\"@type\":\"ListItem\",\"position\":2,\"name\":\"Er Cartomatto Shop: VETRINA PRODOTTI\",\"item\":\"https:\\\/\\\/ercartomattoshop.com\\\/index.php\\\/vetrina-prodotti-completa\\\/\"},{\"@type\":\"ListItem\",\"position\":3,\"name\":\"LAVAGNA MAGICA tintaUNITA KIDS\"}]},{\"@type\":\"WebSite\",\"@id\":\"https:\\\/\\\/ercartomattoshop.com\\\/#website\",\"url\":\"https:\\\/\\\/ercartomattoshop.com\\\/\",\"name\":\"Er Cartomatto Shop\",\"description\":\"\",\"publisher\":{\"@id\":\"https:\\\/\\\/ercartomattoshop.com\\\/#organization\"},\"potentialAction\":[{\"@type\":\"SearchAction\",\"target\":{\"@type\":\"EntryPoint\",\"urlTemplate\":\"https:\\\/\\\/ercartomattoshop.com\\\/?s={search_term_string}\"},\"query-input\":{\"@type\":\"PropertyValueSpecification\",\"valueRequired\":true,\"valueName\":\"search_term_string\"}}],\"inLanguage\":\"it-IT\"},{\"@type\":\"Organization\",\"@id\":\"https:\\\/\\\/ercartomattoshop.com\\\/#organization\",\"name\":\"Er Cartomatto Shop\",\"url\":\"https:\\\/\\\/ercartomattoshop.com\\\/\",\"logo\":{\"@type\":\"ImageObject\",\"inLanguage\":\"it-IT\",\"@id\":\"https:\\\/\\\/ercartomattoshop.com\\\/#\\\/schema\\\/logo\\\/image\\\/\",\"url\":\"https:\\\/\\\/ercartomattoshop.com\\\/wp-content\\\/uploads\\\/2024\\\/03\\\/cropped-cropped-ERCARTOMATTO-LOGOTRASPARENTE-1.png\",\"contentUrl\":\"https:\\\/\\\/ercartomattoshop.com\\\/wp-content\\\/uploads\\\/2024\\\/03\\\/cropped-cropped-ERCARTOMATTO-LOGOTRASPARENTE-1.png\",\"width\":381,\"height\":354,\"caption\":\"Er Cartomatto Shop\"},\"image\":{\"@id\":\"https:\\\/\\\/ercartomattoshop.com\\\/#\\\/schema\\\/logo\\\/image\\\/\"}}]}<\/script>\n<meta property=\"product:brand\" content=\"CARTOLERIA\" \/>\n<meta property=\"og:availability\" content=\"out of stock\" \/>\n<meta property=\"product:availability\" content=\"out of stock\" \/>\n<meta property=\"product:condition\" content=\"new\" \/>\n<!-- \/ Yoast SEO Premium plugin. -->","yoast_head_json":{"title":"LAVAGNA MAGICA tintaUNITA KIDS: Colore e Divertimento - Er Cartomatto Shop","description":"La Lavagna Magica tintaUNITA Kids: il compagno perfetto per i piccoli artisti! Stimola la creativit\u00e0 con uno schermo da 12 pollici","robots":{"index":"index","follow":"follow","max-snippet":"max-snippet:-1","max-image-preview":"max-image-preview:large","max-video-preview":"max-video-preview:-1"},"canonical":"https:\/\/ercartomattoshop.com\/index.php\/prodotto\/lavagna-magica-tintaunita-kids\/","og_locale":"it_IT","og_type":"article","og_title":"LAVAGNA MAGICA tintaUNITA KIDS: Astuccio Pratico e di Stile","og_description":"Porta con te la soluzione perfetta per proteggere e organizzare il tuo materiale scolastico. Astuccio LAVAGNA MAGICA tintaUNITA KIDS: eleganza e praticit\u00e0 in una zip! \ud83c\udf92\ud83d\udd8c\ufe0f","og_url":"https:\/\/ercartomattoshop.com\/index.php\/prodotto\/lavagna-magica-tintaunita-kids\/","og_site_name":"Er Cartomatto Shop","article_modified_time":"2026-01-29T07:57:18+00:00","og_image":[{"width":900,"height":473,"url":"https:\/\/ercartomattoshop.com\/wp-content\/uploads\/2024\/11\/ERCARTOMATTO-TINTAUNITAKIDS-LAVAGNA-MAGICA.png","type":"image\/png"}],"twitter_card":"summary_large_image","twitter_title":"LAVAGNA MAGICA tintaUNITA KIDS","twitter_misc":{"Disponibilit\u00e0":"Esaurito"},"schema":{"@context":"https:\/\/schema.org","@graph":[{"@type":"WebPage","@id":"https:\/\/ercartomattoshop.com\/index.php\/prodotto\/lavagna-magica-tintaunita-kids\/","url":"https:\/\/ercartomattoshop.com\/index.php\/prodotto\/lavagna-magica-tintaunita-kids\/","name":"LAVAGNA MAGICA tintaUNITA KIDS: Colore e Divertimento - Er Cartomatto Shop","isPartOf":{"@id":"https:\/\/ercartomattoshop.com\/#website"},"primaryImageOfPage":{"@id":"https:\/\/ercartomattoshop.com\/index.php\/prodotto\/lavagna-magica-tintaunita-kids\/#primaryimage"},"image":{"@id":"https:\/\/ercartomattoshop.com\/index.php\/prodotto\/lavagna-magica-tintaunita-kids\/#primaryimage"},"thumbnailUrl":"https:\/\/ercartomattoshop.com\/wp-content\/uploads\/2024\/11\/ERCARTOMATTO-TINTAUNITAKIDS-LAVAGNA-MAGICA.png","datePublished":"2024-11-23T15:21:37+00:00","dateModified":"2026-01-29T07:57:18+00:00","description":"La Lavagna Magica tintaUNITA Kids: il compagno perfetto per i piccoli artisti! Stimola la creativit\u00e0 con uno schermo da 12 pollici","breadcrumb":{"@id":"https:\/\/ercartomattoshop.com\/index.php\/prodotto\/lavagna-magica-tintaunita-kids\/#breadcrumb"},"inLanguage":"it-IT","potentialAction":[{"@type":"ReadAction","target":["https:\/\/ercartomattoshop.com\/index.php\/prodotto\/lavagna-magica-tintaunita-kids\/"]}]},{"@type":"ImageObject","inLanguage":"it-IT","@id":"https:\/\/ercartomattoshop.com\/index.php\/prodotto\/lavagna-magica-tintaunita-kids\/#primaryimage","url":"https:\/\/ercartomattoshop.com\/wp-content\/uploads\/2024\/11\/ERCARTOMATTO-TINTAUNITAKIDS-LAVAGNA-MAGICA.png","contentUrl":"https:\/\/ercartomattoshop.com\/wp-content\/uploads\/2024\/11\/ERCARTOMATTO-TINTAUNITAKIDS-LAVAGNA-MAGICA.png","width":900,"height":473},{"@type":"BreadcrumbList","@id":"https:\/\/ercartomattoshop.com\/index.php\/prodotto\/lavagna-magica-tintaunita-kids\/#breadcrumb","itemListElement":[{"@type":"ListItem","position":1,"name":"Home","item":"https:\/\/ercartomattoshop.com\/"},{"@type":"ListItem","position":2,"name":"Er Cartomatto Shop: VETRINA PRODOTTI","item":"https:\/\/ercartomattoshop.com\/index.php\/vetrina-prodotti-completa\/"},{"@type":"ListItem","position":3,"name":"LAVAGNA MAGICA tintaUNITA KIDS"}]},{"@type":"WebSite","@id":"https:\/\/ercartomattoshop.com\/#website","url":"https:\/\/ercartomattoshop.com\/","name":"Er Cartomatto Shop","description":"","publisher":{"@id":"https:\/\/ercartomattoshop.com\/#organization"},"potentialAction":[{"@type":"SearchAction","target":{"@type":"EntryPoint","urlTemplate":"https:\/\/ercartomattoshop.com\/?s={search_term_string}"},"query-input":{"@type":"PropertyValueSpecification","valueRequired":true,"valueName":"search_term_string"}}],"inLanguage":"it-IT"},{"@type":"Organization","@id":"https:\/\/ercartomattoshop.com\/#organization","name":"Er Cartomatto Shop","url":"https:\/\/ercartomattoshop.com\/","logo":{"@type":"ImageObject","inLanguage":"it-IT","@id":"https:\/\/ercartomattoshop.com\/#\/schema\/logo\/image\/","url":"https:\/\/ercartomattoshop.com\/wp-content\/uploads\/2024\/03\/cropped-cropped-ERCARTOMATTO-LOGOTRASPARENTE-1.png","contentUrl":"https:\/\/ercartomattoshop.com\/wp-content\/uploads\/2024\/03\/cropped-cropped-ERCARTOMATTO-LOGOTRASPARENTE-1.png","width":381,"height":354,"caption":"Er Cartomatto Shop"},"image":{"@id":"https:\/\/ercartomattoshop.com\/#\/schema\/logo\/image\/"}}]},"product_brand":"CARTOLERIA","og_availability":"out of stock","product_availability":"out of stock","product_condition":"new"},"jetpack_publicize_connections":[],"_links":{"self":[{"href":"https:\/\/ercartomattoshop.com\/index.php\/wp-json\/wp\/v2\/product\/1536","targetHints":{"allow":["GET"]}}],"collection":[{"href":"https:\/\/ercartomattoshop.com\/index.php\/wp-json\/wp\/v2\/product"}],"about":[{"href":"https:\/\/ercartomattoshop.com\/index.php\/wp-json\/wp\/v2\/types\/product"}],"wp:featuredmedia":[{"embeddable":true,"href":"https:\/\/ercartomattoshop.com\/index.php\/wp-json\/wp\/v2\/media\/1537"}],"wp:attachment":[{"href":"https:\/\/ercartomattoshop.com\/index.php\/wp-json\/wp\/v2\/media?parent=1536"}],"wp:term":[{"taxonomy":"product_brand","embeddable":true,"href":"https:\/\/ercartomattoshop.com\/index.php\/wp-json\/wp\/v2\/product_brand?post=1536"},{"taxonomy":"product_cat","embeddable":true,"href":"https:\/\/ercartomattoshop.com\/index.php\/wp-json\/wp\/v2\/product_cat?post=1536"},{"taxonomy":"product_tag","embeddable":true,"href":"https:\/\/ercartomattoshop.com\/index.php\/wp-json\/wp\/v2\/product_tag?post=1536"}],"curies":[{"name":"wp","href":"https:\/\/api.w.org\/{rel}","templated":true}]}}